{"id":18798,"date":"2023-05-24T13:42:53","date_gmt":"2023-05-24T13:42:53","guid":{"rendered":"https:\/\/espacetriathlon.com\/product\/kid-vitalis-squad-shorty-openwater\/"},"modified":"2024-07-12T11:48:56","modified_gmt":"2024-07-12T11:48:56","slug":"kid-vitalis-squad-shorty-openwater","status":"publish","type":"product","link":"https:\/\/espacetriathlon.com\/fr\/product\/kid-vitalis-squad-shorty-openwater\/","title":{"rendered":"Kid Vitalis Squad Shorty Openwater"},"content":{"rendered":"<p>Con\u00e7ue pour que les plus jeunes puissent nager et pratiquer diff\u00e9rents sports nautiques, la Vitalis Squad Shorty est une combinaison \u00e0 manches et jambes courtes. Les empi\u00e8cements orange Hi-Vis contribuent \u00e0 optimiser la visibilit\u00e9 en eau libre. En outre, le textile ext\u00e9rieur haute r\u00e9sistance, situ\u00e9 au niveau de la poitrine et des jambes, prolonge la dur\u00e9e de vie utile de la combinaison. Sa construction favorise la libert\u00e9 de mouvement et permet de l\u2019enfiler et de l\u2019enlever plus facilement.<\/p>\n","protected":false},"excerpt":{"rendered":"<p>Combinaison d\u2019eau libre pour eaux temp\u00e9r\u00e9es pour les plus petits<\/p>\n","protected":false},"featured_media":50086,"template":"","meta":[],"product_brand":[],"product_cat":[270],"product_tag":[],"class_list":{"0":"post-18798","1":"product","2":"type-product","3":"status-publish","4":"has-post-thumbnail","6":"product_cat-openwater-fr","7":"pa_brand-orca","8":"pa_kid-10-years-fr","9":"pa_kid-12-years-fr","10":"pa_kid-8-years-fr","12":"first","13":"instock","14":"shipping-taxable","15":"purchasable","16":"product-type-variable"},"_links":{"self":[{"href":"https:\/\/espacetriathlon.com\/fr\/wp-json\/wp\/v2\/product\/18798","targetHints":{"allow":["GET"]}}],"collection":[{"href":"https:\/\/espacetriathlon.com\/fr\/wp-json\/wp\/v2\/product"}],"about":[{"href":"https:\/\/espacetriathlon.com\/fr\/wp-json\/wp\/v2\/types\/product"}],"version-history":[{"count":3,"href":"https:\/\/espacetriathlon.com\/fr\/wp-json\/wp\/v2\/product\/18798\/revisions"}],"predecessor-version":[{"id":36363,"href":"https:\/\/espacetriathlon.com\/fr\/wp-json\/wp\/v2\/product\/18798\/revisions\/36363"}],"wp:featuredmedia":[{"embeddable":true,"href":"https:\/\/espacetriathlon.com\/fr\/wp-json\/wp\/v2\/media\/50086"}],"wp:attachment":[{"href":"https:\/\/espacetriathlon.com\/fr\/wp-json\/wp\/v2\/media?parent=18798"}],"wp:term":[{"taxonomy":"product_brand","embeddable":true,"href":"https:\/\/espacetriathlon.com\/fr\/wp-json\/wp\/v2\/product_brand?post=18798"},{"taxonomy":"product_cat","embeddable":true,"href":"https:\/\/espacetriathlon.com\/fr\/wp-json\/wp\/v2\/product_cat?post=18798"},{"taxonomy":"product_tag","embeddable":true,"href":"https:\/\/espacetriathlon.com\/fr\/wp-json\/wp\/v2\/product_tag?post=18798"}],"curies":[{"name":"wp","href":"https:\/\/api.w.org\/{rel}","templated":true}]}}