{"id":18850,"date":"2023-06-03T08:32:53","date_gmt":"2023-06-03T08:32:53","guid":{"rendered":"https:\/\/espacetriathlon.com\/product\/men-vitalis-shorty\/"},"modified":"2025-07-22T12:47:07","modified_gmt":"2025-07-22T12:47:07","slug":"men-vitalis-shorty","status":"publish","type":"product","link":"https:\/\/espacetriathlon.com\/fr\/product\/men-vitalis-shorty\/","title":{"rendered":"Men Vitalis shorty"},"content":{"rendered":"<p>La Vitalis Shorty est une combinaison \u00e0 manches et jambes courtes con\u00e7ue pour nager, et adapt\u00e9e \u00e0 d\u2019autres sports aquatiques. Les empi\u00e8cements orange Hi-Vis contribuent \u00e0 optimiser la visibilit\u00e9 en eau libre. Le textile ext\u00e9rieur haute r\u00e9sistance situ\u00e9 aux jambes am\u00e9liore la durabilit\u00e9 de la combinaison, tandis que sa construction offre une totale libert\u00e9 de mouvement et permet de l\u2019enfiler et de l\u2019enlever facilement.<\/p>\n","protected":false},"excerpt":{"rendered":"<p>Combinaison d\u2019eau libre pour eaux temp\u00e9r\u00e9es<\/p>\n","protected":false},"featured_media":50074,"template":"","meta":[],"product_brand":[],"product_cat":[270],"product_tag":[],"class_list":{"0":"post-18850","1":"product","2":"type-product","3":"status-publish","4":"has-post-thumbnail","6":"product_cat-openwater-fr","7":"pa_brand-orca","8":"pa_taille-orca-h-t6-167-175-cm-67-75-kg-fr","9":"pa_taille-orca-h-tmt-177-190-cm-68-76-kg","10":"pa_taille-orca-h-t7-173-185-cm-75-82-kg-fr","11":"pa_taille-orca-h-t8-180-188-cm-82-89-kg-fr","12":"pa_taille-orca-h-t9-185-193-cm-89-97-kg-fr","14":"first","15":"instock","16":"shipping-taxable","17":"purchasable","18":"product-type-variable"},"_links":{"self":[{"href":"https:\/\/espacetriathlon.com\/fr\/wp-json\/wp\/v2\/product\/18850","targetHints":{"allow":["GET"]}}],"collection":[{"href":"https:\/\/espacetriathlon.com\/fr\/wp-json\/wp\/v2\/product"}],"about":[{"href":"https:\/\/espacetriathlon.com\/fr\/wp-json\/wp\/v2\/types\/product"}],"version-history":[{"count":3,"href":"https:\/\/espacetriathlon.com\/fr\/wp-json\/wp\/v2\/product\/18850\/revisions"}],"predecessor-version":[{"id":36366,"href":"https:\/\/espacetriathlon.com\/fr\/wp-json\/wp\/v2\/product\/18850\/revisions\/36366"}],"wp:featuredmedia":[{"embeddable":true,"href":"https:\/\/espacetriathlon.com\/fr\/wp-json\/wp\/v2\/media\/50074"}],"wp:attachment":[{"href":"https:\/\/espacetriathlon.com\/fr\/wp-json\/wp\/v2\/media?parent=18850"}],"wp:term":[{"taxonomy":"product_brand","embeddable":true,"href":"https:\/\/espacetriathlon.com\/fr\/wp-json\/wp\/v2\/product_brand?post=18850"},{"taxonomy":"product_cat","embeddable":true,"href":"https:\/\/espacetriathlon.com\/fr\/wp-json\/wp\/v2\/product_cat?post=18850"},{"taxonomy":"product_tag","embeddable":true,"href":"https:\/\/espacetriathlon.com\/fr\/wp-json\/wp\/v2\/product_tag?post=18850"}],"curies":[{"name":"wp","href":"https:\/\/api.w.org\/{rel}","templated":true}]}}