{"id":18958,"date":"2023-06-07T14:07:50","date_gmt":"2023-06-07T14:07:50","guid":{"rendered":"https:\/\/espacetriathlon.com\/product\/openwater-zeal-perform\/"},"modified":"2025-02-16T17:10:43","modified_gmt":"2025-02-16T17:10:43","slug":"openwater-zeal-perform","status":"publish","type":"product","link":"https:\/\/espacetriathlon.com\/fr\/product\/openwater-zeal-perform\/","title":{"rendered":"Openwater Zeal Perform Men"},"content":{"rendered":"<p>Certification FINA : Premi\u00e8re combinaison certifi\u00e9e par la F\u00e9d\u00e9ration Internationale de Natation, elle est id\u00e9ale \u00e0 porter lors des comp\u00e9titions de natation en eau libre officielles de la FINA.<br \/>\nLibert\u00e9 maximale : Gr\u00e2ce \u00e0 l\u2019extensibilit\u00e9 maximale des technologies combin\u00e9es, telles que le Yamamoto 40+, vous b\u00e9n\u00e9ficierez d\u2019une libert\u00e9 de mouvement totale lors de vos sessions de natation en eau libre.<br \/>\nFlottabilit\u00e9 neutre : La r\u00e9partition des \u00e9paisseurs conf\u00e8re \u00e0 la combinaison une flottabilit\u00e9 neutre. Cela permet aux nageurs poss\u00e9dant une technique affin\u00e9e de maintenir une position naturelle dans l\u2019eau.<br \/>\nZ\u00e9ro interf\u00e9rence : Pens\u00e9e et con\u00e7ue pour les nageurs experts, cette combinaison pr\u00e9sente une extensibilit\u00e9 maximale et une flottabilit\u00e9 minimale pour ne g\u00e9n\u00e9rer aucune interf\u00e9rence avec la technique de natation de l\u2019utilisateur, et lui permettre d\u2019exploiter au maximum ses capacit\u00e9s dans l\u2019eau.<\/p>\n","protected":false},"excerpt":{"rendered":"<p>Openwater Zeal Perform, la combinaison de plong\u00e9e en eau libre pour les nageurs experts recherchant flexibilit\u00e9 \u00e9lev\u00e9e et faible flottabilit\u00e9, pour une position neutre.<\/p>\n","protected":false},"featured_media":50054,"template":"","meta":[],"product_brand":[],"product_cat":[270],"product_tag":[],"class_list":{"0":"post-18958","1":"product","2":"type-product","3":"status-publish","4":"has-post-thumbnail","6":"product_cat-openwater-fr","7":"pa_brand-orca","8":"pa_taille-orca-h-t5-162-172-cm-61-66-kg-fr","9":"pa_taille-orca-h-t6-167-175-cm-67-75-kg-fr","10":"pa_taille-orca-h-tmt-177-190-cm-68-76-kg","11":"pa_taille-orca-h-t7-173-185-cm-75-82-kg-fr","12":"pa_taille-orca-h-t8-180-188-cm-82-89-kg-fr","13":"pa_taille-orca-h-t9-185-193-cm-89-97-kg-fr","15":"first","16":"instock","17":"shipping-taxable","18":"purchasable","19":"product-type-variable"},"_links":{"self":[{"href":"https:\/\/espacetriathlon.com\/fr\/wp-json\/wp\/v2\/product\/18958","targetHints":{"allow":["GET"]}}],"collection":[{"href":"https:\/\/espacetriathlon.com\/fr\/wp-json\/wp\/v2\/product"}],"about":[{"href":"https:\/\/espacetriathlon.com\/fr\/wp-json\/wp\/v2\/types\/product"}],"version-history":[{"count":3,"href":"https:\/\/espacetriathlon.com\/fr\/wp-json\/wp\/v2\/product\/18958\/revisions"}],"predecessor-version":[{"id":36389,"href":"https:\/\/espacetriathlon.com\/fr\/wp-json\/wp\/v2\/product\/18958\/revisions\/36389"}],"wp:featuredmedia":[{"embeddable":true,"href":"https:\/\/espacetriathlon.com\/fr\/wp-json\/wp\/v2\/media\/50054"}],"wp:attachment":[{"href":"https:\/\/espacetriathlon.com\/fr\/wp-json\/wp\/v2\/media?parent=18958"}],"wp:term":[{"taxonomy":"product_brand","embeddable":true,"href":"https:\/\/espacetriathlon.com\/fr\/wp-json\/wp\/v2\/product_brand?post=18958"},{"taxonomy":"product_cat","embeddable":true,"href":"https:\/\/espacetriathlon.com\/fr\/wp-json\/wp\/v2\/product_cat?post=18958"},{"taxonomy":"product_tag","embeddable":true,"href":"https:\/\/espacetriathlon.com\/fr\/wp-json\/wp\/v2\/product_tag?post=18958"}],"curies":[{"name":"wp","href":"https:\/\/api.w.org\/{rel}","templated":true}]}}