{"id":1898,"date":"2020-11-10T14:39:55","date_gmt":"2020-11-10T14:39:55","guid":{"rendered":"https:\/\/espacetriathlon.com\/product\/snorkel\/"},"modified":"2025-11-18T16:15:31","modified_gmt":"2025-11-18T16:15:31","slug":"snorkel","status":"publish","type":"product","link":"https:\/\/espacetriathlon.com\/fr\/product\/snorkel\/","title":{"rendered":"Snorkel"},"content":{"rendered":"<p>Ce tuba frontal est l\u2019un des accessoires de base de l\u2019entra\u00eenement de natation. Vous b\u00e9n\u00e9ficiez d\u2019un ajustement parfait et pouvez ainsi vous concentrer sur l\u2019am\u00e9lioration de votre technique en respirant sous l\u2019eau de mani\u00e8re naturelle. Sa valve de purge permet d\u2019\u00e9vacuer l\u2019eau susceptible d\u2019entrer dans le tube pendant que vous nagez. Am\u00e9liorez ainsi votre technique et vos performances dans l\u2019eau.<\/p>\n","protected":false},"excerpt":{"rendered":"<p>Orca<\/p>\n<p>Ce tuba frontal est l\u2019un des accessoires de base de l\u2019entra\u00eenement de natation. Vous b\u00e9n\u00e9ficiez d\u2019un ajustement parfait et pouvez ainsi vous concentrer sur l\u2019am\u00e9lioration de votre technique en respirant sous l\u2019eau de mani\u00e8re naturelle. Sa valve de purge permet d\u2019\u00e9vacuer l\u2019eau susceptible d\u2019entrer dans le tube pendant que vous nagez. Am\u00e9liorez ainsi votre technique et vos performances dans l\u2019eau.<\/p>\n","protected":false},"featured_media":49301,"template":"","meta":[],"product_brand":[],"product_cat":[288],"product_tag":[],"class_list":{"0":"post-1898","1":"product","2":"type-product","3":"status-publish","4":"has-post-thumbnail","6":"product_cat-snorkels-fr","7":"pa_brand-orca","8":"pa_color_n-black-2","9":"pa_color_n-orange-3","11":"first","12":"instock","13":"shipping-taxable","14":"purchasable","15":"product-type-variable"},"_links":{"self":[{"href":"https:\/\/espacetriathlon.com\/fr\/wp-json\/wp\/v2\/product\/1898","targetHints":{"allow":["GET"]}}],"collection":[{"href":"https:\/\/espacetriathlon.com\/fr\/wp-json\/wp\/v2\/product"}],"about":[{"href":"https:\/\/espacetriathlon.com\/fr\/wp-json\/wp\/v2\/types\/product"}],"version-history":[{"count":3,"href":"https:\/\/espacetriathlon.com\/fr\/wp-json\/wp\/v2\/product\/1898\/revisions"}],"predecessor-version":[{"id":36767,"href":"https:\/\/espacetriathlon.com\/fr\/wp-json\/wp\/v2\/product\/1898\/revisions\/36767"}],"wp:featuredmedia":[{"embeddable":true,"href":"https:\/\/espacetriathlon.com\/fr\/wp-json\/wp\/v2\/media\/49301"}],"wp:attachment":[{"href":"https:\/\/espacetriathlon.com\/fr\/wp-json\/wp\/v2\/media?parent=1898"}],"wp:term":[{"taxonomy":"product_brand","embeddable":true,"href":"https:\/\/espacetriathlon.com\/fr\/wp-json\/wp\/v2\/product_brand?post=1898"},{"taxonomy":"product_cat","embeddable":true,"href":"https:\/\/espacetriathlon.com\/fr\/wp-json\/wp\/v2\/product_cat?post=1898"},{"taxonomy":"product_tag","embeddable":true,"href":"https:\/\/espacetriathlon.com\/fr\/wp-json\/wp\/v2\/product_tag?post=1898"}],"curies":[{"name":"wp","href":"https:\/\/api.w.org\/{rel}","templated":true}]}}