{"id":18994,"date":"2023-06-07T14:59:44","date_gmt":"2023-06-07T14:59:44","guid":{"rendered":"https:\/\/espacetriathlon.com\/product\/openwater-zeal-high-visibility-women\/"},"modified":"2024-07-12T12:05:11","modified_gmt":"2024-07-12T12:05:11","slug":"openwater-zeal-high-visibility-women","status":"publish","type":"product","link":"https:\/\/espacetriathlon.com\/fr\/product\/openwater-zeal-high-visibility-women\/","title":{"rendered":"Openwater Zeal High Visibility Women"},"content":{"rendered":"<section class=\"elementor-section elementor-top-section elementor-element elementor-element-393a036d elementor-section-boxed elementor-section-height-default elementor-section-height-default\" data-id=\"393a036d\" data-element_type=\"section\" data-settings=\"{&quot;background_background&quot;:&quot;classic&quot;}\">\n<div class=\"elementor-container elementor-column-gap-default\">\n<div class=\"elementor-column elementor-col-100 elementor-top-column elementor-element elementor-element-7804322b\" data-id=\"7804322b\" data-element_type=\"column\">\n<div class=\"elementor-widget-wrap elementor-element-populated\">\n<div id=\"data-tab\" class=\"elementor-element elementor-element-0fd7f7c elementor-widget elementor-widget-woocommerce-product-data-tabs\" data-id=\"0fd7f7c\" data-element_type=\"widget\" data-widget_type=\"woocommerce-product-data-tabs.default\">\n<div class=\"elementor-widget-container\">\n<div class=\"woocommerce-tabs wc-tabs-wrapper\">\n<div id=\"tab-description\" class=\"woocommerce-Tabs-panel woocommerce-Tabs-panel--description panel entry-content wc-tab\" role=\"tabpanel\" aria-labelledby=\"tab-title-description\">\n<p>La Zeal Hi-Vis associe visibilit\u00e9, flottabilit\u00e9 et extensibilit\u00e9, ce qui en fait une combinaison id\u00e9ale pour affronter les conditions les plus difficiles en eau libre. Elle pr\u00e9sente une plus grande surface de couleur orange haute visibilit\u00e9 sur les bras, les jambes et le dos pour plus de s\u00e9curit\u00e9. La flottabilit\u00e9 g\u00e9n\u00e9r\u00e9e gr\u00e2ce \u00e0 la technologie Aerodome 2 procure au nageur un sentiment de s\u00e9curit\u00e9 lors de ses aventures en eau libre. Afin d\u2019augmenter le niveau d\u2019isolation thermique et d\u2019am\u00e9liorer l\u2019\u00e9tanch\u00e9it\u00e9 de la combinaison, celle-ci int\u00e8gre une seconde couche de n\u00e9opr\u00e8ne \u00ab batwing \u00bb, qui emp\u00eache l\u2019eau de s\u2019infiltrer au niveau de la fermeture \u00e9clair et du cou<\/p>\n<\/div>\n<\/div>\n<\/div>\n<\/div>\n<\/div>\n<\/div>\n<\/div>\n<\/section>\n<section class=\"elementor-section elementor-top-section elementor-element elementor-element-6a7b281 elementor-section-boxed elementor-section-height-default elementor-section-height-default\" data-id=\"6a7b281\" data-element_type=\"section\" data-settings=\"{&quot;background_background&quot;:&quot;classic&quot;}\">\n<div class=\"elementor-container elementor-column-gap-default\">\n<div class=\"elementor-column elementor-col-100 elementor-top-column elementor-element elementor-element-e9c128f\" data-id=\"e9c128f\" data-element_type=\"column\" data-settings=\"{&quot;background_background&quot;:&quot;classic&quot;}\">\n<div class=\"elementor-widget-wrap elementor-element-populated\">\n<div class=\"elementor-element elementor-element-41e4958 elementor-widget elementor-widget-heading\" data-id=\"41e4958\" data-element_type=\"widget\" data-widget_type=\"heading.default\">\n<div class=\"elementor-widget-container\"><\/div>\n<\/div>\n<\/div>\n<\/div>\n<\/div>\n<\/section>\n","protected":false},"excerpt":{"rendered":"<p>Combinaison d\u2019eau libre pour nager en toute confiance<\/p>\n","protected":false},"featured_media":50041,"template":"","meta":[],"product_brand":[],"product_cat":[270],"product_tag":[],"class_list":{"0":"post-18994","1":"product","2":"type-product","3":"status-publish","4":"has-post-thumbnail","6":"product_cat-openwater-fr","7":"pa_brand-orca","8":"pa_taille-orca-f-xs-144-160cm-46-53kg-fr","9":"pa_taille-orca-f-s-157-167cm-54-61kg-fr","10":"pa_taille-orca-f-m-165-177cm-60-67kg-fr","11":"pa_taille-orca-f-l-170-185cm-66-74kg-fr","13":"first","14":"instock","15":"sale","16":"shipping-taxable","17":"purchasable","18":"product-type-variable"},"_links":{"self":[{"href":"https:\/\/espacetriathlon.com\/fr\/wp-json\/wp\/v2\/product\/18994","targetHints":{"allow":["GET"]}}],"collection":[{"href":"https:\/\/espacetriathlon.com\/fr\/wp-json\/wp\/v2\/product"}],"about":[{"href":"https:\/\/espacetriathlon.com\/fr\/wp-json\/wp\/v2\/types\/product"}],"version-history":[{"count":3,"href":"https:\/\/espacetriathlon.com\/fr\/wp-json\/wp\/v2\/product\/18994\/revisions"}],"predecessor-version":[{"id":36391,"href":"https:\/\/espacetriathlon.com\/fr\/wp-json\/wp\/v2\/product\/18994\/revisions\/36391"}],"wp:featuredmedia":[{"embeddable":true,"href":"https:\/\/espacetriathlon.com\/fr\/wp-json\/wp\/v2\/media\/50041"}],"wp:attachment":[{"href":"https:\/\/espacetriathlon.com\/fr\/wp-json\/wp\/v2\/media?parent=18994"}],"wp:term":[{"taxonomy":"product_brand","embeddable":true,"href":"https:\/\/espacetriathlon.com\/fr\/wp-json\/wp\/v2\/product_brand?post=18994"},{"taxonomy":"product_cat","embeddable":true,"href":"https:\/\/espacetriathlon.com\/fr\/wp-json\/wp\/v2\/product_cat?post=18994"},{"taxonomy":"product_tag","embeddable":true,"href":"https:\/\/espacetriathlon.com\/fr\/wp-json\/wp\/v2\/product_tag?post=18994"}],"curies":[{"name":"wp","href":"https:\/\/api.w.org\/{rel}","templated":true}]}}