{"id":19163,"date":"2023-06-24T08:37:33","date_gmt":"2023-06-24T08:37:33","guid":{"rendered":"https:\/\/espacetriathlon.com\/?post_type=product&#038;p=19163"},"modified":"2025-12-21T12:59:53","modified_gmt":"2025-12-21T12:59:53","slug":"men-apex-dream-kona-race-suit-black-white","status":"publish","type":"product","link":"https:\/\/espacetriathlon.com\/fr\/product\/men-apex-dream-kona-race-suit-black-white\/","title":{"rendered":"Men Apex Dream Kona Race Suit Black White"},"content":{"rendered":"<p>Performances maximales<br \/>\nSon textile l\u00e9ger et flexible r\u00e9duit la friction dans l\u2019eau et am\u00e9liore l\u2019a\u00e9rodynamique sur le v\u00e9lo, vous faisant gagner en vitesse sur les deux \u00e9preuves.<\/p>\n<p>Friction minimale<br \/>\nLa texture tridimensionnelle du mat\u00e9riau a \u00e9t\u00e9 optimis\u00e9e en soufflerie pour retarder le d\u00e9collement de la couche limite, r\u00e9duisant le coefficient de r\u00e9sistance du cycliste.<\/p>\n<p>Meilleure \u00e9lasticit\u00e9<br \/>\nLa partie sup\u00e9rieure vous apportera l\u2019\u00e9lasticit\u00e9 n\u00e9cessaire pour pouvoir gagner quelques secondes sur la transition.<\/p>\n<p>Respirabilit\u00e9<br \/>\nLa texture tridimensionnelle des manches et du dos, associ\u00e9e aux empi\u00e8cements en maille lat\u00e9raux, permettra une respirabilit\u00e9 am\u00e9lior\u00e9e l\u00e0 o\u00f9 vous en aurez le plus besoin.<\/p>\n<p>Confort<br \/>\nLe textile l\u00e9ger est compos\u00e9 d\u2019un fil qui r\u00e9duit la temp\u00e9rature corporelle et d\u2019un autre fil d\u2019argent aux propri\u00e9t\u00e9s anti-microbact\u00e9riennes, pour une fraicheur et un confort durables.<\/p>\n","protected":false},"excerpt":{"rendered":"<p>D\u00e9velopp\u00e9e avec les meilleurs athl\u00e8tes du monde, la Dream Kona prend en compte tous les d\u00e9tails des trois disciplines pour offrir les meilleures performances possibles : flexibilit\u00e9 maximale et hydrodynamique dans l\u2019eau, un grand avantage a\u00e9rodynamique sur le v\u00e9lo et en course \u00e0 pied, avec des mat\u00e9riaux techniques qui r\u00e9duisent la r\u00e9sistance \u00e0 la progression.<\/p>\n","protected":false},"featured_media":50020,"template":"","meta":[],"product_brand":[],"product_cat":[1703],"product_tag":[],"class_list":{"0":"post-19163","1":"product","2":"type-product","3":"status-publish","4":"has-post-thumbnail","6":"product_cat-gear-fr","7":"pa_brand-orca","8":"pa_size-s-fr","9":"pa_size-m-fr","10":"pa_size-l-fr","11":"pa_size-xl-fr","13":"first","14":"instock","15":"shipping-taxable","16":"purchasable","17":"product-type-variable"},"_links":{"self":[{"href":"https:\/\/espacetriathlon.com\/fr\/wp-json\/wp\/v2\/product\/19163","targetHints":{"allow":["GET"]}}],"collection":[{"href":"https:\/\/espacetriathlon.com\/fr\/wp-json\/wp\/v2\/product"}],"about":[{"href":"https:\/\/espacetriathlon.com\/fr\/wp-json\/wp\/v2\/types\/product"}],"version-history":[{"count":6,"href":"https:\/\/espacetriathlon.com\/fr\/wp-json\/wp\/v2\/product\/19163\/revisions"}],"predecessor-version":[{"id":36404,"href":"https:\/\/espacetriathlon.com\/fr\/wp-json\/wp\/v2\/product\/19163\/revisions\/36404"}],"wp:featuredmedia":[{"embeddable":true,"href":"https:\/\/espacetriathlon.com\/fr\/wp-json\/wp\/v2\/media\/50020"}],"wp:attachment":[{"href":"https:\/\/espacetriathlon.com\/fr\/wp-json\/wp\/v2\/media?parent=19163"}],"wp:term":[{"taxonomy":"product_brand","embeddable":true,"href":"https:\/\/espacetriathlon.com\/fr\/wp-json\/wp\/v2\/product_brand?post=19163"},{"taxonomy":"product_cat","embeddable":true,"href":"https:\/\/espacetriathlon.com\/fr\/wp-json\/wp\/v2\/product_cat?post=19163"},{"taxonomy":"product_tag","embeddable":true,"href":"https:\/\/espacetriathlon.com\/fr\/wp-json\/wp\/v2\/product_tag?post=19163"}],"curies":[{"name":"wp","href":"https:\/\/api.w.org\/{rel}","templated":true}]}}