{"id":19298,"date":"2023-06-24T12:08:02","date_gmt":"2023-06-24T12:08:02","guid":{"rendered":"https:\/\/espacetriathlon.com\/product\/athlex-swimskin\/"},"modified":"2025-06-30T15:33:34","modified_gmt":"2025-06-30T15:33:34","slug":"athlex-swimskin","status":"publish","type":"product","link":"https:\/\/espacetriathlon.com\/fr\/product\/athlex-swimskin\/","title":{"rendered":"Athlex Swimskin Men"},"content":{"rendered":"<p>R\u00e9duction de la fatigue musculaire<br \/>\nSon textile compressif agit comme support pour les muscles, am\u00e9liorant les performances et retardant l\u2019apparition de la fatigue.<br \/>\nConfort<br \/>\nL\u2019ajustement Confort fit vous apporte le confort et l\u2019\u00e9lasticit\u00e9 n\u00e9cessaires pour nager en toute libert\u00e9.<br \/>\nHydrophobie<br \/>\nCon\u00e7ue avec un textile hydrophobe, la Swimskin emp\u00eachera l\u2019eau d\u2019adh\u00e9rer, pour plus de l\u00e9g\u00e8ret\u00e9 pendant la course.<\/p>\n<p>*S\u2019agissant d\u2019un v\u00eatement tr\u00e8s compressif, en cas de doute, toujours choisir une taille au-dessus.<\/p>\n","protected":false},"excerpt":{"rendered":"<p>L\u2019Athlex Swimskin est le compl\u00e9ment id\u00e9al pour les courses o\u00f9 le port de la combinaison n\u2019est pas autoris\u00e9. Confectionn\u00e9e \u00e0 partir du textile HydroSkin, elle am\u00e9liore les performances hydrodynamiques gr\u00e2ce \u00e0 ses propri\u00e9t\u00e9s hautement hydrophobes, et fournit la compression n\u00e9cessaire pour emp\u00eacher l\u2019eau de circuler entre le textile et la peau.<\/p>\n","protected":false},"featured_media":49992,"template":"","meta":[],"product_brand":[],"product_cat":[1703],"product_tag":[],"class_list":{"0":"post-19298","1":"product","2":"type-product","3":"status-publish","4":"has-post-thumbnail","6":"product_cat-gear-fr","7":"pa_brand-orca","8":"pa_size-s-fr","9":"pa_size-m-fr","10":"pa_size-l-fr","11":"pa_size-xl-fr","13":"first","14":"instock","15":"shipping-taxable","16":"purchasable","17":"product-type-variable"},"_links":{"self":[{"href":"https:\/\/espacetriathlon.com\/fr\/wp-json\/wp\/v2\/product\/19298","targetHints":{"allow":["GET"]}}],"collection":[{"href":"https:\/\/espacetriathlon.com\/fr\/wp-json\/wp\/v2\/product"}],"about":[{"href":"https:\/\/espacetriathlon.com\/fr\/wp-json\/wp\/v2\/types\/product"}],"version-history":[{"count":8,"href":"https:\/\/espacetriathlon.com\/fr\/wp-json\/wp\/v2\/product\/19298\/revisions"}],"predecessor-version":[{"id":38296,"href":"https:\/\/espacetriathlon.com\/fr\/wp-json\/wp\/v2\/product\/19298\/revisions\/38296"}],"wp:featuredmedia":[{"embeddable":true,"href":"https:\/\/espacetriathlon.com\/fr\/wp-json\/wp\/v2\/media\/49992"}],"wp:attachment":[{"href":"https:\/\/espacetriathlon.com\/fr\/wp-json\/wp\/v2\/media?parent=19298"}],"wp:term":[{"taxonomy":"product_brand","embeddable":true,"href":"https:\/\/espacetriathlon.com\/fr\/wp-json\/wp\/v2\/product_brand?post=19298"},{"taxonomy":"product_cat","embeddable":true,"href":"https:\/\/espacetriathlon.com\/fr\/wp-json\/wp\/v2\/product_cat?post=19298"},{"taxonomy":"product_tag","embeddable":true,"href":"https:\/\/espacetriathlon.com\/fr\/wp-json\/wp\/v2\/product_tag?post=19298"}],"curies":[{"name":"wp","href":"https:\/\/api.w.org\/{rel}","templated":true}]}}