{"id":19322,"date":"2023-06-24T14:15:33","date_gmt":"2023-06-24T14:15:33","guid":{"rendered":"https:\/\/espacetriathlon.com\/?post_type=product&#038;p=19322"},"modified":"2025-05-23T15:10:14","modified_gmt":"2025-05-23T15:10:14","slug":"mantra-women-1mm","status":"publish","type":"product","link":"https:\/\/espacetriathlon.com\/fr\/product\/mantra-women-1mm\/","title":{"rendered":"Mantra Women"},"content":{"rendered":"","protected":false},"excerpt":{"rendered":"<p>Orca Mantra est une combinaison confectionn\u00e9e \u00e0 partir de mat\u00e9riaux de haute qualit\u00e9 qui offrent une durabilit\u00e9 accrue sans compromettre la performance. Les mat\u00e9riaux hautement extensibles de cette combinaison permettent un ajustement parfait et invitent \u00e0 plonger sans aucune restriction.<\/p>\n","protected":false},"featured_media":49988,"template":"","meta":[],"product_brand":[],"product_cat":[985],"product_tag":[],"class_list":{"0":"post-19322","1":"product","2":"type-product","3":"status-publish","4":"has-post-thumbnail","6":"product_cat-apnee","7":"pa_brand-orca","8":"pa_taille-orca-f-s-157-167cm-54-61kg-fr","9":"pa_taille-orca-f-m-165-177cm-60-67kg-fr","10":"pa_taille-orca-f-l-170-185cm-66-74kg-fr","12":"first","13":"instock","14":"sale","15":"shipping-taxable","16":"purchasable","17":"product-type-variable"},"_links":{"self":[{"href":"https:\/\/espacetriathlon.com\/fr\/wp-json\/wp\/v2\/product\/19322","targetHints":{"allow":["GET"]}}],"collection":[{"href":"https:\/\/espacetriathlon.com\/fr\/wp-json\/wp\/v2\/product"}],"about":[{"href":"https:\/\/espacetriathlon.com\/fr\/wp-json\/wp\/v2\/types\/product"}],"version-history":[{"count":4,"href":"https:\/\/espacetriathlon.com\/fr\/wp-json\/wp\/v2\/product\/19322\/revisions"}],"predecessor-version":[{"id":44172,"href":"https:\/\/espacetriathlon.com\/fr\/wp-json\/wp\/v2\/product\/19322\/revisions\/44172"}],"wp:featuredmedia":[{"embeddable":true,"href":"https:\/\/espacetriathlon.com\/fr\/wp-json\/wp\/v2\/media\/49988"}],"wp:attachment":[{"href":"https:\/\/espacetriathlon.com\/fr\/wp-json\/wp\/v2\/media?parent=19322"}],"wp:term":[{"taxonomy":"product_brand","embeddable":true,"href":"https:\/\/espacetriathlon.com\/fr\/wp-json\/wp\/v2\/product_brand?post=19322"},{"taxonomy":"product_cat","embeddable":true,"href":"https:\/\/espacetriathlon.com\/fr\/wp-json\/wp\/v2\/product_cat?post=19322"},{"taxonomy":"product_tag","embeddable":true,"href":"https:\/\/espacetriathlon.com\/fr\/wp-json\/wp\/v2\/product_tag?post=19322"}],"curies":[{"name":"wp","href":"https:\/\/api.w.org\/{rel}","templated":true}]}}