{"id":1941,"date":"2020-11-10T16:42:52","date_gmt":"2020-11-10T16:42:52","guid":{"rendered":"https:\/\/espacetriathlon.com\/product\/tech-paddle\/"},"modified":"2024-07-15T09:27:50","modified_gmt":"2024-07-15T09:27:50","slug":"tech-paddle","status":"publish","type":"product","link":"https:\/\/espacetriathlon.com\/fr\/product\/tech-paddle\/","title":{"rendered":"Tech Paddle"},"content":{"rendered":"<p>La Tech Paddle peut servir pour am\u00e9liorer les performances de toutes les nages et existe en 3 tailles.<\/p>\n<ul>\n<li>L\u00e9ger et durable<\/li>\n<li>Permet d\u2019enseigner les mouvements corrects<\/li>\n<li>Am\u00e9liore la technique et l\u2019efficacit\u00e9 de la nage<\/li>\n<li>Bande multi-position, option pour un seul doigt et option 3 points<\/li>\n<li>Pour tous les niveaux, du d\u00e9butant \u00e0 l\u2019\u00e9lite<\/li>\n<li>Exclusif \u00e0 Speedo<\/li>\n<\/ul>\n<p>La Tech Paddle de Speedo r\u00e9sulte d\u2019\u00e9tudes hydrodynamiques et d\u2019une recherche en piscine.<\/p>\n<p>La forme unique de la Tech Paddle accentue le m\u00e9canisme naturel du bras tout en perfectionnant une meilleure technique du mouvement et en accroissant la puissance et l\u2019amplitude des mouvements du nageur.<\/p>\n<p>La Tech Paddle de Speedo favorise une bonne technique de nage en raison de la dynamique naturelle de l\u2019eau qui passe sur le profil incurv\u00e9. L\u2019apprentissage de (\u2018entr\u00e9e, de la saisie et de la sortie se fait par le passage de la main dans l\u2019eau.<\/p>\n<p>Les athl\u00e8tes de haut niveau peuvent choisir plusieurs tailles afin d\u2019isoler diff\u00e9rents groupes musculaires et les sp\u00e9cialistes du triathlon ou les amateurs peuvent am\u00e9liorer leurs nages principales.<\/p>\n","protected":false},"excerpt":{"rendered":"<p>Speedo<\/p>\n<p>La Tech Paddle peut servir pour am\u00e9liorer les performances de toutes les nages et existe en 3 tailles.<\/p>\n","protected":false},"featured_media":55924,"template":"","meta":[],"product_brand":[],"product_cat":[285],"product_tag":[],"class_list":{"0":"post-1941","1":"product","2":"type-product","3":"status-publish","4":"has-post-thumbnail","6":"product_cat-paddles-fr","7":"pa_brand-speedo","8":"pa_size-s-fr","9":"pa_size-m-fr","10":"pa_size-l-fr","12":"first","13":"instock","14":"featured","15":"shipping-taxable","16":"purchasable","17":"product-type-variable","18":"has-default-attributes"},"_links":{"self":[{"href":"https:\/\/espacetriathlon.com\/fr\/wp-json\/wp\/v2\/product\/1941","targetHints":{"allow":["GET"]}}],"collection":[{"href":"https:\/\/espacetriathlon.com\/fr\/wp-json\/wp\/v2\/product"}],"about":[{"href":"https:\/\/espacetriathlon.com\/fr\/wp-json\/wp\/v2\/types\/product"}],"version-history":[{"count":3,"href":"https:\/\/espacetriathlon.com\/fr\/wp-json\/wp\/v2\/product\/1941\/revisions"}],"predecessor-version":[{"id":36758,"href":"https:\/\/espacetriathlon.com\/fr\/wp-json\/wp\/v2\/product\/1941\/revisions\/36758"}],"wp:featuredmedia":[{"embeddable":true,"href":"https:\/\/espacetriathlon.com\/fr\/wp-json\/wp\/v2\/media\/55924"}],"wp:attachment":[{"href":"https:\/\/espacetriathlon.com\/fr\/wp-json\/wp\/v2\/media?parent=1941"}],"wp:term":[{"taxonomy":"product_brand","embeddable":true,"href":"https:\/\/espacetriathlon.com\/fr\/wp-json\/wp\/v2\/product_brand?post=1941"},{"taxonomy":"product_cat","embeddable":true,"href":"https:\/\/espacetriathlon.com\/fr\/wp-json\/wp\/v2\/product_cat?post=1941"},{"taxonomy":"product_tag","embeddable":true,"href":"https:\/\/espacetriathlon.com\/fr\/wp-json\/wp\/v2\/product_tag?post=1941"}],"curies":[{"name":"wp","href":"https:\/\/api.w.org\/{rel}","templated":true}]}}