{"id":1962,"date":"2020-11-11T09:00:43","date_gmt":"2020-11-11T09:00:43","guid":{"rendered":"https:\/\/espacetriathlon.com\/product\/mesh-bag\/"},"modified":"2024-07-15T09:25:17","modified_gmt":"2024-07-15T09:25:17","slug":"mesh-bag","status":"publish","type":"product","link":"https:\/\/espacetriathlon.com\/fr\/product\/mesh-bag\/","title":{"rendered":"MESH BAG"},"content":{"rendered":"<p>Ce sac en maille est pratique pour transporter tout ce qu\u2019il vous faut pour nager et sa poche arri\u00e8re \u00e9tanche zipp\u00e9e prot\u00e8ge tous vos objets de valeur. Ce sac polyvalent, avec une fermeture \u00e0 cordon, une base et un panneau arri\u00e8re \u00e9tanches isole votre dos de l\u2019eau, alors que trois trous de drainage \u00e9vacuent l\u2019eau par la partie inf\u00e9rieure. Dimensions\u00a0: 42 x 56\u00a0cm.<\/p>\n","protected":false},"excerpt":{"rendered":"<p>Ce sac en maille est pratique pour transporter tout ce qu\u2019il vous faut pour nager et sa poche arri\u00e8re \u00e9tanche zipp\u00e9e prot\u00e8ge tous vos objets de valeur. Ce sac polyvalent, avec une fermeture \u00e0 cordon, une base et un panneau arri\u00e8re \u00e9tanches isole votre dos de l\u2019eau, alors que trois trous de drainage \u00e9vacuent l\u2019eau par la partie inf\u00e9rieure. Dimensions\u00a0: 42 x 56\u00a0cm.<\/p>\n","protected":false},"featured_media":49310,"template":"","meta":[],"product_brand":[],"product_cat":[325],"product_tag":[],"class_list":{"0":"post-1962","1":"product","2":"type-product","3":"status-publish","4":"has-post-thumbnail","6":"product_cat-sacs-sportifs","7":"product_shipping_class-petitarticle-fr","8":"pa_brand-orca","10":"first","11":"instock","12":"shipping-taxable","13":"purchasable","14":"product-type-simple"},"_links":{"self":[{"href":"https:\/\/espacetriathlon.com\/fr\/wp-json\/wp\/v2\/product\/1962","targetHints":{"allow":["GET"]}}],"collection":[{"href":"https:\/\/espacetriathlon.com\/fr\/wp-json\/wp\/v2\/product"}],"about":[{"href":"https:\/\/espacetriathlon.com\/fr\/wp-json\/wp\/v2\/types\/product"}],"version-history":[{"count":3,"href":"https:\/\/espacetriathlon.com\/fr\/wp-json\/wp\/v2\/product\/1962\/revisions"}],"predecessor-version":[{"id":36748,"href":"https:\/\/espacetriathlon.com\/fr\/wp-json\/wp\/v2\/product\/1962\/revisions\/36748"}],"wp:featuredmedia":[{"embeddable":true,"href":"https:\/\/espacetriathlon.com\/fr\/wp-json\/wp\/v2\/media\/49310"}],"wp:attachment":[{"href":"https:\/\/espacetriathlon.com\/fr\/wp-json\/wp\/v2\/media?parent=1962"}],"wp:term":[{"taxonomy":"product_brand","embeddable":true,"href":"https:\/\/espacetriathlon.com\/fr\/wp-json\/wp\/v2\/product_brand?post=1962"},{"taxonomy":"product_cat","embeddable":true,"href":"https:\/\/espacetriathlon.com\/fr\/wp-json\/wp\/v2\/product_cat?post=1962"},{"taxonomy":"product_tag","embeddable":true,"href":"https:\/\/espacetriathlon.com\/fr\/wp-json\/wp\/v2\/product_tag?post=1962"}],"curies":[{"name":"wp","href":"https:\/\/api.w.org\/{rel}","templated":true}]}}