{"id":20312,"date":"2023-08-14T12:27:19","date_gmt":"2023-08-14T12:27:19","guid":{"rendered":"https:\/\/espacetriathlon.com\/product\/stability-snorkel\/"},"modified":"2024-07-11T11:55:07","modified_gmt":"2024-07-11T11:55:07","slug":"stability-snorkel","status":"publish","type":"product","link":"https:\/\/espacetriathlon.com\/fr\/product\/stability-snorkel\/","title":{"rendered":"Stability Snorkel"},"content":{"rendered":"<div id=\"product-details-features\" class=\"product-details-information-tab-content-container tb-container-col collapse in\" data-type=\"information-content-text\">\n<div class=\"product-details-information-tab-content-container-main\">\n<div class=\"fab-left\">\n<div class=\"col-sm-12\">\n<ul>\n<li><b>NO HEAD BRACKET:<\/b> Simplified design is comfortable and stable<\/li>\n<li><b>ADJUSTABLE MOUTHPIECE:<\/b> Five adjustable positions for a customized fit<\/li>\n<li><b>SIMPLE TO ADJUST:<\/b> Head strap design similar to a goggle strap<\/li>\n<li><b>SILICONE MOUTHPIECE:<\/b> Rotates away from the mouth when not in use<\/li>\n<li><b>DYNAMIC SHAPE:<\/b> Makes it easy to clear the tube of water<\/li>\n<\/ul>\n<\/div>\n<\/div>\n<\/div>\n<\/div>\n","protected":false},"excerpt":{"rendered":"<p>Con\u00e7u pour \u00eatre utilis\u00e9 par tous les nageurs. En retirant le support de t\u00eate et en ajoutant un point de repos rembourr\u00e9 \u00e0 sa place, les nageurs peuvent s\u2019entra\u00eener avec ce tuba pendant de plus longues p\u00e9riodes de temps sans inconfort. En nageant avec un tuba, il n\u2019est pas n\u00e9cessaire de tourner la t\u00eate pour respirer, ce qui permet aux nageurs de se concentrer sur la technique et la position du corps.<\/p>\n","protected":false},"featured_media":49728,"template":"","meta":[],"product_brand":[],"product_cat":[288],"product_tag":[],"class_list":{"0":"post-20312","1":"product","2":"type-product","3":"status-publish","4":"has-post-thumbnail","6":"product_cat-snorkels-fr","7":"pa_brand-finis","8":"pa_color_n-black-2","9":"pa_color_n-glacier","10":"pa_color_n-navy-fr","11":"pa_color_n-orchid","12":"pa_color_n-sage-fr","14":"first","15":"instock","16":"shipping-taxable","17":"purchasable","18":"product-type-variable"},"_links":{"self":[{"href":"https:\/\/espacetriathlon.com\/fr\/wp-json\/wp\/v2\/product\/20312","targetHints":{"allow":["GET"]}}],"collection":[{"href":"https:\/\/espacetriathlon.com\/fr\/wp-json\/wp\/v2\/product"}],"about":[{"href":"https:\/\/espacetriathlon.com\/fr\/wp-json\/wp\/v2\/types\/product"}],"version-history":[{"count":3,"href":"https:\/\/espacetriathlon.com\/fr\/wp-json\/wp\/v2\/product\/20312\/revisions"}],"predecessor-version":[{"id":35870,"href":"https:\/\/espacetriathlon.com\/fr\/wp-json\/wp\/v2\/product\/20312\/revisions\/35870"}],"wp:featuredmedia":[{"embeddable":true,"href":"https:\/\/espacetriathlon.com\/fr\/wp-json\/wp\/v2\/media\/49728"}],"wp:attachment":[{"href":"https:\/\/espacetriathlon.com\/fr\/wp-json\/wp\/v2\/media?parent=20312"}],"wp:term":[{"taxonomy":"product_brand","embeddable":true,"href":"https:\/\/espacetriathlon.com\/fr\/wp-json\/wp\/v2\/product_brand?post=20312"},{"taxonomy":"product_cat","embeddable":true,"href":"https:\/\/espacetriathlon.com\/fr\/wp-json\/wp\/v2\/product_cat?post=20312"},{"taxonomy":"product_tag","embeddable":true,"href":"https:\/\/espacetriathlon.com\/fr\/wp-json\/wp\/v2\/product_tag?post=20312"}],"curies":[{"name":"wp","href":"https:\/\/api.w.org\/{rel}","templated":true}]}}