{"id":21084,"date":"2023-10-09T18:21:01","date_gmt":"2023-10-09T18:21:01","guid":{"rendered":"https:\/\/espacetriathlon.com\/product\/futura-biofuse-flexiseal-tri\/"},"modified":"2026-03-15T11:24:48","modified_gmt":"2026-03-15T11:24:48","slug":"futura-biofuse-flexiseal-tri","status":"publish","type":"product","link":"https:\/\/espacetriathlon.com\/fr\/product\/futura-biofuse-flexiseal-tri\/","title":{"rendered":"Futura Biofuse Flexiseal Tri"},"content":{"rendered":"<p>Bleues<br \/>\nVerres fum\u00e9s<\/p>\n","protected":false},"excerpt":{"rendered":"<p>Les lunettes de triathlon Flexiseal Futura Biofuse offrent le summum du confort des lunettes Speedo.<\/p>\n<p>Son nouveau joint flexible ultra doux offre une plus grande flexibilit\u00e9 par rapport aux lunettes Biofuse pr\u00e9c\u00e9dentes pour un ajustement encore plus doux et rembourr\u00e9 autour de l\u2019\u0153il.<\/p>\n<p>Con\u00e7u avec des mat\u00e9riaux de type gel super doux et la technologie Speedo Biofuse\u00ae, ce masque fait de votre confort une priorit\u00e9 absolue.<\/p>\n<p>Les verres polaris\u00e9s rendent ces lunettes id\u00e9ales pour la natation en eau libre et les triathlons.<\/p>\n","protected":false},"featured_media":21079,"template":"","meta":[],"product_brand":[],"product_cat":[2195,282],"product_tag":[],"class_list":{"0":"post-21084","1":"product","2":"type-product","3":"status-publish","4":"has-post-thumbnail","6":"product_cat-liquidations","7":"product_cat-lunettes","8":"pa_brand-speedo","10":"first","11":"instock","12":"sale","13":"shipping-taxable","14":"purchasable","15":"product-type-simple"},"_links":{"self":[{"href":"https:\/\/espacetriathlon.com\/fr\/wp-json\/wp\/v2\/product\/21084","targetHints":{"allow":["GET"]}}],"collection":[{"href":"https:\/\/espacetriathlon.com\/fr\/wp-json\/wp\/v2\/product"}],"about":[{"href":"https:\/\/espacetriathlon.com\/fr\/wp-json\/wp\/v2\/types\/product"}],"version-history":[{"count":3,"href":"https:\/\/espacetriathlon.com\/fr\/wp-json\/wp\/v2\/product\/21084\/revisions"}],"predecessor-version":[{"id":36222,"href":"https:\/\/espacetriathlon.com\/fr\/wp-json\/wp\/v2\/product\/21084\/revisions\/36222"}],"wp:featuredmedia":[{"embeddable":true,"href":"https:\/\/espacetriathlon.com\/fr\/wp-json\/wp\/v2\/media\/21079"}],"wp:attachment":[{"href":"https:\/\/espacetriathlon.com\/fr\/wp-json\/wp\/v2\/media?parent=21084"}],"wp:term":[{"taxonomy":"product_brand","embeddable":true,"href":"https:\/\/espacetriathlon.com\/fr\/wp-json\/wp\/v2\/product_brand?post=21084"},{"taxonomy":"product_cat","embeddable":true,"href":"https:\/\/espacetriathlon.com\/fr\/wp-json\/wp\/v2\/product_cat?post=21084"},{"taxonomy":"product_tag","embeddable":true,"href":"https:\/\/espacetriathlon.com\/fr\/wp-json\/wp\/v2\/product_tag?post=21084"}],"curies":[{"name":"wp","href":"https:\/\/api.w.org\/{rel}","templated":true}]}}