{"id":21342,"date":"2023-10-14T10:10:47","date_gmt":"2023-10-14T10:10:47","guid":{"rendered":"https:\/\/espacetriathlon.com\/product\/venon-hero-man-red-dark-blue\/"},"modified":"2024-12-28T10:15:35","modified_gmt":"2024-12-28T10:15:35","slug":"venon-hero-man-red-dark-blue","status":"publish","type":"product","link":"https:\/\/espacetriathlon.com\/fr\/product\/venon-hero-man-red-dark-blue\/","title":{"rendered":"Venom Hero Man Tiffany dark blue"},"content":{"rendered":"<p>V = v\u00e9locit\u00e9 \u2013 notre premier objectif en cr\u00e9ant ce produit : cr\u00e9er la combinaison de course la plus performante qui soit ; E = ing\u00e9nierie \u2013 le r\u00e9sultat du travail choral de notre d\u00e9partement de recherche et d\u00e9veloppement ; N = nouveau \u2013 nouveau dans sa cat\u00e9gorie, nouveau dans sa technologie, nouveau dans son design ; O = original \u2013 \u00e0 l\u2019origine par AKRON ; M = fabrication \u2013 car 100% de notre gamme de course est fi\u00e8rement fabriqu\u00e9e en Italie. Homologation FINA : Homologation FINA pour les comp\u00e9titions nationales et internationales de natation. Les maillots de bain approuv\u00e9s par la FINA ont un code-barres FINA unique imprim\u00e9 sur le maillot de bain, ce qui le rend facilement identifiable par les officiels de la natation. VENOM, con\u00e7u pour la vitesse, repr\u00e9sentera la ligne \u00ab\u00a0Premium\u00a0\u00bb d\u2019AKRON. La construction ergonomique plate de la soudure aide \u00e0 r\u00e9g\u00e9n\u00e9rer plus rapidement les groupes musculaires cl\u00e9s et \u00e0 doubler les couches de compression. Le design de la bande ext\u00e9rieure est destin\u00e9 \u00e0 am\u00e9liorer les turbulences hydrodynamiques, \u00e0 r\u00e9duire les entr\u00e9es d\u2019eau et \u00e0 d\u00e9velopper la glisse. La bande double C en miroir offre la sensation de soulever le bassin pendant la natation et une grande amplitude de mouvement.<\/p>\n","protected":false},"excerpt":{"rendered":"<p>Akron<br \/>\nRace Suit<\/p>\n","protected":false},"featured_media":43967,"template":"","meta":[],"product_brand":[],"product_cat":[837],"product_tag":[],"class_list":{"0":"post-21342","1":"product","2":"type-product","3":"status-publish","4":"has-post-thumbnail","6":"product_cat-maillots-competition","7":"pa_akron_cm-18-000-waist-66-70-hip-83-87-2","8":"pa_akron_cm-26-2-waist-82-86-hip-99-103-2","9":"pa_brand-akron","11":"first","12":"instock","13":"sale","14":"shipping-taxable","15":"purchasable","16":"product-type-variable"},"_links":{"self":[{"href":"https:\/\/espacetriathlon.com\/fr\/wp-json\/wp\/v2\/product\/21342","targetHints":{"allow":["GET"]}}],"collection":[{"href":"https:\/\/espacetriathlon.com\/fr\/wp-json\/wp\/v2\/product"}],"about":[{"href":"https:\/\/espacetriathlon.com\/fr\/wp-json\/wp\/v2\/types\/product"}],"version-history":[{"count":4,"href":"https:\/\/espacetriathlon.com\/fr\/wp-json\/wp\/v2\/product\/21342\/revisions"}],"predecessor-version":[{"id":43971,"href":"https:\/\/espacetriathlon.com\/fr\/wp-json\/wp\/v2\/product\/21342\/revisions\/43971"}],"wp:featuredmedia":[{"embeddable":true,"href":"https:\/\/espacetriathlon.com\/fr\/wp-json\/wp\/v2\/media\/43967"}],"wp:attachment":[{"href":"https:\/\/espacetriathlon.com\/fr\/wp-json\/wp\/v2\/media?parent=21342"}],"wp:term":[{"taxonomy":"product_brand","embeddable":true,"href":"https:\/\/espacetriathlon.com\/fr\/wp-json\/wp\/v2\/product_brand?post=21342"},{"taxonomy":"product_cat","embeddable":true,"href":"https:\/\/espacetriathlon.com\/fr\/wp-json\/wp\/v2\/product_cat?post=21342"},{"taxonomy":"product_tag","embeddable":true,"href":"https:\/\/espacetriathlon.com\/fr\/wp-json\/wp\/v2\/product_tag?post=21342"}],"curies":[{"name":"wp","href":"https:\/\/api.w.org\/{rel}","templated":true}]}}