{"id":2144,"date":"2020-11-11T14:41:32","date_gmt":"2020-11-11T14:41:32","guid":{"rendered":"https:\/\/espacetriathlon.com\/product\/neoprene-swim-hat\/"},"modified":"2025-09-29T16:31:20","modified_gmt":"2025-09-29T16:31:20","slug":"neoprene-swim-hat","status":"publish","type":"product","link":"https:\/\/espacetriathlon.com\/fr\/product\/neoprene-swim-hat\/","title":{"rendered":"Neoprene Swim Hat"},"content":{"rendered":"<p>Notre Swim Hat en n\u00e9opr\u00e8ne de 2,5 mm est parfait pour diminuer la perte de chaleur au niveau de la t\u00eate, afin de vous permettre de s\u00e9journer plus longtemps dans l\u2019eau. Une bande velcro \u00e0 l\u2019arri\u00e8re vous permet de le r\u00e9gler \u00e0 votre convenance.<\/p>\n","protected":false},"excerpt":{"rendered":"<p>Orca<\/p>\n<p>Notre Swim Hat en n\u00e9opr\u00e8ne de 2,5 mm est parfait pour diminuer la perte de chaleur au niveau de la t\u00eate, afin de vous permettre de s\u00e9journer plus longtemps dans l\u2019eau. Une bande velcro \u00e0 l\u2019arri\u00e8re vous permet de le r\u00e9gler \u00e0 votre convenance.<\/p>\n","protected":false},"featured_media":49318,"template":"","meta":[],"product_brand":[],"product_cat":[270],"product_tag":[],"class_list":{"0":"post-2144","1":"product","2":"type-product","3":"status-publish","4":"has-post-thumbnail","6":"product_cat-openwater-fr","7":"product_shipping_class-petitarticle-fr","8":"pa_brand-orca","9":"pa_size_cap-xxl-2","10":"pa_size_cap-s-m-fr","11":"pa_size_cap-l-xl-fr","13":"first","14":"instock","15":"shipping-taxable","16":"purchasable","17":"product-type-variable"},"_links":{"self":[{"href":"https:\/\/espacetriathlon.com\/fr\/wp-json\/wp\/v2\/product\/2144","targetHints":{"allow":["GET"]}}],"collection":[{"href":"https:\/\/espacetriathlon.com\/fr\/wp-json\/wp\/v2\/product"}],"about":[{"href":"https:\/\/espacetriathlon.com\/fr\/wp-json\/wp\/v2\/types\/product"}],"version-history":[{"count":3,"href":"https:\/\/espacetriathlon.com\/fr\/wp-json\/wp\/v2\/product\/2144\/revisions"}],"predecessor-version":[{"id":36722,"href":"https:\/\/espacetriathlon.com\/fr\/wp-json\/wp\/v2\/product\/2144\/revisions\/36722"}],"wp:featuredmedia":[{"embeddable":true,"href":"https:\/\/espacetriathlon.com\/fr\/wp-json\/wp\/v2\/media\/49318"}],"wp:attachment":[{"href":"https:\/\/espacetriathlon.com\/fr\/wp-json\/wp\/v2\/media?parent=2144"}],"wp:term":[{"taxonomy":"product_brand","embeddable":true,"href":"https:\/\/espacetriathlon.com\/fr\/wp-json\/wp\/v2\/product_brand?post=2144"},{"taxonomy":"product_cat","embeddable":true,"href":"https:\/\/espacetriathlon.com\/fr\/wp-json\/wp\/v2\/product_cat?post=2144"},{"taxonomy":"product_tag","embeddable":true,"href":"https:\/\/espacetriathlon.com\/fr\/wp-json\/wp\/v2\/product_tag?post=2144"}],"curies":[{"name":"wp","href":"https:\/\/api.w.org\/{rel}","templated":true}]}}