{"id":2158,"date":"2020-11-11T14:55:40","date_gmt":"2020-11-11T14:55:40","guid":{"rendered":"https:\/\/espacetriathlon.com\/product\/neoprene-toe-cover\/"},"modified":"2024-10-21T08:36:17","modified_gmt":"2024-10-21T08:36:17","slug":"neoprene-toe-cover","status":"publish","type":"product","link":"https:\/\/espacetriathlon.com\/fr\/product\/neoprene-toe-cover\/","title":{"rendered":"Neoprene Toe Cover"},"content":{"rendered":"<p>Fabriqu\u00e9e 100 % en n\u00e9opr\u00e8ne, le couvre-chaussures garde vos pieds \u00e0 l\u2019abri du vent. Il s\u2019ajuste \u00e0 la partie avant de la chaussure pour prot\u00e9ger du vent froid et se retire facilement pour un contr\u00f4le efficace de la temp\u00e9rature pendant que vous p\u00e9dalez. Les \u00e9l\u00e9ments r\u00e9fl\u00e9chissants garantissent une bonne visibilit\u00e9 lorsque la lumi\u00e8re baisse.<\/p>\n","protected":false},"excerpt":{"rendered":"<p>Fabriqu\u00e9e 100 % en n\u00e9opr\u00e8ne, le couvre-chaussures garde vos pieds \u00e0 l\u2019abri du vent. Il s\u2019ajuste \u00e0 la partie avant de la chaussure pour prot\u00e9ger du vent froid et se retire facilement pour un contr\u00f4le efficace de la temp\u00e9rature pendant que vous p\u00e9dalez. Les \u00e9l\u00e9ments r\u00e9fl\u00e9chissants garantissent une bonne visibilit\u00e9 lorsque la lumi\u00e8re baisse.<\/p>\n<p>Taille L\/XL<\/p>\n","protected":false},"featured_media":49325,"template":"","meta":[],"product_brand":[],"product_cat":[1711,318],"product_tag":[],"class_list":{"0":"post-2158","1":"product","2":"type-product","3":"status-publish","4":"has-post-thumbnail","6":"product_cat-accessories-tri-3","7":"product_cat-velo","8":"pa_brand-orca","9":"pa_size_cap-l-xl-fr","11":"first","12":"instock","13":"sale","14":"shipping-taxable","15":"purchasable","16":"product-type-simple"},"_links":{"self":[{"href":"https:\/\/espacetriathlon.com\/fr\/wp-json\/wp\/v2\/product\/2158","targetHints":{"allow":["GET"]}}],"collection":[{"href":"https:\/\/espacetriathlon.com\/fr\/wp-json\/wp\/v2\/product"}],"about":[{"href":"https:\/\/espacetriathlon.com\/fr\/wp-json\/wp\/v2\/types\/product"}],"version-history":[{"count":5,"href":"https:\/\/espacetriathlon.com\/fr\/wp-json\/wp\/v2\/product\/2158\/revisions"}],"predecessor-version":[{"id":41570,"href":"https:\/\/espacetriathlon.com\/fr\/wp-json\/wp\/v2\/product\/2158\/revisions\/41570"}],"wp:featuredmedia":[{"embeddable":true,"href":"https:\/\/espacetriathlon.com\/fr\/wp-json\/wp\/v2\/media\/49325"}],"wp:attachment":[{"href":"https:\/\/espacetriathlon.com\/fr\/wp-json\/wp\/v2\/media?parent=2158"}],"wp:term":[{"taxonomy":"product_brand","embeddable":true,"href":"https:\/\/espacetriathlon.com\/fr\/wp-json\/wp\/v2\/product_brand?post=2158"},{"taxonomy":"product_cat","embeddable":true,"href":"https:\/\/espacetriathlon.com\/fr\/wp-json\/wp\/v2\/product_cat?post=2158"},{"taxonomy":"product_tag","embeddable":true,"href":"https:\/\/espacetriathlon.com\/fr\/wp-json\/wp\/v2\/product_tag?post=2158"}],"curies":[{"name":"wp","href":"https:\/\/api.w.org\/{rel}","templated":true}]}}