{"id":21639,"date":"2023-11-28T16:39:15","date_gmt":"2023-11-28T16:39:15","guid":{"rendered":"https:\/\/espacetriathlon.com\/product\/fastskin-kickfin\/"},"modified":"2025-02-11T22:19:17","modified_gmt":"2025-02-11T22:19:17","slug":"fastskin-kickfin","status":"publish","type":"product","link":"https:\/\/espacetriathlon.com\/fr\/product\/fastskin-kickfin\/","title":{"rendered":"Fastskin Kickfin"},"content":{"rendered":"<p>Ces palmes de natation pour enfants ont \u00e9t\u00e9 con\u00e7ues avec la technologie 3D pour la forme du pied qui garantit un bon ajustement et un confort. Les mat\u00e9riaux en polypropyl\u00e8ne et en caoutchouc thermoplastique offrent une excellente adh\u00e9rence et la bande de roulement am\u00e9liore les performances dans les virages.<\/p>\n<p>Ce mat\u00e9riau double donne force et flexibilit\u00e9 dans les coups de pied et il est 40% plus l\u00e9ger que les autres palmes de plong\u00e9e Speedo . Les lames \u00e0 double rail fournissent puissance et propulsion dans l\u2019eau. Lefficacit\u00e9 et lintensit\u00e9 sont des \u00e9l\u00e9ments importants dans un entra\u00eenement. \u00c0 partir de mat\u00e9riaux dexcellence et dune approche scientifique de la natation, les palmes Fastskin KickFin cr\u00e9ent le maximum de r\u00e9sistance dans leau, ce qui rend le travail de vos jambes plus difficile. Vous gagnez ainsi en muscles et vous am\u00e9liorez votre vitesse.<\/p>\n<p>Caract\u00e9ristiques:<\/p>\n<p>\u2013 Ergonomiques et confortables \u2013 r\u00e9alis\u00e9es \u00e0 partir dun scan 3D du pied pour un ajustement parfait<br \/>\n\u2013 Palmes plus courtes pour des battements plus rapides et une meilleure puissance dans leau<br \/>\n\u2013 L\u00e9g\u00e8res<\/p>\n","protected":false},"excerpt":{"rendered":"<p>Les palmes Speedo Fastskin Kickfin vous procurent puissance, coups de pied rapides, l\u00e9g\u00e8ret\u00e9, flexibilit\u00e9 et excellente adh\u00e9rence pendant vos s\u00e9ances de natation afin que vous puissiez am\u00e9liorer vos performances.<\/p>\n","protected":false},"featured_media":21627,"template":"","meta":[],"product_brand":[],"product_cat":[2195,291],"product_tag":[],"class_list":{"0":"post-21639","1":"product","2":"type-product","3":"status-publish","4":"has-post-thumbnail","6":"product_cat-liquidations","7":"product_cat-aide-dentrainement","8":"pa_brand-speedo","9":"pa_size_fins_speedo-36-37-2","10":"pa_size_fins_speedo-38-39-fr","11":"pa_size_fins_speedo-40-42-2","12":"pa_size_fins_speedo-43-44-2","13":"pa_size_fins_speedo-45-47-2","15":"first","16":"instock","17":"sale","18":"shipping-taxable","19":"purchasable","20":"product-type-variable"},"_links":{"self":[{"href":"https:\/\/espacetriathlon.com\/fr\/wp-json\/wp\/v2\/product\/21639","targetHints":{"allow":["GET"]}}],"collection":[{"href":"https:\/\/espacetriathlon.com\/fr\/wp-json\/wp\/v2\/product"}],"about":[{"href":"https:\/\/espacetriathlon.com\/fr\/wp-json\/wp\/v2\/types\/product"}],"version-history":[{"count":3,"href":"https:\/\/espacetriathlon.com\/fr\/wp-json\/wp\/v2\/product\/21639\/revisions"}],"predecessor-version":[{"id":36041,"href":"https:\/\/espacetriathlon.com\/fr\/wp-json\/wp\/v2\/product\/21639\/revisions\/36041"}],"wp:featuredmedia":[{"embeddable":true,"href":"https:\/\/espacetriathlon.com\/fr\/wp-json\/wp\/v2\/media\/21627"}],"wp:attachment":[{"href":"https:\/\/espacetriathlon.com\/fr\/wp-json\/wp\/v2\/media?parent=21639"}],"wp:term":[{"taxonomy":"product_brand","embeddable":true,"href":"https:\/\/espacetriathlon.com\/fr\/wp-json\/wp\/v2\/product_brand?post=21639"},{"taxonomy":"product_cat","embeddable":true,"href":"https:\/\/espacetriathlon.com\/fr\/wp-json\/wp\/v2\/product_cat?post=21639"},{"taxonomy":"product_tag","embeddable":true,"href":"https:\/\/espacetriathlon.com\/fr\/wp-json\/wp\/v2\/product_tag?post=21639"}],"curies":[{"name":"wp","href":"https:\/\/api.w.org\/{rel}","templated":true}]}}