{"id":2172,"date":"2020-11-11T15:40:08","date_gmt":"2020-11-11T15:40:08","guid":{"rendered":"https:\/\/espacetriathlon.com\/product\/aero-shoe-cover\/"},"modified":"2024-07-15T09:05:30","modified_gmt":"2024-07-15T09:05:30","slug":"aero-shoe-cover","status":"publish","type":"product","link":"https:\/\/espacetriathlon.com\/fr\/product\/aero-shoe-cover\/","title":{"rendered":"Aero Shoe Cover"},"content":{"rendered":"<div class=\"lista\">\n<p><strong>MATERIALS<\/strong><\/p>\n<p>95% Neoprene 5% Nylon.<\/p>\n<p><strong>AERODYNAMICS<\/strong><\/p>\n<p>The only aero shoe covers made for triathlon, these smooth turbulent air over the straps and buckles of cycle shoes making you more aerodynamic so that your bike times are faster.<\/p>\n<p><strong>SPEED <\/strong><\/p>\n<p>Easy on\/off design makes them fast to transition.<\/p>\n<\/div>\n","protected":false},"excerpt":{"rendered":"<p>Orca<\/p>\n<p>Si vous voulez gagner quelques pr\u00e9cieuses secondes sur le v\u00e9lo avec l\u2019efficacit\u00e9 a\u00e9rodynamique maximale, ces couvre-chaussures a\u00e9ro de triathlon sont faites pour vous !<\/p>\n","protected":false},"featured_media":49329,"template":"","meta":[],"product_brand":[],"product_cat":[1711,2195,318],"product_tag":[],"class_list":{"0":"post-2172","1":"product","2":"type-product","3":"status-publish","4":"has-post-thumbnail","6":"product_cat-accessories-tri-3","7":"product_cat-liquidations","8":"product_cat-velo","9":"product_shipping_class-petitarticle-fr","10":"pa_brand-orca","11":"pa_size_cap-xs-s-fr","12":"pa_size_cap-m-l-fr","13":"pa_size_cap-xl-xxl-fr","15":"first","16":"instock","17":"sale","18":"shipping-taxable","19":"purchasable","20":"product-type-variable"},"_links":{"self":[{"href":"https:\/\/espacetriathlon.com\/fr\/wp-json\/wp\/v2\/product\/2172","targetHints":{"allow":["GET"]}}],"collection":[{"href":"https:\/\/espacetriathlon.com\/fr\/wp-json\/wp\/v2\/product"}],"about":[{"href":"https:\/\/espacetriathlon.com\/fr\/wp-json\/wp\/v2\/types\/product"}],"version-history":[{"count":4,"href":"https:\/\/espacetriathlon.com\/fr\/wp-json\/wp\/v2\/product\/2172\/revisions"}],"predecessor-version":[{"id":36707,"href":"https:\/\/espacetriathlon.com\/fr\/wp-json\/wp\/v2\/product\/2172\/revisions\/36707"}],"wp:featuredmedia":[{"embeddable":true,"href":"https:\/\/espacetriathlon.com\/fr\/wp-json\/wp\/v2\/media\/49329"}],"wp:attachment":[{"href":"https:\/\/espacetriathlon.com\/fr\/wp-json\/wp\/v2\/media?parent=2172"}],"wp:term":[{"taxonomy":"product_brand","embeddable":true,"href":"https:\/\/espacetriathlon.com\/fr\/wp-json\/wp\/v2\/product_brand?post=2172"},{"taxonomy":"product_cat","embeddable":true,"href":"https:\/\/espacetriathlon.com\/fr\/wp-json\/wp\/v2\/product_cat?post=2172"},{"taxonomy":"product_tag","embeddable":true,"href":"https:\/\/espacetriathlon.com\/fr\/wp-json\/wp\/v2\/product_tag?post=2172"}],"curies":[{"name":"wp","href":"https:\/\/api.w.org\/{rel}","templated":true}]}}