{"id":22016,"date":"2024-01-09T08:14:50","date_gmt":"2024-01-09T08:14:50","guid":{"rendered":"https:\/\/espacetriathlon.com\/product\/vortex-evolution-paddle\/"},"modified":"2025-12-01T22:46:37","modified_gmt":"2025-12-01T22:46:37","slug":"vortex-evolution-paddle","status":"publish","type":"product","link":"https:\/\/espacetriathlon.com\/fr\/product\/vortex-evolution-paddle\/","title":{"rendered":"Vortex Evolution Paddle"},"content":{"rendered":"<p>\u2013 Hand paddles confortables et ergonomiques pour l\u2019entra\u00eenement de la force et de la technique<br \/>\n\u2013 R\u00e9sistance \u00e0 l\u2019eau accrue, surface perfor\u00e9e pour une sensation optimale dans l\u2019eau<br \/>\n\u2013 Elastiques strat\u00e9giquement plac\u00e9s et r\u00e9glables pour un confort \u00e9lev\u00e9 et flexible, sans PVC<br \/>\n\u2013 Id\u00e9al pour les nageurs de comp\u00e9tition<\/p>\n","protected":false},"excerpt":{"rendered":"<p>Ce produit particulier d\u2019arena soutient les nageurs exp\u00e9riment\u00e9s, m\u00eame lors de s\u00e9ances d\u2019entra\u00eenement exceptionnellement difficiles.La particularit\u00e9 de ces pagaies est leur forme ergonomique bomb\u00e9e, qui favorise une prise en main naturelle, s\u00fbre et confortable.<\/p>\n","protected":false},"featured_media":22028,"template":"","meta":[],"product_brand":[],"product_cat":[285],"product_tag":[],"class_list":{"0":"post-22016","1":"product","2":"type-product","3":"status-publish","4":"has-post-thumbnail","6":"product_cat-paddles-fr","7":"pa_brand-arena","8":"pa_color_n-green-2","9":"pa_color_n-plum-fr","10":"pa_size-m-fr","11":"pa_size-l-fr","13":"first","14":"instock","15":"sale","16":"shipping-taxable","17":"purchasable","18":"product-type-variable"},"_links":{"self":[{"href":"https:\/\/espacetriathlon.com\/fr\/wp-json\/wp\/v2\/product\/22016","targetHints":{"allow":["GET"]}}],"collection":[{"href":"https:\/\/espacetriathlon.com\/fr\/wp-json\/wp\/v2\/product"}],"about":[{"href":"https:\/\/espacetriathlon.com\/fr\/wp-json\/wp\/v2\/types\/product"}],"version-history":[{"count":4,"href":"https:\/\/espacetriathlon.com\/fr\/wp-json\/wp\/v2\/product\/22016\/revisions"}],"predecessor-version":[{"id":35998,"href":"https:\/\/espacetriathlon.com\/fr\/wp-json\/wp\/v2\/product\/22016\/revisions\/35998"}],"wp:featuredmedia":[{"embeddable":true,"href":"https:\/\/espacetriathlon.com\/fr\/wp-json\/wp\/v2\/media\/22028"}],"wp:attachment":[{"href":"https:\/\/espacetriathlon.com\/fr\/wp-json\/wp\/v2\/media?parent=22016"}],"wp:term":[{"taxonomy":"product_brand","embeddable":true,"href":"https:\/\/espacetriathlon.com\/fr\/wp-json\/wp\/v2\/product_brand?post=22016"},{"taxonomy":"product_cat","embeddable":true,"href":"https:\/\/espacetriathlon.com\/fr\/wp-json\/wp\/v2\/product_cat?post=22016"},{"taxonomy":"product_tag","embeddable":true,"href":"https:\/\/espacetriathlon.com\/fr\/wp-json\/wp\/v2\/product_tag?post=22016"}],"curies":[{"name":"wp","href":"https:\/\/api.w.org\/{rel}","templated":true}]}}