{"id":22127,"date":"2024-01-20T10:11:40","date_gmt":"2024-01-20T10:11:40","guid":{"rendered":"https:\/\/espacetriathlon.com\/product\/cotton-poncho\/"},"modified":"2025-07-04T09:55:35","modified_gmt":"2025-07-04T09:55:35","slug":"cotton-poncho","status":"publish","type":"product","link":"https:\/\/espacetriathlon.com\/fr\/product\/cotton-poncho\/","title":{"rendered":"Cotton Poncho"},"content":{"rendered":"<p>100% Cotton<\/p>\n","protected":false},"excerpt":{"rendered":"<p>Cette serviette poncho est con\u00e7ue \u00e0 partir d\u2019un tissu 100 % coton doux et agr\u00e9able. Id\u00e9ale pour se s\u00e9cher ou se changer dans le plus grand confort pendant une session de natation ou de surf, un entra\u00eenement ou une course. L\u2019accessoire id\u00e9al pour les sportifs.<\/p>\n","protected":false},"featured_media":22116,"template":"","meta":[],"product_brand":[],"product_cat":[1711,270,279],"product_tag":[],"class_list":{"0":"post-22127","1":"product","2":"type-product","3":"status-publish","4":"has-post-thumbnail","6":"product_cat-accessories-tri-3","7":"product_cat-openwater-fr","8":"product_cat-accessories-swim","9":"pa_brand-orca","10":"pa_size-s-fr","11":"pa_size-m-fr","13":"first","14":"instock","15":"shipping-taxable","16":"purchasable","17":"product-type-simple"},"_links":{"self":[{"href":"https:\/\/espacetriathlon.com\/fr\/wp-json\/wp\/v2\/product\/22127","targetHints":{"allow":["GET"]}}],"collection":[{"href":"https:\/\/espacetriathlon.com\/fr\/wp-json\/wp\/v2\/product"}],"about":[{"href":"https:\/\/espacetriathlon.com\/fr\/wp-json\/wp\/v2\/types\/product"}],"version-history":[{"count":3,"href":"https:\/\/espacetriathlon.com\/fr\/wp-json\/wp\/v2\/product\/22127\/revisions"}],"predecessor-version":[{"id":35985,"href":"https:\/\/espacetriathlon.com\/fr\/wp-json\/wp\/v2\/product\/22127\/revisions\/35985"}],"wp:featuredmedia":[{"embeddable":true,"href":"https:\/\/espacetriathlon.com\/fr\/wp-json\/wp\/v2\/media\/22116"}],"wp:attachment":[{"href":"https:\/\/espacetriathlon.com\/fr\/wp-json\/wp\/v2\/media?parent=22127"}],"wp:term":[{"taxonomy":"product_brand","embeddable":true,"href":"https:\/\/espacetriathlon.com\/fr\/wp-json\/wp\/v2\/product_brand?post=22127"},{"taxonomy":"product_cat","embeddable":true,"href":"https:\/\/espacetriathlon.com\/fr\/wp-json\/wp\/v2\/product_cat?post=22127"},{"taxonomy":"product_tag","embeddable":true,"href":"https:\/\/espacetriathlon.com\/fr\/wp-json\/wp\/v2\/product_tag?post=22127"}],"curies":[{"name":"wp","href":"https:\/\/api.w.org\/{rel}","templated":true}]}}