{"id":22149,"date":"2024-01-20T10:18:23","date_gmt":"2024-01-20T10:18:23","guid":{"rendered":"https:\/\/espacetriathlon.com\/product\/thermal-parka\/"},"modified":"2026-01-07T09:42:45","modified_gmt":"2026-01-07T09:42:45","slug":"thermal-parka","status":"publish","type":"product","link":"https:\/\/espacetriathlon.com\/fr\/product\/thermal-parka\/","title":{"rendered":"Thermal Parka"},"content":{"rendered":"<p>Confort<\/p>\n<p>Le textile int\u00e9rieur douillet maintient la chaleur corporelle pour une isolation thermique optimale.<br \/>\nIsolation \u00e9t resistance<\/p>\n<p>Le textile ext\u00e9rieur imperm\u00e9able prot\u00e8ge du vent et de la pluie pour vous permettre de faire de l\u2019exercice au sec et au chaud. De plus, ce mat\u00e9riau est hautement r\u00e9sistant \u00e0 l\u2019abrasion, ce qui optimise la durabilit\u00e9 du v\u00eatement.<\/p>\n<p>La parka comprend deux poches externes avec fermetures \u00e9clair \u00e9tanches et une poche interne pour prot\u00e9ger votre mat\u00e9riel et le garder \u00e0 port\u00e9e de main.<\/p>\n","protected":false},"excerpt":{"rendered":"<p>Cette parka imperm\u00e9able longueur mi-jambe avec doublure polaire int\u00e9gr\u00e9e vous tiendra chaud avant et apr\u00e8s vos entra\u00eenements et comp\u00e9titions par temps froid. Son textile ext\u00e9rieur coupe-vent emp\u00eache l\u2019air froid de passer, et la doublure polaire optimise la r\u00e9tention de la chaleur corporelle.<\/p>\n","protected":false},"featured_media":22138,"template":"","meta":[],"product_brand":[],"product_cat":[1711,270,279],"product_tag":[],"class_list":{"0":"post-22149","1":"product","2":"type-product","3":"status-publish","4":"has-post-thumbnail","6":"product_cat-accessories-tri-3","7":"product_cat-openwater-fr","8":"product_cat-accessories-swim","9":"pa_brand-orca","10":"pa_size-s-fr","11":"pa_size-m-fr","12":"pa_size-l-fr","14":"first","15":"instock","16":"shipping-taxable","17":"purchasable","18":"product-type-variable"},"_links":{"self":[{"href":"https:\/\/espacetriathlon.com\/fr\/wp-json\/wp\/v2\/product\/22149","targetHints":{"allow":["GET"]}}],"collection":[{"href":"https:\/\/espacetriathlon.com\/fr\/wp-json\/wp\/v2\/product"}],"about":[{"href":"https:\/\/espacetriathlon.com\/fr\/wp-json\/wp\/v2\/types\/product"}],"version-history":[{"count":3,"href":"https:\/\/espacetriathlon.com\/fr\/wp-json\/wp\/v2\/product\/22149\/revisions"}],"predecessor-version":[{"id":35978,"href":"https:\/\/espacetriathlon.com\/fr\/wp-json\/wp\/v2\/product\/22149\/revisions\/35978"}],"wp:featuredmedia":[{"embeddable":true,"href":"https:\/\/espacetriathlon.com\/fr\/wp-json\/wp\/v2\/media\/22138"}],"wp:attachment":[{"href":"https:\/\/espacetriathlon.com\/fr\/wp-json\/wp\/v2\/media?parent=22149"}],"wp:term":[{"taxonomy":"product_brand","embeddable":true,"href":"https:\/\/espacetriathlon.com\/fr\/wp-json\/wp\/v2\/product_brand?post=22149"},{"taxonomy":"product_cat","embeddable":true,"href":"https:\/\/espacetriathlon.com\/fr\/wp-json\/wp\/v2\/product_cat?post=22149"},{"taxonomy":"product_tag","embeddable":true,"href":"https:\/\/espacetriathlon.com\/fr\/wp-json\/wp\/v2\/product_tag?post=22149"}],"curies":[{"name":"wp","href":"https:\/\/api.w.org\/{rel}","templated":true}]}}