{"id":2220,"date":"2020-11-11T16:51:19","date_gmt":"2020-11-11T16:51:19","guid":{"rendered":"https:\/\/espacetriathlon.com\/?post_type=product&#038;p=2220"},"modified":"2025-02-20T20:46:40","modified_gmt":"2025-02-20T20:46:40","slug":"foldbable-unisex-cap-black","status":"publish","type":"product","link":"https:\/\/espacetriathlon.com\/fr\/product\/foldbable-unisex-cap-black\/","title":{"rendered":"Foldable Unisex Cap &#8211; Black"},"content":{"rendered":"<div class=\"lista\">\n<p><strong>MATERIALS<\/strong><\/p>\n<p>100% polyester woven contrast, 100% polyester mesh.<\/p>\n<p><strong>TECHNICAL <\/strong><\/p>\n<p>The light fabric protects your eyes from the sun, whilst the side meshing improves ventilation.<\/p>\n<p><strong>PRACTICAL<\/strong><\/p>\n<p>The cap has bands to secure your sunglasses on your head. You can adjust it to fit, for maximum comfort. Super lightweight, with a unique three flap folding system, it is easily folded and stored.<\/p>\n<\/div>\n","protected":false},"excerpt":{"rendered":"<p>Orca<\/p>\n<p>Si vous recherchez une casquette l\u00e9g\u00e8re pour la comp\u00e9tition ou l\u2019entra\u00eenement capable de prot\u00e9ger votre t\u00eate tout en assurant une respirabilit\u00e9 optimale et un s\u00e9chage rapide, la casquette Orca est faite pour vous. Confort garanti sous le soleil.<\/p>\n","protected":false},"featured_media":49337,"template":"","meta":[],"product_brand":[],"product_cat":[300],"product_tag":[],"class_list":{"0":"post-2220","1":"product","2":"type-product","3":"status-publish","4":"has-post-thumbnail","6":"product_cat-run-accessories-triathlon-fr","7":"pa_brand-orca","8":"pa_size_cap-s-m-fr","9":"pa_size_cap-l-xl-fr","11":"first","12":"outofstock","13":"shipping-taxable","14":"purchasable","15":"product-type-variable"},"_links":{"self":[{"href":"https:\/\/espacetriathlon.com\/fr\/wp-json\/wp\/v2\/product\/2220","targetHints":{"allow":["GET"]}}],"collection":[{"href":"https:\/\/espacetriathlon.com\/fr\/wp-json\/wp\/v2\/product"}],"about":[{"href":"https:\/\/espacetriathlon.com\/fr\/wp-json\/wp\/v2\/types\/product"}],"version-history":[{"count":4,"href":"https:\/\/espacetriathlon.com\/fr\/wp-json\/wp\/v2\/product\/2220\/revisions"}],"predecessor-version":[{"id":45846,"href":"https:\/\/espacetriathlon.com\/fr\/wp-json\/wp\/v2\/product\/2220\/revisions\/45846"}],"wp:featuredmedia":[{"embeddable":true,"href":"https:\/\/espacetriathlon.com\/fr\/wp-json\/wp\/v2\/media\/49337"}],"wp:attachment":[{"href":"https:\/\/espacetriathlon.com\/fr\/wp-json\/wp\/v2\/media?parent=2220"}],"wp:term":[{"taxonomy":"product_brand","embeddable":true,"href":"https:\/\/espacetriathlon.com\/fr\/wp-json\/wp\/v2\/product_brand?post=2220"},{"taxonomy":"product_cat","embeddable":true,"href":"https:\/\/espacetriathlon.com\/fr\/wp-json\/wp\/v2\/product_cat?post=2220"},{"taxonomy":"product_tag","embeddable":true,"href":"https:\/\/espacetriathlon.com\/fr\/wp-json\/wp\/v2\/product_tag?post=2220"}],"curies":[{"name":"wp","href":"https:\/\/api.w.org\/{rel}","templated":true}]}}