{"id":22844,"date":"2024-02-08T16:29:01","date_gmt":"2024-02-08T16:29:01","guid":{"rendered":"https:\/\/espacetriathlon.com\/product\/mesh-gear-bag-smash-mouth\/"},"modified":"2025-06-28T13:01:44","modified_gmt":"2025-06-28T13:01:44","slug":"mesh-gear-bag-duuude","status":"publish","type":"product","link":"https:\/\/espacetriathlon.com\/fr\/product\/mesh-gear-bag-duuude\/","title":{"rendered":"Mesh Gear Bag Duude"},"content":{"rendered":"<p>65&#215;49 cm<\/p>\n","protected":false},"excerpt":{"rendered":"<p>Le mesh bag parfait pour transporter et ranger toutes les aides \u00e0 l\u2019entra\u00eenement et le mat\u00e9riel de natation avec une ouverture \u00e0 cordon de serrage et des bretelles pour un transport ais\u00e9.<\/p>\n","protected":false},"featured_media":48658,"template":"","meta":[],"product_brand":[],"product_cat":[279],"product_tag":[],"class_list":{"0":"post-22844","1":"product","2":"type-product","3":"status-publish","4":"has-post-thumbnail","6":"product_cat-accessories-swim","7":"product_shipping_class-petitarticle-fr","8":"pa_brand-funkita","10":"first","11":"instock","12":"shipping-taxable","13":"purchasable","14":"product-type-simple"},"_links":{"self":[{"href":"https:\/\/espacetriathlon.com\/fr\/wp-json\/wp\/v2\/product\/22844","targetHints":{"allow":["GET"]}}],"collection":[{"href":"https:\/\/espacetriathlon.com\/fr\/wp-json\/wp\/v2\/product"}],"about":[{"href":"https:\/\/espacetriathlon.com\/fr\/wp-json\/wp\/v2\/types\/product"}],"version-history":[{"count":4,"href":"https:\/\/espacetriathlon.com\/fr\/wp-json\/wp\/v2\/product\/22844\/revisions"}],"predecessor-version":[{"id":48662,"href":"https:\/\/espacetriathlon.com\/fr\/wp-json\/wp\/v2\/product\/22844\/revisions\/48662"}],"wp:featuredmedia":[{"embeddable":true,"href":"https:\/\/espacetriathlon.com\/fr\/wp-json\/wp\/v2\/media\/48658"}],"wp:attachment":[{"href":"https:\/\/espacetriathlon.com\/fr\/wp-json\/wp\/v2\/media?parent=22844"}],"wp:term":[{"taxonomy":"product_brand","embeddable":true,"href":"https:\/\/espacetriathlon.com\/fr\/wp-json\/wp\/v2\/product_brand?post=22844"},{"taxonomy":"product_cat","embeddable":true,"href":"https:\/\/espacetriathlon.com\/fr\/wp-json\/wp\/v2\/product_cat?post=22844"},{"taxonomy":"product_tag","embeddable":true,"href":"https:\/\/espacetriathlon.com\/fr\/wp-json\/wp\/v2\/product_tag?post=22844"}],"curies":[{"name":"wp","href":"https:\/\/api.w.org\/{rel}","templated":true}]}}