{"id":23013,"date":"2024-02-18T17:03:49","date_gmt":"2024-02-18T17:03:49","guid":{"rendered":"https:\/\/espacetriathlon.com\/?post_type=product&#038;p=23013"},"modified":"2024-07-12T04:24:10","modified_gmt":"2024-07-12T04:24:10","slug":"zen-freedive-wetsuit-women","status":"publish","type":"product","link":"https:\/\/espacetriathlon.com\/fr\/product\/zen-freedive-wetsuit-women\/","title":{"rendered":"Zen Freedive Wetsuit Women"},"content":{"rendered":"<p>PERFECT FIT<br \/>\nThe Zen wetsuit is designed to feel like a second skin. Its elastic properties improve its fit so that you can get the most out of your dives, ensuring minimal water entry and preventing water pockets from forming.<\/p>\n<p>HYDRODYNAMICS<br \/>\nThe application of the most advanced surface coatings, which minimize your body&#8217;s water resistance, improves your hydrodynamics. This allows you to perform better, score higher on your dives, and enjoy your freediving adventures.<\/p>\n<p>ZERO RESTRICTION<br \/>\nThe Zen&#8217;s pattern and selection of materials give it a high level of elasticity, allowing it to adjust perfectly to your body and its movements during descent. The inverted zipper and optimized seams in the lower back also provide you with total freedom of movement in your hips and legs<\/p>\n","protected":false},"excerpt":{"rendered":"<p>La combinaison Orca Zen combine le design le plus efficace avec les mat\u00e9riaux les plus techniques pour minimiser la r\u00e9sistance \u00e0 l\u2019eau, ce qui en fait la combinaison la plus hydrodynamique du march\u00e9. La conception ajust\u00e9e et l\u2019utilisation de mat\u00e9riaux \u00e0 haute \u00e9lasticit\u00e9 permettent \u00e0 la combinaison de s\u2019adapter au corps comme une seconde peau, maximisant ainsi les performances.<\/p>\n","protected":false},"featured_media":23044,"template":"","meta":[],"product_brand":[],"product_cat":[985],"product_tag":[],"class_list":{"0":"post-23013","1":"product","2":"type-product","3":"status-publish","4":"has-post-thumbnail","6":"product_cat-apnee","7":"pa_brand-orca","8":"pa_taille-orca-f-s-157-167cm-54-61kg-fr","9":"pa_taille-orca-f-m-165-177cm-60-67kg-fr","10":"pa_taille-orca-f-l-170-185cm-66-74kg-fr","11":"pa_taille-orca-f-xl-177-189cm-73-79kg-fr","13":"first","14":"instock","15":"sale","16":"shipping-taxable","17":"purchasable","18":"product-type-variable"},"_links":{"self":[{"href":"https:\/\/espacetriathlon.com\/fr\/wp-json\/wp\/v2\/product\/23013","targetHints":{"allow":["GET"]}}],"collection":[{"href":"https:\/\/espacetriathlon.com\/fr\/wp-json\/wp\/v2\/product"}],"about":[{"href":"https:\/\/espacetriathlon.com\/fr\/wp-json\/wp\/v2\/types\/product"}],"version-history":[{"count":2,"href":"https:\/\/espacetriathlon.com\/fr\/wp-json\/wp\/v2\/product\/23013\/revisions"}],"predecessor-version":[{"id":35935,"href":"https:\/\/espacetriathlon.com\/fr\/wp-json\/wp\/v2\/product\/23013\/revisions\/35935"}],"wp:featuredmedia":[{"embeddable":true,"href":"https:\/\/espacetriathlon.com\/fr\/wp-json\/wp\/v2\/media\/23044"}],"wp:attachment":[{"href":"https:\/\/espacetriathlon.com\/fr\/wp-json\/wp\/v2\/media?parent=23013"}],"wp:term":[{"taxonomy":"product_brand","embeddable":true,"href":"https:\/\/espacetriathlon.com\/fr\/wp-json\/wp\/v2\/product_brand?post=23013"},{"taxonomy":"product_cat","embeddable":true,"href":"https:\/\/espacetriathlon.com\/fr\/wp-json\/wp\/v2\/product_cat?post=23013"},{"taxonomy":"product_tag","embeddable":true,"href":"https:\/\/espacetriathlon.com\/fr\/wp-json\/wp\/v2\/product_tag?post=23013"}],"curies":[{"name":"wp","href":"https:\/\/api.w.org\/{rel}","templated":true}]}}