{"id":23439,"date":"2024-03-09T09:34:57","date_gmt":"2024-03-09T09:34:57","guid":{"rendered":"https:\/\/espacetriathlon.com\/product\/men-vitalis-breast-stroke\/"},"modified":"2024-07-12T04:01:13","modified_gmt":"2024-07-12T04:01:13","slug":"men-vitalis-breast-stroke","status":"publish","type":"product","link":"https:\/\/espacetriathlon.com\/fr\/product\/men-vitalis-breast-stroke\/","title":{"rendered":"Men Vitalis Breast Stroke"},"content":{"rendered":"<p>La Vitalis Breast Stroke est la premi\u00e8re combinaison Orca sp\u00e9cialement con\u00e7ue pour la natation en brasse. Elle pr\u00e9sente une coupe sp\u00e9cifique, adapt\u00e9e aux mouvements de la brasse, ainsi qu\u2019une r\u00e9partition de l\u2019\u00e9paisseur qui n\u2019affecte pas la position naturelle du nageur, sans soulever excessivement les jambes. Elle int\u00e8gre les mat\u00e9riaux les plus \u00e9lastiques, comme la technologie Yamamoto 39 FS, afin que le nageur puisse b\u00e9n\u00e9ficier d\u2019une flexibilit\u00e9 maximale et d\u2019une sensation de libert\u00e9 totale.<\/p>\n","protected":false},"excerpt":{"rendered":"<p>Combinaison d\u2019eau libre pour la brasse<\/p>\n","protected":false},"featured_media":23436,"template":"","meta":[],"product_brand":[],"product_cat":[270],"product_tag":[],"class_list":{"0":"post-23439","1":"product","2":"type-product","3":"status-publish","4":"has-post-thumbnail","6":"product_cat-openwater-fr","7":"pa_brand-orca","8":"pa_taille-orca-h-t6-167-175-cm-67-75-kg-fr","9":"pa_taille-orca-h-tmt-177-190-cm-68-76-kg","10":"pa_taille-orca-h-t7-173-185-cm-75-82-kg-fr","11":"pa_taille-orca-h-t8-180-188-cm-82-89-kg-fr","12":"pa_taille-orca-h-t9-185-193-cm-89-97-kg-fr","14":"first","15":"instock","16":"shipping-taxable","17":"purchasable","18":"product-type-variable"},"_links":{"self":[{"href":"https:\/\/espacetriathlon.com\/fr\/wp-json\/wp\/v2\/product\/23439","targetHints":{"allow":["GET"]}}],"collection":[{"href":"https:\/\/espacetriathlon.com\/fr\/wp-json\/wp\/v2\/product"}],"about":[{"href":"https:\/\/espacetriathlon.com\/fr\/wp-json\/wp\/v2\/types\/product"}],"version-history":[{"count":3,"href":"https:\/\/espacetriathlon.com\/fr\/wp-json\/wp\/v2\/product\/23439\/revisions"}],"predecessor-version":[{"id":35926,"href":"https:\/\/espacetriathlon.com\/fr\/wp-json\/wp\/v2\/product\/23439\/revisions\/35926"}],"wp:featuredmedia":[{"embeddable":true,"href":"https:\/\/espacetriathlon.com\/fr\/wp-json\/wp\/v2\/media\/23436"}],"wp:attachment":[{"href":"https:\/\/espacetriathlon.com\/fr\/wp-json\/wp\/v2\/media?parent=23439"}],"wp:term":[{"taxonomy":"product_brand","embeddable":true,"href":"https:\/\/espacetriathlon.com\/fr\/wp-json\/wp\/v2\/product_brand?post=23439"},{"taxonomy":"product_cat","embeddable":true,"href":"https:\/\/espacetriathlon.com\/fr\/wp-json\/wp\/v2\/product_cat?post=23439"},{"taxonomy":"product_tag","embeddable":true,"href":"https:\/\/espacetriathlon.com\/fr\/wp-json\/wp\/v2\/product_tag?post=23439"}],"curies":[{"name":"wp","href":"https:\/\/api.w.org\/{rel}","templated":true}]}}