{"id":2344,"date":"2020-11-13T12:34:38","date_gmt":"2020-11-13T12:34:38","guid":{"rendered":"https:\/\/espacetriathlon.com\/product\/hydrixir-antioxydant\/"},"modified":"2024-07-15T07:27:01","modified_gmt":"2024-07-15T07:27:01","slug":"hydrixir-antioxydant","status":"publish","type":"product","link":"https:\/\/espacetriathlon.com\/fr\/product\/hydrixir-antioxydant\/","title":{"rendered":"Hydrixir Antioxydant"},"content":{"rendered":"<p>La boisson \u00e9nerg\u00e9tique HYDRIXIR ANTIOXYDANT est sp\u00e9cifiquement formul\u00e9e pour fournir une hydratation optimale et l\u2019\u00e9nergie n\u00e9cessaire au maintien de vos performances tout au long de l\u2019effort. Isotonique, sans conservateur et sans acidit\u00e9, elle est parfaitement tol\u00e9r\u00e9e.<\/p>\n","protected":false},"excerpt":{"rendered":"<p>Overstims<\/p>\n<p>600 g.<\/p>\n<p>La boisson \u00e9nerg\u00e9tique HYDRIXIR ANTIOXYDANT est sp\u00e9cifiquement formul\u00e9e pour fournir une hydratation optimale et l\u2019\u00e9nergie n\u00e9cessaire au maintien de vos performances tout au long de l\u2019effort. Isotonique, sans conservateur et sans acidit\u00e9, elle est parfaitement tol\u00e9r\u00e9e.<\/p>\n","protected":false},"featured_media":49346,"template":"","meta":[],"product_brand":[],"product_cat":[297],"product_tag":[],"class_list":{"0":"post-2344","1":"product","2":"type-product","3":"status-publish","4":"has-post-thumbnail","6":"product_cat-nourriture","7":"pa_brand-overstims","8":"pa_taste-lemond-lime-fr","9":"pa_taste-orange-mangue","11":"first","12":"instock","13":"shipping-taxable","14":"purchasable","15":"product-type-variable"},"_links":{"self":[{"href":"https:\/\/espacetriathlon.com\/fr\/wp-json\/wp\/v2\/product\/2344","targetHints":{"allow":["GET"]}}],"collection":[{"href":"https:\/\/espacetriathlon.com\/fr\/wp-json\/wp\/v2\/product"}],"about":[{"href":"https:\/\/espacetriathlon.com\/fr\/wp-json\/wp\/v2\/types\/product"}],"version-history":[{"count":3,"href":"https:\/\/espacetriathlon.com\/fr\/wp-json\/wp\/v2\/product\/2344\/revisions"}],"predecessor-version":[{"id":36648,"href":"https:\/\/espacetriathlon.com\/fr\/wp-json\/wp\/v2\/product\/2344\/revisions\/36648"}],"wp:featuredmedia":[{"embeddable":true,"href":"https:\/\/espacetriathlon.com\/fr\/wp-json\/wp\/v2\/media\/49346"}],"wp:attachment":[{"href":"https:\/\/espacetriathlon.com\/fr\/wp-json\/wp\/v2\/media?parent=2344"}],"wp:term":[{"taxonomy":"product_brand","embeddable":true,"href":"https:\/\/espacetriathlon.com\/fr\/wp-json\/wp\/v2\/product_brand?post=2344"},{"taxonomy":"product_cat","embeddable":true,"href":"https:\/\/espacetriathlon.com\/fr\/wp-json\/wp\/v2\/product_cat?post=2344"},{"taxonomy":"product_tag","embeddable":true,"href":"https:\/\/espacetriathlon.com\/fr\/wp-json\/wp\/v2\/product_tag?post=2344"}],"curies":[{"name":"wp","href":"https:\/\/api.w.org\/{rel}","templated":true}]}}