{"id":2384,"date":"2020-11-13T13:52:34","date_gmt":"2020-11-13T13:52:34","guid":{"rendered":"https:\/\/espacetriathlon.com\/product\/electrolytes-0-kcal\/"},"modified":"2024-07-15T07:12:30","modified_gmt":"2024-07-15T07:12:30","slug":"electrolytes-0-kcal","status":"publish","type":"product","link":"https:\/\/espacetriathlon.com\/fr\/product\/electrolytes-0-kcal\/","title":{"rendered":"Electrolytes (0 Kcal)"},"content":{"rendered":"<p>La Boisson \u00e9lectrolytes (z\u00e9ro calorie) vous apporte une hydratation optimale et compense vos pertes en sel min\u00e9raux (sodium, magn\u00e9sium, calcium et potassium) li\u00e9es \u00e0 la transpiration. Cette boisson est conseill\u00e9e notamment en cas de forte chaleur et\/ou d\u2019effort de longue dur\u00e9e.<\/p>\n","protected":false},"excerpt":{"rendered":"<p>Overstims<\/p>\n<p>10x8g<\/p>\n<p>La Boisson \u00e9lectrolytes (z\u00e9ro calorie) vous apporte une hydratation optimale et compense vos pertes en sel min\u00e9raux (sodium, magn\u00e9sium, calcium et potassium) li\u00e9es \u00e0 la transpiration. Cette boisson est conseill\u00e9e notamment en cas de forte chaleur et\/ou d\u2019effort de longue dur\u00e9e.<\/p>\n","protected":false},"featured_media":49354,"template":"","meta":[],"product_brand":[],"product_cat":[297],"product_tag":[],"class_list":{"0":"post-2384","1":"product","2":"type-product","3":"status-publish","4":"has-post-thumbnail","6":"product_cat-nourriture","7":"pa_brand-overstims","9":"first","10":"instock","11":"shipping-taxable","12":"purchasable","13":"product-type-simple"},"_links":{"self":[{"href":"https:\/\/espacetriathlon.com\/fr\/wp-json\/wp\/v2\/product\/2384","targetHints":{"allow":["GET"]}}],"collection":[{"href":"https:\/\/espacetriathlon.com\/fr\/wp-json\/wp\/v2\/product"}],"about":[{"href":"https:\/\/espacetriathlon.com\/fr\/wp-json\/wp\/v2\/types\/product"}],"version-history":[{"count":3,"href":"https:\/\/espacetriathlon.com\/fr\/wp-json\/wp\/v2\/product\/2384\/revisions"}],"predecessor-version":[{"id":36637,"href":"https:\/\/espacetriathlon.com\/fr\/wp-json\/wp\/v2\/product\/2384\/revisions\/36637"}],"wp:featuredmedia":[{"embeddable":true,"href":"https:\/\/espacetriathlon.com\/fr\/wp-json\/wp\/v2\/media\/49354"}],"wp:attachment":[{"href":"https:\/\/espacetriathlon.com\/fr\/wp-json\/wp\/v2\/media?parent=2384"}],"wp:term":[{"taxonomy":"product_brand","embeddable":true,"href":"https:\/\/espacetriathlon.com\/fr\/wp-json\/wp\/v2\/product_brand?post=2384"},{"taxonomy":"product_cat","embeddable":true,"href":"https:\/\/espacetriathlon.com\/fr\/wp-json\/wp\/v2\/product_cat?post=2384"},{"taxonomy":"product_tag","embeddable":true,"href":"https:\/\/espacetriathlon.com\/fr\/wp-json\/wp\/v2\/product_tag?post=2384"}],"curies":[{"name":"wp","href":"https:\/\/api.w.org\/{rel}","templated":true}]}}