{"id":2399,"date":"2020-11-13T14:32:23","date_gmt":"2020-11-13T14:32:23","guid":{"rendered":"https:\/\/espacetriathlon.com\/product\/cafeingel\/"},"modified":"2025-09-28T13:52:39","modified_gmt":"2025-09-28T13:52:39","slug":"cafeingel","status":"publish","type":"product","link":"https:\/\/espacetriathlon.com\/fr\/product\/cafeingel\/","title":{"rendered":"Cafein&#8217;Gel"},"content":{"rendered":"<p>Cafein\u2019gel est un gel \u00e9nerg\u00e9tique \u00e0 la caf\u00e9ine (75 mg \/ gel) d\u2019origine naturelle issue du guarana pour vous accompagner lors de vos efforts les plus intenses.<\/p>\n","protected":false},"excerpt":{"rendered":"<p>Overstims<\/p>\n<p>30 g.<\/p>\n<p>Cafein\u2019gel est un gel \u00e9nerg\u00e9tique \u00e0 la caf\u00e9ine (75 mg \/ gel) d\u2019origine naturelle issue du guarana pour vous accompagner lors de vos efforts les plus intenses.<\/p>\n<p>&nbsp;<\/p>\n","protected":false},"featured_media":49363,"template":"","meta":[],"product_brand":[],"product_cat":[297],"product_tag":[],"class_list":{"0":"post-2399","1":"product","2":"type-product","3":"status-publish","4":"has-post-thumbnail","6":"product_cat-nourriture","7":"product_shipping_class-petitarticle-fr","8":"pa_brand-overstims","10":"first","11":"outofstock","12":"shipping-taxable","13":"purchasable","14":"product-type-simple"},"_links":{"self":[{"href":"https:\/\/espacetriathlon.com\/fr\/wp-json\/wp\/v2\/product\/2399","targetHints":{"allow":["GET"]}}],"collection":[{"href":"https:\/\/espacetriathlon.com\/fr\/wp-json\/wp\/v2\/product"}],"about":[{"href":"https:\/\/espacetriathlon.com\/fr\/wp-json\/wp\/v2\/types\/product"}],"version-history":[{"count":3,"href":"https:\/\/espacetriathlon.com\/fr\/wp-json\/wp\/v2\/product\/2399\/revisions"}],"predecessor-version":[{"id":36621,"href":"https:\/\/espacetriathlon.com\/fr\/wp-json\/wp\/v2\/product\/2399\/revisions\/36621"}],"wp:featuredmedia":[{"embeddable":true,"href":"https:\/\/espacetriathlon.com\/fr\/wp-json\/wp\/v2\/media\/49363"}],"wp:attachment":[{"href":"https:\/\/espacetriathlon.com\/fr\/wp-json\/wp\/v2\/media?parent=2399"}],"wp:term":[{"taxonomy":"product_brand","embeddable":true,"href":"https:\/\/espacetriathlon.com\/fr\/wp-json\/wp\/v2\/product_brand?post=2399"},{"taxonomy":"product_cat","embeddable":true,"href":"https:\/\/espacetriathlon.com\/fr\/wp-json\/wp\/v2\/product_cat?post=2399"},{"taxonomy":"product_tag","embeddable":true,"href":"https:\/\/espacetriathlon.com\/fr\/wp-json\/wp\/v2\/product_tag?post=2399"}],"curies":[{"name":"wp","href":"https:\/\/api.w.org\/{rel}","templated":true}]}}