{"id":2435,"date":"2020-11-14T10:01:04","date_gmt":"2020-11-14T10:01:04","guid":{"rendered":"https:\/\/espacetriathlon.com\/product\/fastskin-pure-focus-mirror\/"},"modified":"2024-07-15T06:56:01","modified_gmt":"2024-07-15T06:56:01","slug":"fastskin-pure-focus-mirror","status":"publish","type":"product","link":"https:\/\/espacetriathlon.com\/fr\/product\/fastskin-pure-focus-mirror\/","title":{"rendered":"Fastskin Pure Focus Mirror"},"content":{"rendered":"<ul>\n<li>5% reduced drag vs Speedo Fastskin Elite<\/li>\n<li>Superior Anti-Fog technology for 2 x longer lasting vision<\/li>\n<li>New hybrid nosebridge design for enhanced comfort and durability<\/li>\n<li>IQfit\u2122 3D goggle seal for a leak-free, secure fit and reduced marks around the eyes<\/li>\n<li>IQfit\u2122 goggle strap with patented tensioning scale for a unique and personal fit<\/li>\n<li>Fit point markers for precise alignment of Fastskin goggle and cap by touch before a race<\/li>\n<\/ul>\n","protected":false},"excerpt":{"rendered":"<p>Speedo<\/p>\n<p>Con\u00e7u en collaboration avec les meilleurs athl\u00e8tes du monde, la lunette Fastskin Pure Focus Mirror offre une r\u00e9duction de 5% de la tra\u00een\u00e9e par rapport au Fastskin Elite, ce qui en fait le la lunnette la plus avanc\u00e9e et rapide jamais con\u00e7ue. Ses caract\u00e9ristiques de conception innovantes lui permettent d\u2019offrir la synergie ultime entre vitesse, performance et style. Enti\u00e8rement approuv\u00e9 par la FINA.<\/p>\n","protected":false},"featured_media":60489,"template":"","meta":[],"product_brand":[],"product_cat":[282],"product_tag":[],"class_list":{"0":"post-2435","1":"product","2":"type-product","3":"status-publish","4":"has-post-thumbnail","6":"product_cat-lunettes","7":"pa_brand-speedo","8":"pa_color_s-black-oxyd-grey-2","9":"pa_color_s-blue-cobalt-tropical","10":"pa_color_s-green-purple-2","11":"pa_color_s-red-white-2","12":"pa_color_s-yellow-black-2","14":"first","15":"instock","16":"sale","17":"shipping-taxable","18":"purchasable","19":"product-type-variable"},"_links":{"self":[{"href":"https:\/\/espacetriathlon.com\/fr\/wp-json\/wp\/v2\/product\/2435","targetHints":{"allow":["GET"]}}],"collection":[{"href":"https:\/\/espacetriathlon.com\/fr\/wp-json\/wp\/v2\/product"}],"about":[{"href":"https:\/\/espacetriathlon.com\/fr\/wp-json\/wp\/v2\/types\/product"}],"version-history":[{"count":2,"href":"https:\/\/espacetriathlon.com\/fr\/wp-json\/wp\/v2\/product\/2435\/revisions"}],"predecessor-version":[{"id":36608,"href":"https:\/\/espacetriathlon.com\/fr\/wp-json\/wp\/v2\/product\/2435\/revisions\/36608"}],"wp:featuredmedia":[{"embeddable":true,"href":"https:\/\/espacetriathlon.com\/fr\/wp-json\/wp\/v2\/media\/60489"}],"wp:attachment":[{"href":"https:\/\/espacetriathlon.com\/fr\/wp-json\/wp\/v2\/media?parent=2435"}],"wp:term":[{"taxonomy":"product_brand","embeddable":true,"href":"https:\/\/espacetriathlon.com\/fr\/wp-json\/wp\/v2\/product_brand?post=2435"},{"taxonomy":"product_cat","embeddable":true,"href":"https:\/\/espacetriathlon.com\/fr\/wp-json\/wp\/v2\/product_cat?post=2435"},{"taxonomy":"product_tag","embeddable":true,"href":"https:\/\/espacetriathlon.com\/fr\/wp-json\/wp\/v2\/product_tag?post=2435"}],"curies":[{"name":"wp","href":"https:\/\/api.w.org\/{rel}","templated":true}]}}