{"id":25126,"date":"2024-03-16T13:22:01","date_gmt":"2024-03-16T13:22:01","guid":{"rendered":"https:\/\/espacetriathlon.com\/product\/smart-google-max-kit\/"},"modified":"2025-12-17T10:45:03","modified_gmt":"2025-12-17T10:45:03","slug":"smart-google-max-kit","status":"publish","type":"product","link":"https:\/\/espacetriathlon.com\/fr\/product\/smart-google-max-kit\/","title":{"rendered":"Smart Goggle Max Kit"},"content":{"rendered":"<p>AFFICHAGE NUM\u00c9RIQUE : L\u2019affichage num\u00e9rique permet aux nageurs de voir en un coup d\u2019\u0153il l\u2019horloge, le nombre de tours, les divisions, la vitesse de nage et bien plus encore. Les vues personnalisables permettent aux nageurs d\u2019ajuster l\u2019affichage en fonction de leurs besoins optiques dans l\u2019application.<br \/>\nDESIGN DU GOGGLE : Le design confortable du goggle comprend une large monture pour un champ de vision plus large et des joints souples pour un ajustement \u00e9tanche. Des clips de chaque c\u00f4t\u00e9 facilitent les r\u00e9glages. Elles offrent une protection antibu\u00e9e et anti-UV et ne contiennent pas de latex.<br \/>\nAPP CIYE\u2122 : L\u2019application Ciye\u2122 vous permet de passer en revue les d\u00e9tails approfondis de l\u2019entra\u00eenement, de personnaliser l\u2019affichage de votre Smart Coach, de partager vos s\u00e9ances d\u2019entra\u00eenement avec vos amis et de vous synchroniser avec des applications de fitness populaires telles que Apple Health, Strava et Swim.com. Disponible sur l\u2019Apple Store ou Google Play.<br \/>\nDANS LA BO\u00ceTE : Ce kit comprend : les lunettes, le module Smart Coach, un c\u00e2ble de chargement USB magn\u00e9tique, quatre nez interchangeables et un \u00e9tui de transport souple.<br \/>\nLENTILLES REMPLACABLES : Lentille ray\u00e9e ? Lunettes cass\u00e9es ? Pas de probl\u00e8me ! L\u2019affichage num\u00e9rique Smart Coach peut \u00eatre facilement transf\u00e9r\u00e9 d\u2019une lunette \u00e0 l\u2019autre.<\/p>\n","protected":false},"excerpt":{"rendered":"<p>La nouvelle Smart Goggle Max est une lunette de natation de style eau libre con\u00e7ue pour les triathl\u00e8tes et les nageurs en forme. Con\u00e7u pour aider les nageurs \u00e0 s\u2019am\u00e9liorer et \u00e0 atteindre leurs objectifs de forme physique, l\u2019affichage dans le masque et le tracker d\u2019activit\u00e9 aliment\u00e9 par CIYE\u2122 donnent un retour d\u2019information en temps r\u00e9el pour vous aider \u00e0 suivre votre distance et votre temps vous permettant de tirer le meilleur parti de votre natation. Une fois que vous \u00eates sorti de l\u2019eau, l\u2019application fournit une analyse approfondie de vos s\u00e9ances d\u2019entra\u00eenement, enregistre votre historique et vous permet de vous connecter avec des amis et des applications de remise en forme<\/p>\n","protected":false},"featured_media":59778,"template":"","meta":[],"product_brand":[],"product_cat":[1711,282],"product_tag":[],"class_list":{"0":"post-25126","1":"product","2":"type-product","3":"status-publish","4":"has-post-thumbnail","6":"product_cat-accessories-tri-3","7":"product_cat-lunettes","8":"pa_brand-finis","9":"pa_color_n-black-2","10":"pa_color_n-blue-2","11":"pa_color_n-white-2","13":"first","14":"instock","15":"sale","16":"shipping-taxable","17":"purchasable","18":"product-type-variable"},"_links":{"self":[{"href":"https:\/\/espacetriathlon.com\/fr\/wp-json\/wp\/v2\/product\/25126","targetHints":{"allow":["GET"]}}],"collection":[{"href":"https:\/\/espacetriathlon.com\/fr\/wp-json\/wp\/v2\/product"}],"about":[{"href":"https:\/\/espacetriathlon.com\/fr\/wp-json\/wp\/v2\/types\/product"}],"version-history":[{"count":4,"href":"https:\/\/espacetriathlon.com\/fr\/wp-json\/wp\/v2\/product\/25126\/revisions"}],"predecessor-version":[{"id":56787,"href":"https:\/\/espacetriathlon.com\/fr\/wp-json\/wp\/v2\/product\/25126\/revisions\/56787"}],"wp:featuredmedia":[{"embeddable":true,"href":"https:\/\/espacetriathlon.com\/fr\/wp-json\/wp\/v2\/media\/59778"}],"wp:attachment":[{"href":"https:\/\/espacetriathlon.com\/fr\/wp-json\/wp\/v2\/media?parent=25126"}],"wp:term":[{"taxonomy":"product_brand","embeddable":true,"href":"https:\/\/espacetriathlon.com\/fr\/wp-json\/wp\/v2\/product_brand?post=25126"},{"taxonomy":"product_cat","embeddable":true,"href":"https:\/\/espacetriathlon.com\/fr\/wp-json\/wp\/v2\/product_cat?post=25126"},{"taxonomy":"product_tag","embeddable":true,"href":"https:\/\/espacetriathlon.com\/fr\/wp-json\/wp\/v2\/product_tag?post=25126"}],"curies":[{"name":"wp","href":"https:\/\/api.w.org\/{rel}","templated":true}]}}