{"id":25380,"date":"2024-04-12T10:43:50","date_gmt":"2024-04-12T10:43:50","guid":{"rendered":"https:\/\/espacetriathlon.com\/?post_type=product&#038;p=25380"},"modified":"2024-07-17T12:08:09","modified_gmt":"2024-07-17T12:08:09","slug":"neoprene-jammer","status":"publish","type":"product","link":"https:\/\/espacetriathlon.com\/fr\/product\/neoprene-jammer\/","title":{"rendered":"Neoprene Jammer"},"content":{"rendered":"<p>Le jammer en n\u00e9opr\u00e8ne offre une flottabilit\u00e9 accrue sans restreindre les battements des jambes. Nagez les jambes relev\u00e9es pour travailler le haut du corps et vous d\u00e9placer dans une position optimale. Un pas en avant pour am\u00e9liorer votre technique et vos performances.<\/p>\n","protected":false},"excerpt":{"rendered":"<p>&nbsp;<\/p>\n<p>&nbsp;<\/p>\n","protected":false},"featured_media":25383,"template":"","meta":[],"product_brand":[],"product_cat":[1711],"product_tag":[],"class_list":{"0":"post-25380","1":"product","2":"type-product","3":"status-publish","4":"has-post-thumbnail","6":"product_cat-accessories-tri-3","7":"pa_brand-orca","8":"pa_size-xs-fr","9":"pa_size-s-fr","10":"pa_size-m-fr","11":"pa_size-l-fr","12":"pa_size-xl-fr","14":"first","15":"instock","16":"shipping-taxable","17":"purchasable","18":"product-type-variable"},"_links":{"self":[{"href":"https:\/\/espacetriathlon.com\/fr\/wp-json\/wp\/v2\/product\/25380","targetHints":{"allow":["GET"]}}],"collection":[{"href":"https:\/\/espacetriathlon.com\/fr\/wp-json\/wp\/v2\/product"}],"about":[{"href":"https:\/\/espacetriathlon.com\/fr\/wp-json\/wp\/v2\/types\/product"}],"version-history":[{"count":5,"href":"https:\/\/espacetriathlon.com\/fr\/wp-json\/wp\/v2\/product\/25380\/revisions"}],"predecessor-version":[{"id":37578,"href":"https:\/\/espacetriathlon.com\/fr\/wp-json\/wp\/v2\/product\/25380\/revisions\/37578"}],"wp:featuredmedia":[{"embeddable":true,"href":"https:\/\/espacetriathlon.com\/fr\/wp-json\/wp\/v2\/media\/25383"}],"wp:attachment":[{"href":"https:\/\/espacetriathlon.com\/fr\/wp-json\/wp\/v2\/media?parent=25380"}],"wp:term":[{"taxonomy":"product_brand","embeddable":true,"href":"https:\/\/espacetriathlon.com\/fr\/wp-json\/wp\/v2\/product_brand?post=25380"},{"taxonomy":"product_cat","embeddable":true,"href":"https:\/\/espacetriathlon.com\/fr\/wp-json\/wp\/v2\/product_cat?post=25380"},{"taxonomy":"product_tag","embeddable":true,"href":"https:\/\/espacetriathlon.com\/fr\/wp-json\/wp\/v2\/product_tag?post=25380"}],"curies":[{"name":"wp","href":"https:\/\/api.w.org\/{rel}","templated":true}]}}