{"id":25422,"date":"2024-04-19T13:20:59","date_gmt":"2024-04-19T13:20:59","guid":{"rendered":"https:\/\/espacetriathlon.com\/?post_type=product&#038;p=25422"},"modified":"2025-10-03T08:45:45","modified_gmt":"2025-10-03T08:45:45","slug":"triathlon-starter-kit-women-confort","status":"publish","type":"product","link":"https:\/\/espacetriathlon.com\/fr\/product\/triathlon-starter-kit-women-confort\/","title":{"rendered":"Triathlon Starter Kit Women \u2013 Confort"},"content":{"rendered":"<p>Pour \u00eatre pr\u00eat \u00e0 d\u00e9buter votre nouvelle aventure sportive avec une s\u00e9lection optimale de nos produits, nous vous proposons un starter kit compos\u00e9 de<\/p>\n<ul>\n<li>une wetsuit Orca athlex float<\/li>\n<li>une trifonction Aerorace Suit (couleur gris\/noir ou blanc\/noir, \u00e0 communiquer)<\/li>\n<\/ul>\n<p>Prix: 399 francs au lieu de 488 francs<\/p>\n<p>Bonus : 1 paire de lunettes Vision Orca offerte gratuitement<\/p>\n","protected":false},"excerpt":{"rendered":"<p>La meilleure offre pour les triathl\u00e8tes d\u00e9butants extr\u00eamement motiv\u00e9s P<\/p>\n<p>Pour \u00eatre pr\u00eat \u00e0 d\u00e9buter votre nouvelle aventure sportive avec une s\u00e9lection optimale de nos produits, nous vous proposons un starter kit compos\u00e9 de<\/p>\n<ul>\n<li>une wetsuit Orca athlex float<\/li>\n<li>une trifonction Aerorace Suit (couleur gris\/noir ou blanc\/noir, \u00e0 communiquer)<\/li>\n<\/ul>\n<p>Prix: 399 francs au lieu de 488 francs<\/p>\n<p>Bonus : 1 paire de lunettes Vision Orca offerte gratuitement<\/p>\n","protected":false},"featured_media":56454,"template":"","meta":[],"product_brand":[],"product_cat":[306],"product_tag":[],"class_list":{"0":"post-25422","1":"product","2":"type-product","3":"status-publish","4":"has-post-thumbnail","6":"product_cat-wetsuit-neopren-fr","7":"pa_brand-orca","8":"pa_taille-orca-f-st-170-185-cm-60-67-kg-2","9":"pa_taille-orca-f-xst-157-167-cm-50-56-kg-2","10":"pa_taille-orca-f-xs-144-160cm-46-53kg-fr","11":"pa_taille-orca-f-s-157-167cm-54-61kg-fr","12":"pa_taille-orca-f-m-165-177cm-60-67kg-fr","13":"pa_taille-orca-f-l-170-185cm-66-74kg-fr","14":"pa_taille-orca-f-xl-177-189cm-73-79kg-fr","16":"first","17":"instock","18":"sale","19":"shipping-taxable","20":"purchasable","21":"product-type-variable"},"_links":{"self":[{"href":"https:\/\/espacetriathlon.com\/fr\/wp-json\/wp\/v2\/product\/25422","targetHints":{"allow":["GET"]}}],"collection":[{"href":"https:\/\/espacetriathlon.com\/fr\/wp-json\/wp\/v2\/product"}],"about":[{"href":"https:\/\/espacetriathlon.com\/fr\/wp-json\/wp\/v2\/types\/product"}],"version-history":[{"count":7,"href":"https:\/\/espacetriathlon.com\/fr\/wp-json\/wp\/v2\/product\/25422\/revisions"}],"predecessor-version":[{"id":56467,"href":"https:\/\/espacetriathlon.com\/fr\/wp-json\/wp\/v2\/product\/25422\/revisions\/56467"}],"wp:featuredmedia":[{"embeddable":true,"href":"https:\/\/espacetriathlon.com\/fr\/wp-json\/wp\/v2\/media\/56454"}],"wp:attachment":[{"href":"https:\/\/espacetriathlon.com\/fr\/wp-json\/wp\/v2\/media?parent=25422"}],"wp:term":[{"taxonomy":"product_brand","embeddable":true,"href":"https:\/\/espacetriathlon.com\/fr\/wp-json\/wp\/v2\/product_brand?post=25422"},{"taxonomy":"product_cat","embeddable":true,"href":"https:\/\/espacetriathlon.com\/fr\/wp-json\/wp\/v2\/product_cat?post=25422"},{"taxonomy":"product_tag","embeddable":true,"href":"https:\/\/espacetriathlon.com\/fr\/wp-json\/wp\/v2\/product_tag?post=25422"}],"curies":[{"name":"wp","href":"https:\/\/api.w.org\/{rel}","templated":true}]}}