{"id":25455,"date":"2024-04-19T13:58:38","date_gmt":"2024-04-19T13:58:38","guid":{"rendered":"https:\/\/espacetriathlon.com\/?post_type=product&#038;p=25455"},"modified":"2025-10-03T08:41:27","modified_gmt":"2025-10-03T08:41:27","slug":"triathlon-starter-kit-men-confort","status":"publish","type":"product","link":"https:\/\/espacetriathlon.com\/fr\/product\/triathlon-starter-kit-men-confort\/","title":{"rendered":"Triathlon Starter Kit Men \u2013 Confort"},"content":{"rendered":"<p><strong>Notre meilleur choix de produits pour les d\u00e9butants tr\u00e8s motiv\u00e9s<\/strong><\/p>\n<p>Soyez pr\u00eat \u00e0 commencer votre nouvelle aventure sportive avec une s\u00e9lection de nos produits.<\/p>\n<ul>\n<li>combinaison Orca athlex float<\/li>\n<li>Orca Men Aero Race Suits (couleur blanc \/ noir ou gris \/ noir selon disponibilit\u00e9)<\/li>\n<li>Prix 399,00 au lieu de 488,00<\/li>\n<\/ul>\n<p>bonus : une paire gratuite de lunettes de natation orca vision<\/p>\n","protected":false},"excerpt":{"rendered":"<p><strong>Notre meilleur choix de produits pour les d\u00e9butants tr\u00e8s motiv\u00e9s<\/strong><\/p>\n<p>Pour \u00eatre pr\u00eat \u00e0 d\u00e9buter votre nouvelle aventure sportive avec une s\u00e9lection optimale de nos produits, nous vous proposons un starter kit compos\u00e9 de<\/p>\n<ul>\n<li>combinaison Orca athlex float<\/li>\n<li>Orca Men Aero Race Suits (couleur blanc \/ noir ou gris \/ noir selon disponibilit\u00e9)<\/li>\n<li>Prix 399,00 au lieu de 488,00<\/li>\n<\/ul>\n<p>bonus : une paire gratuite de lunettes de natation orca vision<\/p>\n","protected":false},"featured_media":56458,"template":"","meta":[],"product_brand":[],"product_cat":[306],"product_tag":[],"class_list":{"0":"post-25455","1":"product","2":"type-product","3":"status-publish","4":"has-post-thumbnail","6":"product_cat-wetsuit-neopren-fr","7":"pa_brand-orca","8":"pa_taille-orca-h-t5-162-172-cm-61-66-kg-fr","9":"pa_taille-orca-h-t6-167-175-cm-67-75-kg-fr","10":"pa_taille-orca-h-tmt-177-190-cm-68-76-kg","11":"pa_taille-orca-h-t7-173-185-cm-75-82-kg-fr","12":"pa_taille-orca-h-t8-180-188-cm-82-89-kg-fr","13":"pa_taille-orca-h-t9-185-193-cm-89-97-kg-fr","14":"pa_taille-orca-h-t10-190-196-cm-98-109-kg-fr","15":"pa_taille-orca-h-t11-193-200-cm-107-kg-fr","17":"first","18":"instock","19":"sale","20":"featured","21":"shipping-taxable","22":"purchasable","23":"product-type-variable"},"_links":{"self":[{"href":"https:\/\/espacetriathlon.com\/fr\/wp-json\/wp\/v2\/product\/25455","targetHints":{"allow":["GET"]}}],"collection":[{"href":"https:\/\/espacetriathlon.com\/fr\/wp-json\/wp\/v2\/product"}],"about":[{"href":"https:\/\/espacetriathlon.com\/fr\/wp-json\/wp\/v2\/types\/product"}],"version-history":[{"count":5,"href":"https:\/\/espacetriathlon.com\/fr\/wp-json\/wp\/v2\/product\/25455\/revisions"}],"predecessor-version":[{"id":56462,"href":"https:\/\/espacetriathlon.com\/fr\/wp-json\/wp\/v2\/product\/25455\/revisions\/56462"}],"wp:featuredmedia":[{"embeddable":true,"href":"https:\/\/espacetriathlon.com\/fr\/wp-json\/wp\/v2\/media\/56458"}],"wp:attachment":[{"href":"https:\/\/espacetriathlon.com\/fr\/wp-json\/wp\/v2\/media?parent=25455"}],"wp:term":[{"taxonomy":"product_brand","embeddable":true,"href":"https:\/\/espacetriathlon.com\/fr\/wp-json\/wp\/v2\/product_brand?post=25455"},{"taxonomy":"product_cat","embeddable":true,"href":"https:\/\/espacetriathlon.com\/fr\/wp-json\/wp\/v2\/product_cat?post=25455"},{"taxonomy":"product_tag","embeddable":true,"href":"https:\/\/espacetriathlon.com\/fr\/wp-json\/wp\/v2\/product_tag?post=25455"}],"curies":[{"name":"wp","href":"https:\/\/api.w.org\/{rel}","templated":true}]}}