{"id":25560,"date":"2024-05-06T10:08:55","date_gmt":"2024-05-06T10:08:55","guid":{"rendered":"https:\/\/espacetriathlon.com\/?post_type=product&#038;p=25560"},"modified":"2025-06-24T13:33:41","modified_gmt":"2025-06-24T13:33:41","slug":"hsf800-hydratation-system","status":"publish","type":"product","link":"https:\/\/espacetriathlon.com\/fr\/product\/hsf800-hydratation-system\/","title":{"rendered":"HSF800+ Hydratation System"},"content":{"rendered":"<p>Composition de la bouteille : Bouteille en PEHD sans BPA ;<br \/>\n\u2013 Capacit\u00e9 de la bouteille : 800 ml ;<br \/>\n\u2013 Composition du porte-bidon : Nylon inject\u00e9 \/ Fibre de verre<br \/>\n\u2013 Hauteur de montage : 10 mm ;<br \/>\n\u2013 Recul : 30 mm ;<br \/>\n\u2013 Largeur de montage maximale : 120 mm ;<br \/>\n\u2013 Largeur de montage minimale : 80 mm.<\/p>\n","protected":false},"excerpt":{"rendered":"<p>Avec son nouveau design le syst\u00e8me d\u2019hydratation PROFILE DESIGN AERO HSF\/800+ a \u00e9t\u00e9 con\u00e7u pour incorporer toutes les fonctionnalit\u00e9s essentielles d\u2019un syst\u00e8me de porte-bidon au cintre.<\/p>\n<p>Ce syst\u00e8me d\u2019hydratation propose un tuyau flexible avec un embout \u00e0 morsure et une r\u00e9tention magn\u00e9tique pour un soutien s\u00fbr. De plus, il dispose d\u2019un support amovible Garmin sur le porte-bidon pour avoir ses donn\u00e9es sous les yeux pendant votre contre-la-montre.<\/p>\n","protected":false},"featured_media":25574,"template":"","meta":[],"product_brand":[],"product_cat":[1711,318],"product_tag":[],"class_list":{"0":"post-25560","1":"product","2":"type-product","3":"status-publish","4":"has-post-thumbnail","6":"product_cat-accessories-tri-3","7":"product_cat-velo","8":"pa_brand-profile-design","10":"first","11":"outofstock","12":"shipping-taxable","13":"purchasable","14":"product-type-simple"},"_links":{"self":[{"href":"https:\/\/espacetriathlon.com\/fr\/wp-json\/wp\/v2\/product\/25560","targetHints":{"allow":["GET"]}}],"collection":[{"href":"https:\/\/espacetriathlon.com\/fr\/wp-json\/wp\/v2\/product"}],"about":[{"href":"https:\/\/espacetriathlon.com\/fr\/wp-json\/wp\/v2\/types\/product"}],"version-history":[{"count":3,"href":"https:\/\/espacetriathlon.com\/fr\/wp-json\/wp\/v2\/product\/25560\/revisions"}],"predecessor-version":[{"id":35813,"href":"https:\/\/espacetriathlon.com\/fr\/wp-json\/wp\/v2\/product\/25560\/revisions\/35813"}],"wp:featuredmedia":[{"embeddable":true,"href":"https:\/\/espacetriathlon.com\/fr\/wp-json\/wp\/v2\/media\/25574"}],"wp:attachment":[{"href":"https:\/\/espacetriathlon.com\/fr\/wp-json\/wp\/v2\/media?parent=25560"}],"wp:term":[{"taxonomy":"product_brand","embeddable":true,"href":"https:\/\/espacetriathlon.com\/fr\/wp-json\/wp\/v2\/product_brand?post=25560"},{"taxonomy":"product_cat","embeddable":true,"href":"https:\/\/espacetriathlon.com\/fr\/wp-json\/wp\/v2\/product_cat?post=25560"},{"taxonomy":"product_tag","embeddable":true,"href":"https:\/\/espacetriathlon.com\/fr\/wp-json\/wp\/v2\/product_tag?post=25560"}],"curies":[{"name":"wp","href":"https:\/\/api.w.org\/{rel}","templated":true}]}}