{"id":25595,"date":"2024-05-06T10:21:48","date_gmt":"2024-05-06T10:21:48","guid":{"rendered":"https:\/\/espacetriathlon.com\/product\/fc35-hydratation-system\/"},"modified":"2024-07-10T11:17:32","modified_gmt":"2024-07-10T11:17:32","slug":"fc35-hydratation-system","status":"publish","type":"product","link":"https:\/\/espacetriathlon.com\/fr\/product\/fc35-hydratation-system\/","title":{"rendered":"Syst\u00e8me D\u2019hydratation FC35"},"content":{"rendered":"<p>Le syst\u00e8me est situ\u00e9 entre les bras pour am\u00e9liorer la maniabilit\u00e9 du v\u00e9lo et aider \u00e0 maintenir la position de conduite, tandis que la forme a\u00e9rodynamique NACA avec une queue en kam r\u00e9duit la tra\u00een\u00e9e. Le syst\u00e8me est sans BPA et a une capacit\u00e9 de 1035 ml, id\u00e9ale pour les \u00e9v\u00e9nements de longue dur\u00e9e. Un syst\u00e8me anti-d\u00e9bordement associ\u00e9 \u00e0 un orifice de remplissage r\u00e9duit les fuites, tandis qu\u2019un support d\u2019ordinateur int\u00e9gr\u00e9 et une pochette de rangement \u00e0 l\u2019arri\u00e8re de l\u2019aile sont inclus.<\/p>\n<p>Construction: BPA-Free, Foodsafe HDPE Bottle<br \/>\nCapacity: 35oz (1035ml)<br \/>\nWidth: 65mm-140mm (center to center)<\/p>\n","protected":false},"excerpt":{"rendered":"<p>l est vital de rester hydrat\u00e9 pendant votre chrono ou votre triathlon. Le syst\u00e8me d\u2019hydratation FC35 de Profile Design met l\u2019accent sur l\u2019a\u00e9rodynamisme, la maniabilit\u00e9 et la fonctionnalit\u00e9. Le syst\u00e8me est situ\u00e9 entre les bras pour am\u00e9liorer la maniabilit\u00e9 du v\u00e9lo et aider \u00e0 conserver votre position de conduite, tandis que la forme de l\u2019aile NACA avec une queue de kam r\u00e9duit la tra\u00een\u00e9e. Le syst\u00e8me est sans BPA et a une capacit\u00e9 de 1035 ml, id\u00e9ale pour les \u00e9v\u00e9nements plus longs. Un syst\u00e8me anti-fuite combin\u00e9 \u00e0 un port de recharge r\u00e9duit toute fuite, tandis qu\u2019un support d\u2019ordinateur int\u00e9gr\u00e9 et une pochette de rangement pour le profil a\u00e9rodynamique arri\u00e8re sont inclus.<\/p>\n","protected":false},"featured_media":25592,"template":"","meta":[],"product_brand":[],"product_cat":[1711,318],"product_tag":[],"class_list":{"0":"post-25595","1":"product","2":"type-product","3":"status-publish","4":"has-post-thumbnail","6":"product_cat-accessories-tri-3","7":"product_cat-velo","8":"pa_brand-profile-design","10":"first","11":"instock","12":"shipping-taxable","13":"purchasable","14":"product-type-simple"},"_links":{"self":[{"href":"https:\/\/espacetriathlon.com\/fr\/wp-json\/wp\/v2\/product\/25595","targetHints":{"allow":["GET"]}}],"collection":[{"href":"https:\/\/espacetriathlon.com\/fr\/wp-json\/wp\/v2\/product"}],"about":[{"href":"https:\/\/espacetriathlon.com\/fr\/wp-json\/wp\/v2\/types\/product"}],"version-history":[{"count":3,"href":"https:\/\/espacetriathlon.com\/fr\/wp-json\/wp\/v2\/product\/25595\/revisions"}],"predecessor-version":[{"id":35811,"href":"https:\/\/espacetriathlon.com\/fr\/wp-json\/wp\/v2\/product\/25595\/revisions\/35811"}],"wp:featuredmedia":[{"embeddable":true,"href":"https:\/\/espacetriathlon.com\/fr\/wp-json\/wp\/v2\/media\/25592"}],"wp:attachment":[{"href":"https:\/\/espacetriathlon.com\/fr\/wp-json\/wp\/v2\/media?parent=25595"}],"wp:term":[{"taxonomy":"product_brand","embeddable":true,"href":"https:\/\/espacetriathlon.com\/fr\/wp-json\/wp\/v2\/product_brand?post=25595"},{"taxonomy":"product_cat","embeddable":true,"href":"https:\/\/espacetriathlon.com\/fr\/wp-json\/wp\/v2\/product_cat?post=25595"},{"taxonomy":"product_tag","embeddable":true,"href":"https:\/\/espacetriathlon.com\/fr\/wp-json\/wp\/v2\/product_tag?post=25595"}],"curies":[{"name":"wp","href":"https:\/\/api.w.org\/{rel}","templated":true}]}}