{"id":25607,"date":"2024-05-06T10:30:41","date_gmt":"2024-05-06T10:30:41","guid":{"rendered":"https:\/\/espacetriathlon.com\/product\/aero-hc-hydratation-system\/"},"modified":"2024-07-10T11:04:24","modified_gmt":"2024-07-10T11:04:24","slug":"aero-hc-hydratation-system","status":"publish","type":"product","link":"https:\/\/espacetriathlon.com\/fr\/product\/aero-hc-hydratation-system\/","title":{"rendered":"Aero HC Hydratation System"},"content":{"rendered":"<p>Made from injected nylon and fibreglass;<br \/>\n&#8211; Capacity: 710 ml ;<br \/>\n&#8211; HDPE Foodsafe can, BPA-free.<\/p>\n","protected":false},"excerpt":{"rendered":"<p>Ing\u00e9nieux, stable et rapide d\u2019installation, le syst\u00e8me d\u2019hydratation PROFILE DESIGN Aero HC System est parfait pour conserver une position a\u00e9rodynamique tout au long de votre course.<\/p>\n<p>Id\u00e9alement int\u00e9gr\u00e9 \u00e0 votre guidon, ce syst\u00e8me est positionn\u00e9 entre les prologateurs, juste sous la bouche. La forme en ogive du bidon favorise l&#8217;a\u00e9rodynamisme et la partie avant peut \u00eatre retir\u00e9e pour faciliter le nettoyage.<\/p>\n","protected":false},"featured_media":25601,"template":"","meta":[],"product_brand":[],"product_cat":[1711,318],"product_tag":[],"class_list":{"0":"post-25607","1":"product","2":"type-product","3":"status-publish","4":"has-post-thumbnail","6":"product_cat-accessories-tri-3","7":"product_cat-velo","8":"pa_brand-profile-design","10":"first","11":"instock","12":"shipping-taxable","13":"purchasable","14":"product-type-simple"},"_links":{"self":[{"href":"https:\/\/espacetriathlon.com\/fr\/wp-json\/wp\/v2\/product\/25607","targetHints":{"allow":["GET"]}}],"collection":[{"href":"https:\/\/espacetriathlon.com\/fr\/wp-json\/wp\/v2\/product"}],"about":[{"href":"https:\/\/espacetriathlon.com\/fr\/wp-json\/wp\/v2\/types\/product"}],"version-history":[{"count":3,"href":"https:\/\/espacetriathlon.com\/fr\/wp-json\/wp\/v2\/product\/25607\/revisions"}],"predecessor-version":[{"id":35807,"href":"https:\/\/espacetriathlon.com\/fr\/wp-json\/wp\/v2\/product\/25607\/revisions\/35807"}],"wp:featuredmedia":[{"embeddable":true,"href":"https:\/\/espacetriathlon.com\/fr\/wp-json\/wp\/v2\/media\/25601"}],"wp:attachment":[{"href":"https:\/\/espacetriathlon.com\/fr\/wp-json\/wp\/v2\/media?parent=25607"}],"wp:term":[{"taxonomy":"product_brand","embeddable":true,"href":"https:\/\/espacetriathlon.com\/fr\/wp-json\/wp\/v2\/product_brand?post=25607"},{"taxonomy":"product_cat","embeddable":true,"href":"https:\/\/espacetriathlon.com\/fr\/wp-json\/wp\/v2\/product_cat?post=25607"},{"taxonomy":"product_tag","embeddable":true,"href":"https:\/\/espacetriathlon.com\/fr\/wp-json\/wp\/v2\/product_tag?post=25607"}],"curies":[{"name":"wp","href":"https:\/\/api.w.org\/{rel}","templated":true}]}}