{"id":25613,"date":"2024-05-06T10:35:12","date_gmt":"2024-05-06T10:35:12","guid":{"rendered":"https:\/\/espacetriathlon.com\/product\/porte-bidons-double-rml\/"},"modified":"2024-07-10T10:50:27","modified_gmt":"2024-07-10T10:50:27","slug":"porte-bidons-double-rml","status":"publish","type":"product","link":"https:\/\/espacetriathlon.com\/fr\/product\/porte-bidons-double-rml\/","title":{"rendered":"Porte Bidons Double RML"},"content":{"rendered":"<p>\u2013 Construction: Stamped and machined 6061-T6 aluminum<br \/>\n\u2013 Cage Material: Injected Nylon\/Glass Fiber (KA1)<br \/>\n\u2013 Capacity: 1 or 2 cage compatible<br \/>\n\u2013 Cage: KA1<br \/>\n&#8211; Weight: 228g<\/p>\n","protected":false},"excerpt":{"rendered":"<p>Avec le syst\u00e8me Profile RML, vous pouvez cacher vos bidons derri\u00e8re votre selle, sous le vent. La cage de base est fabriqu\u00e9e en aluminium et peut \u00eatre ajust\u00e9e en deux angles \u00e0 presque toutes les selles. Ceci est particuli\u00e8rement important pour les selles de triathlon qui ont une forme particuli\u00e8re.<\/p>\n","protected":false},"featured_media":25610,"template":"","meta":[],"product_brand":[],"product_cat":[1711,318],"product_tag":[],"class_list":{"0":"post-25613","1":"product","2":"type-product","3":"status-publish","4":"has-post-thumbnail","6":"product_cat-accessories-tri-3","7":"product_cat-velo","8":"pa_brand-profile-design","10":"first","11":"outofstock","12":"shipping-taxable","13":"purchasable","14":"product-type-simple"},"_links":{"self":[{"href":"https:\/\/espacetriathlon.com\/fr\/wp-json\/wp\/v2\/product\/25613","targetHints":{"allow":["GET"]}}],"collection":[{"href":"https:\/\/espacetriathlon.com\/fr\/wp-json\/wp\/v2\/product"}],"about":[{"href":"https:\/\/espacetriathlon.com\/fr\/wp-json\/wp\/v2\/types\/product"}],"version-history":[{"count":3,"href":"https:\/\/espacetriathlon.com\/fr\/wp-json\/wp\/v2\/product\/25613\/revisions"}],"predecessor-version":[{"id":34617,"href":"https:\/\/espacetriathlon.com\/fr\/wp-json\/wp\/v2\/product\/25613\/revisions\/34617"}],"wp:featuredmedia":[{"embeddable":true,"href":"https:\/\/espacetriathlon.com\/fr\/wp-json\/wp\/v2\/media\/25610"}],"wp:attachment":[{"href":"https:\/\/espacetriathlon.com\/fr\/wp-json\/wp\/v2\/media?parent=25613"}],"wp:term":[{"taxonomy":"product_brand","embeddable":true,"href":"https:\/\/espacetriathlon.com\/fr\/wp-json\/wp\/v2\/product_brand?post=25613"},{"taxonomy":"product_cat","embeddable":true,"href":"https:\/\/espacetriathlon.com\/fr\/wp-json\/wp\/v2\/product_cat?post=25613"},{"taxonomy":"product_tag","embeddable":true,"href":"https:\/\/espacetriathlon.com\/fr\/wp-json\/wp\/v2\/product_tag?post=25613"}],"curies":[{"name":"wp","href":"https:\/\/api.w.org\/{rel}","templated":true}]}}