{"id":2575,"date":"2020-11-20T16:56:40","date_gmt":"2020-11-20T16:56:40","guid":{"rendered":"https:\/\/espacetriathlon.com\/product\/tempo-trainer\/"},"modified":"2025-06-05T19:25:47","modified_gmt":"2025-06-05T19:25:47","slug":"tempo-trainer","status":"publish","type":"product","link":"https:\/\/espacetriathlon.com\/fr\/product\/tempo-trainer\/","title":{"rendered":"Tempo Trainer"},"content":{"rendered":"<div class=\"col-sm-6 fab-left-column\">\n<div class=\"fab-left\">\n<div class=\"col-sm-12\">\n<ul>\n<li>Provides an audible beep loud enough to hear in and out of the water<\/li>\n<li>Tempo adjustable by 1\/100 of a second<\/li>\n<li>Small convenient size makes it easy to secure beneath a swim cap or goggles<\/li>\n<li>Tested to perform at a depth of 10 meters<\/li>\n<li>Auto shut-off feature saves battery life<\/li>\n<\/ul>\n<\/div>\n<\/div>\n<\/div>\n","protected":false},"excerpt":{"rendered":"<p>Finis<\/p>\n<p>Ce petit appareil \u00e9tanche se fixe facilement sous un bonnet de bain et transmet un signal sonore de tempo. Le tempo r\u00e9glable permet d\u2019identifier et de maintenir un rythme id\u00e9al. Gr\u00e2ce \u00e0 l\u2019option de remplacement de la pile, le Tempo Trainer Pro a une dur\u00e9e de vie multiple. Trois modes d\u2019entra\u00eenement diff\u00e9rents offrent une personnalisation ultime. Le Tempo Trainer Pro comprend un clip pour les exercices en milieu sec.<\/p>\n<p>&nbsp;<\/p>\n","protected":false},"featured_media":49383,"template":"","meta":[],"product_brand":[],"product_cat":[276],"product_tag":[],"class_list":{"0":"post-2575","1":"product","2":"type-product","3":"status-publish","4":"has-post-thumbnail","6":"product_cat-swimming-fr","7":"product_shipping_class-petitarticle-fr","8":"pa_brand-finis","10":"first","11":"instock","12":"shipping-taxable","13":"purchasable","14":"product-type-simple"},"_links":{"self":[{"href":"https:\/\/espacetriathlon.com\/fr\/wp-json\/wp\/v2\/product\/2575","targetHints":{"allow":["GET"]}}],"collection":[{"href":"https:\/\/espacetriathlon.com\/fr\/wp-json\/wp\/v2\/product"}],"about":[{"href":"https:\/\/espacetriathlon.com\/fr\/wp-json\/wp\/v2\/types\/product"}],"version-history":[{"count":5,"href":"https:\/\/espacetriathlon.com\/fr\/wp-json\/wp\/v2\/product\/2575\/revisions"}],"predecessor-version":[{"id":38786,"href":"https:\/\/espacetriathlon.com\/fr\/wp-json\/wp\/v2\/product\/2575\/revisions\/38786"}],"wp:featuredmedia":[{"embeddable":true,"href":"https:\/\/espacetriathlon.com\/fr\/wp-json\/wp\/v2\/media\/49383"}],"wp:attachment":[{"href":"https:\/\/espacetriathlon.com\/fr\/wp-json\/wp\/v2\/media?parent=2575"}],"wp:term":[{"taxonomy":"product_brand","embeddable":true,"href":"https:\/\/espacetriathlon.com\/fr\/wp-json\/wp\/v2\/product_brand?post=2575"},{"taxonomy":"product_cat","embeddable":true,"href":"https:\/\/espacetriathlon.com\/fr\/wp-json\/wp\/v2\/product_cat?post=2575"},{"taxonomy":"product_tag","embeddable":true,"href":"https:\/\/espacetriathlon.com\/fr\/wp-json\/wp\/v2\/product_tag?post=2575"}],"curies":[{"name":"wp","href":"https:\/\/api.w.org\/{rel}","templated":true}]}}