{"id":2592,"date":"2020-11-21T08:40:48","date_gmt":"2020-11-21T08:40:48","guid":{"rendered":"https:\/\/espacetriathlon.com\/product\/fin\/"},"modified":"2025-05-22T09:41:51","modified_gmt":"2025-05-22T09:41:51","slug":"fin","status":"publish","type":"product","link":"https:\/\/espacetriathlon.com\/fr\/product\/fin\/","title":{"rendered":"Swim Silicone Fins \u2013 Palmes"},"content":{"rendered":"<div class=\"lista\">\n<p><strong>MATERIAL<\/strong><\/p>\n<p>100% silicone.<\/p>\n<p><strong>COMFORT<\/strong><\/p>\n<p>The fins can be adjusted to fit your feet perfectly, providing greater comfort whilst you swim.<\/p>\n<p><strong>VISIBILTY<\/strong><\/p>\n<p>The high-vis orange colour means you will be seen by your training companions, even whilst under water.<\/p>\n<\/div>\n","protected":false},"excerpt":{"rendered":"<div class=\"elementor-element elementor-element-6fea4fb1 elementor-widget elementor-widget-woocommerce-product-short-description\" data-id=\"6fea4fb1\" data-element_type=\"widget\" data-widget_type=\"woocommerce-product-short-description.default\">\n<div class=\"elementor-widget-container\">\n<div class=\"woocommerce-product-details__short-description\">\n<p>Orca<\/p>\n<p>Les palmes Orca sont con\u00e7ues pour am\u00e9liorer votre technique de propulsion et votre souplesse au niveau des chevilles. Elles augmentent votre endurance et la force des muscles impliqu\u00e9s dans la phase propulsive. Elles offrent \u00e9galement une r\u00e9sistance uniforme permettant d\u2019obtenir un mouvement fluide et naturel dans l\u2019eau. Augmentez votre force de propulsion et vos performances.<\/p>\n<\/div>\n<\/div>\n<\/div>\n<div class=\"elementor-element elementor-element-5327097 elementor-product-price-block-yes elementor-widget elementor-widget-woocommerce-product-price\" data-id=\"5327097\" data-element_type=\"widget\" data-widget_type=\"woocommerce-product-price.default\">\n<div class=\"elementor-widget-container\"><\/div>\n<\/div>\n","protected":false},"featured_media":49391,"template":"","meta":[],"product_brand":[],"product_cat":[291],"product_tag":[],"class_list":{"0":"post-2592","1":"product","2":"type-product","3":"status-publish","4":"has-post-thumbnail","6":"product_cat-aide-dentrainement","7":"pa_brand-orca","8":"pa_fins_orca-36-38-fr","9":"pa_fins_orca-38-41-fr","10":"pa_fins_orca-41-43-fr","11":"pa_fins_orca-44-46-fr","13":"first","14":"instock","15":"sale","16":"shipping-taxable","17":"purchasable","18":"product-type-variable"},"_links":{"self":[{"href":"https:\/\/espacetriathlon.com\/fr\/wp-json\/wp\/v2\/product\/2592","targetHints":{"allow":["GET"]}}],"collection":[{"href":"https:\/\/espacetriathlon.com\/fr\/wp-json\/wp\/v2\/product"}],"about":[{"href":"https:\/\/espacetriathlon.com\/fr\/wp-json\/wp\/v2\/types\/product"}],"version-history":[{"count":4,"href":"https:\/\/espacetriathlon.com\/fr\/wp-json\/wp\/v2\/product\/2592\/revisions"}],"predecessor-version":[{"id":38243,"href":"https:\/\/espacetriathlon.com\/fr\/wp-json\/wp\/v2\/product\/2592\/revisions\/38243"}],"wp:featuredmedia":[{"embeddable":true,"href":"https:\/\/espacetriathlon.com\/fr\/wp-json\/wp\/v2\/media\/49391"}],"wp:attachment":[{"href":"https:\/\/espacetriathlon.com\/fr\/wp-json\/wp\/v2\/media?parent=2592"}],"wp:term":[{"taxonomy":"product_brand","embeddable":true,"href":"https:\/\/espacetriathlon.com\/fr\/wp-json\/wp\/v2\/product_brand?post=2592"},{"taxonomy":"product_cat","embeddable":true,"href":"https:\/\/espacetriathlon.com\/fr\/wp-json\/wp\/v2\/product_cat?post=2592"},{"taxonomy":"product_tag","embeddable":true,"href":"https:\/\/espacetriathlon.com\/fr\/wp-json\/wp\/v2\/product_tag?post=2592"}],"curies":[{"name":"wp","href":"https:\/\/api.w.org\/{rel}","templated":true}]}}