{"id":2712,"date":"2020-11-23T14:42:11","date_gmt":"2020-11-23T14:42:11","guid":{"rendered":"https:\/\/espacetriathlon.com\/product\/colle-neoprene\/"},"modified":"2025-05-23T15:10:11","modified_gmt":"2025-05-23T15:10:11","slug":"colle-neoprene","status":"publish","type":"product","link":"https:\/\/espacetriathlon.com\/fr\/product\/colle-neoprene\/","title":{"rendered":"Colle N\u00e9opr\u00e8ne"},"content":{"rendered":"<p>La nouvelle Black Witch \u00ab\u00a0formule sans tolu\u00e8ne\u00a0\u00bb est adapt\u00e9 pour rapide, (jusqu\u2019\u00e0 une heure) des r\u00e9parations, de d\u00e9chirures et de d\u00e9chirures de combinaisons n\u00e9opr\u00e8ne<\/p>\n<p>&nbsp;<\/p>\n","protected":false},"excerpt":{"rendered":"<p>La nouvelle Black Witch \u00ab\u00a0formule sans tolu\u00e8ne\u00a0\u00bb est adapt\u00e9 pour rapide, (jusqu\u2019\u00e0 une heure) des r\u00e9parations, de d\u00e9chirures et de d\u00e9chirures de combinaisons n\u00e9opr\u00e8ne<\/p>\n","protected":false},"featured_media":49396,"template":"","meta":[],"product_brand":[],"product_cat":[306],"product_tag":[],"class_list":{"0":"post-2712","1":"product","2":"type-product","3":"status-publish","4":"has-post-thumbnail","6":"product_cat-wetsuit-neopren-fr","8":"first","9":"instock","10":"shipping-taxable","11":"purchasable","12":"product-type-simple"},"_links":{"self":[{"href":"https:\/\/espacetriathlon.com\/fr\/wp-json\/wp\/v2\/product\/2712","targetHints":{"allow":["GET"]}}],"collection":[{"href":"https:\/\/espacetriathlon.com\/fr\/wp-json\/wp\/v2\/product"}],"about":[{"href":"https:\/\/espacetriathlon.com\/fr\/wp-json\/wp\/v2\/types\/product"}],"version-history":[{"count":5,"href":"https:\/\/espacetriathlon.com\/fr\/wp-json\/wp\/v2\/product\/2712\/revisions"}],"predecessor-version":[{"id":38247,"href":"https:\/\/espacetriathlon.com\/fr\/wp-json\/wp\/v2\/product\/2712\/revisions\/38247"}],"wp:featuredmedia":[{"embeddable":true,"href":"https:\/\/espacetriathlon.com\/fr\/wp-json\/wp\/v2\/media\/49396"}],"wp:attachment":[{"href":"https:\/\/espacetriathlon.com\/fr\/wp-json\/wp\/v2\/media?parent=2712"}],"wp:term":[{"taxonomy":"product_brand","embeddable":true,"href":"https:\/\/espacetriathlon.com\/fr\/wp-json\/wp\/v2\/product_brand?post=2712"},{"taxonomy":"product_cat","embeddable":true,"href":"https:\/\/espacetriathlon.com\/fr\/wp-json\/wp\/v2\/product_cat?post=2712"},{"taxonomy":"product_tag","embeddable":true,"href":"https:\/\/espacetriathlon.com\/fr\/wp-json\/wp\/v2\/product_tag?post=2712"}],"curies":[{"name":"wp","href":"https:\/\/api.w.org\/{rel}","templated":true}]}}