{"id":2977,"date":"2020-11-25T15:59:37","date_gmt":"2020-11-25T15:59:37","guid":{"rendered":"https:\/\/espacetriathlon.com\/product\/long-hair-swim-cap\/"},"modified":"2025-08-16T06:51:38","modified_gmt":"2025-08-16T06:51:38","slug":"long-hair-swim-cap","status":"publish","type":"product","link":"https:\/\/espacetriathlon.com\/fr\/product\/long-hair-swim-cap\/","title":{"rendered":"Long Hair Swim Cap"},"content":{"rendered":"<p>Adapt\u00e9 aux cheveux longs<br \/>\n100% Silicone<\/p>\n","protected":false},"excerpt":{"rendered":"<p>Le Long Hair Silicone Cap a \u00e9t\u00e9 sp\u00e9cialement con\u00e7u pour les nageurs ayant des cheveux longs. Il est facile \u00e0 mettre et \u00e0 enlever sans accrocher vos cheveux et vous aidera \u00e0 les prot\u00e9ger contre le chlore.<\/p>\n","protected":false},"featured_media":49421,"template":"","meta":[],"product_brand":[],"product_cat":[279],"product_tag":[],"class_list":{"0":"post-2977","1":"product","2":"type-product","3":"status-publish","4":"has-post-thumbnail","6":"product_cat-accessories-swim","7":"product_shipping_class-petitarticle-fr","8":"pa_brand-speedo","9":"pa_color_n-black-2","10":"pa_color_n-green-2","11":"pa_color_n-grey-2","12":"pa_color_n-pink-2","14":"first","15":"instock","16":"shipping-taxable","17":"purchasable","18":"product-type-variable"},"_links":{"self":[{"href":"https:\/\/espacetriathlon.com\/fr\/wp-json\/wp\/v2\/product\/2977","targetHints":{"allow":["GET"]}}],"collection":[{"href":"https:\/\/espacetriathlon.com\/fr\/wp-json\/wp\/v2\/product"}],"about":[{"href":"https:\/\/espacetriathlon.com\/fr\/wp-json\/wp\/v2\/types\/product"}],"version-history":[{"count":4,"href":"https:\/\/espacetriathlon.com\/fr\/wp-json\/wp\/v2\/product\/2977\/revisions"}],"predecessor-version":[{"id":53936,"href":"https:\/\/espacetriathlon.com\/fr\/wp-json\/wp\/v2\/product\/2977\/revisions\/53936"}],"wp:featuredmedia":[{"embeddable":true,"href":"https:\/\/espacetriathlon.com\/fr\/wp-json\/wp\/v2\/media\/49421"}],"wp:attachment":[{"href":"https:\/\/espacetriathlon.com\/fr\/wp-json\/wp\/v2\/media?parent=2977"}],"wp:term":[{"taxonomy":"product_brand","embeddable":true,"href":"https:\/\/espacetriathlon.com\/fr\/wp-json\/wp\/v2\/product_brand?post=2977"},{"taxonomy":"product_cat","embeddable":true,"href":"https:\/\/espacetriathlon.com\/fr\/wp-json\/wp\/v2\/product_cat?post=2977"},{"taxonomy":"product_tag","embeddable":true,"href":"https:\/\/espacetriathlon.com\/fr\/wp-json\/wp\/v2\/product_tag?post=2977"}],"curies":[{"name":"wp","href":"https:\/\/api.w.org\/{rel}","templated":true}]}}