{"id":3118,"date":"2020-12-01T13:43:21","date_gmt":"2020-12-01T13:43:21","guid":{"rendered":"https:\/\/espacetriathlon.com\/product\/triathlon-starter-kit-men\/"},"modified":"2024-07-15T06:02:28","modified_gmt":"2024-07-15T06:02:28","slug":"triathlon-starter-kit-men","status":"publish","type":"product","link":"https:\/\/espacetriathlon.com\/fr\/product\/triathlon-starter-kit-men\/","title":{"rendered":"Triathlon Starter Kit Men &#8211; Basic"},"content":{"rendered":"<p>Pour \u00eatre pr\u00eat \u00e0 d\u00e9buter votre nouvelle aventure sportive avec une s\u00e9lection optimale de nos produits, nous vous proposons un starter kit compos\u00e9 de<\/p>\n<ul>\n<li>une wetsuit TRN<\/li>\n<li>une trifonction basic trisuit (couleur variable, \u00e0 communiquer)<\/li>\n<\/ul>\n<p>Prix: 299 francs au lieu de 399,00<\/p>\n","protected":false},"excerpt":{"rendered":"<p>Pour \u00eatre pr\u00eat \u00e0 d\u00e9buter votre nouvelle aventure sportive avec une s\u00e9lection optimale de nos produits, nous vous proposons un starter kit compos\u00e9 de<\/p>\n<ul>\n<li>une wetsuit TRN<\/li>\n<li>une trifonction basic trisuit (couleur variable, \u00e0 communiquer)<\/li>\n<\/ul>\n<p>Prix: 299 francs au lieu de 399,00<\/p>\n","protected":false},"featured_media":56040,"template":"","meta":[],"product_brand":[],"product_cat":[306],"product_tag":[],"class_list":{"0":"post-3118","1":"product","2":"type-product","3":"status-publish","4":"has-post-thumbnail","6":"product_cat-wetsuit-neopren-fr","7":"pa_brand-orca","8":"pa_taille-orca-h-t5-162-172-cm-61-66-kg-fr","9":"pa_taille-orca-h-t6-167-175-cm-67-75-kg-fr","10":"pa_taille-orca-h-tmt-177-190-cm-68-76-kg","11":"pa_taille-orca-h-t7-173-185-cm-75-82-kg-fr","12":"pa_taille-orca-h-t8-180-188-cm-82-89-kg-fr","13":"pa_taille-orca-h-t9-185-193-cm-89-97-kg-fr","14":"pa_taille-orca-h-t10-190-196-cm-98-109-kg-fr","15":"pa_taille-orca-h-t11-193-200-cm-107-kg-fr","17":"first","18":"instock","19":"sale","20":"featured","21":"shipping-taxable","22":"purchasable","23":"product-type-variable"},"_links":{"self":[{"href":"https:\/\/espacetriathlon.com\/fr\/wp-json\/wp\/v2\/product\/3118","targetHints":{"allow":["GET"]}}],"collection":[{"href":"https:\/\/espacetriathlon.com\/fr\/wp-json\/wp\/v2\/product"}],"about":[{"href":"https:\/\/espacetriathlon.com\/fr\/wp-json\/wp\/v2\/types\/product"}],"version-history":[{"count":3,"href":"https:\/\/espacetriathlon.com\/fr\/wp-json\/wp\/v2\/product\/3118\/revisions"}],"predecessor-version":[{"id":36547,"href":"https:\/\/espacetriathlon.com\/fr\/wp-json\/wp\/v2\/product\/3118\/revisions\/36547"}],"wp:featuredmedia":[{"embeddable":true,"href":"https:\/\/espacetriathlon.com\/fr\/wp-json\/wp\/v2\/media\/56040"}],"wp:attachment":[{"href":"https:\/\/espacetriathlon.com\/fr\/wp-json\/wp\/v2\/media?parent=3118"}],"wp:term":[{"taxonomy":"product_brand","embeddable":true,"href":"https:\/\/espacetriathlon.com\/fr\/wp-json\/wp\/v2\/product_brand?post=3118"},{"taxonomy":"product_cat","embeddable":true,"href":"https:\/\/espacetriathlon.com\/fr\/wp-json\/wp\/v2\/product_cat?post=3118"},{"taxonomy":"product_tag","embeddable":true,"href":"https:\/\/espacetriathlon.com\/fr\/wp-json\/wp\/v2\/product_tag?post=3118"}],"curies":[{"name":"wp","href":"https:\/\/api.w.org\/{rel}","templated":true}]}}