{"id":3600,"date":"2020-12-12T11:52:03","date_gmt":"2020-12-12T11:52:03","guid":{"rendered":"https:\/\/espacetriathlon.com\/?post_type=product&#038;p=3600"},"modified":"2025-05-24T06:26:47","modified_gmt":"2025-05-24T06:26:47","slug":"edge-fins","status":"publish","type":"product","link":"https:\/\/espacetriathlon.com\/fr\/product\/edge-fins\/","title":{"rendered":"Edge Fins"},"content":{"rendered":"<div class=\"col-sm-6 fab-left-column\">\n<div class=\"fab-left\">\n<div class=\"col-sm-12\">\n<ul>\n<li>Designed to be worn during aerobic and anaerobic training to increase your endurance and speed<\/li>\n<li>Teaching tool for swimmers of all levels to support and improve their kick<\/li>\n<li>Technique focused side rails activate your hips and quadriceps\u2014 enforcing a proper kick that starts at your hips and not your knees<\/li>\n<li>Proprietary blade angle is designed to feel like a natural extension of the foot<\/li>\n<li>Open toe design allows for a snug fit and prevents chaffing. Size up if you are between sizes or have wide fee<\/li>\n<\/ul>\n<\/div>\n<\/div>\n<\/div>\n","protected":false},"excerpt":{"rendered":"<div id=\"item-details-content-container-2\" class=\"col-sm-6 product-details-right\">\n<p class=\"p1\">Les palmes Edge sont con\u00e7ues pour am\u00e9liorer la technique et donner \u00e0 vos jambes un v\u00e9ritable entra\u00eenement. Il faut de la puissance pour pousser ces palmes dans l\u2019eau, ce qui permet de d\u00e9velopper la force et l\u2019endurance. Les rails lat\u00e9raux de la palme activent les hanches et les quadriceps, ce qui permet de donner un bon coup de pied qui commence au niveau des hanches et non des genoux. Ce mouvement est excellent pour le d\u00e9veloppement des fessiers et des ischio-jambiers. Fabriqu\u00e9s en silicone \u00e0 100 %, les palmes Edge se mouleront \u00e0 vos pieds au fil du temps, comme si vous enfiliez une nouvelle paire de chaussures.<\/p>\n<\/div>\n","protected":false},"featured_media":49446,"template":"","meta":[],"product_brand":[],"product_cat":[291],"product_tag":[],"class_list":{"0":"post-3600","1":"product","2":"type-product","3":"status-publish","4":"has-post-thumbnail","6":"product_cat-aide-dentrainement","7":"pa_brand-finis","9":"first","10":"instock","11":"shipping-taxable","12":"purchasable","13":"product-type-variable"},"_links":{"self":[{"href":"https:\/\/espacetriathlon.com\/fr\/wp-json\/wp\/v2\/product\/3600","targetHints":{"allow":["GET"]}}],"collection":[{"href":"https:\/\/espacetriathlon.com\/fr\/wp-json\/wp\/v2\/product"}],"about":[{"href":"https:\/\/espacetriathlon.com\/fr\/wp-json\/wp\/v2\/types\/product"}],"version-history":[{"count":2,"href":"https:\/\/espacetriathlon.com\/fr\/wp-json\/wp\/v2\/product\/3600\/revisions"}],"predecessor-version":[{"id":36537,"href":"https:\/\/espacetriathlon.com\/fr\/wp-json\/wp\/v2\/product\/3600\/revisions\/36537"}],"wp:featuredmedia":[{"embeddable":true,"href":"https:\/\/espacetriathlon.com\/fr\/wp-json\/wp\/v2\/media\/49446"}],"wp:attachment":[{"href":"https:\/\/espacetriathlon.com\/fr\/wp-json\/wp\/v2\/media?parent=3600"}],"wp:term":[{"taxonomy":"product_brand","embeddable":true,"href":"https:\/\/espacetriathlon.com\/fr\/wp-json\/wp\/v2\/product_brand?post=3600"},{"taxonomy":"product_cat","embeddable":true,"href":"https:\/\/espacetriathlon.com\/fr\/wp-json\/wp\/v2\/product_cat?post=3600"},{"taxonomy":"product_tag","embeddable":true,"href":"https:\/\/espacetriathlon.com\/fr\/wp-json\/wp\/v2\/product_tag?post=3600"}],"curies":[{"name":"wp","href":"https:\/\/api.w.org\/{rel}","templated":true}]}}