{"id":38164,"date":"2024-07-22T07:00:06","date_gmt":"2024-07-22T07:00:06","guid":{"rendered":"https:\/\/espacetriathlon.com\/product\/killa-confort-goggles\/"},"modified":"2025-06-01T18:34:09","modified_gmt":"2025-06-01T18:34:09","slug":"killa-confort","status":"publish","type":"product","link":"https:\/\/espacetriathlon.com\/fr\/product\/killa-confort\/","title":{"rendered":"KILLA Confort Goggles"},"content":{"rendered":"<p>Perfect fit<\/p>\n<p>Ajustement parfait<\/p>\n<p>Le joint tridimensionnel ergonomique s\u2019adapte \u00e0 votre visage pour une meilleure \u00e9tanch\u00e9it\u00e9 et r\u00e9duit la pression autour de l\u2019\u0153il.<br \/>\nAjustement rapide<\/p>\n<p>Le syst\u00e8me de fermeture par clip de la boucle permet d\u2019ajuster rapidement et facilement la sangle en silicone.<br \/>\nAnti- bu\u00e9e<\/p>\n<p>Le rev\u00eatement ANTI-FOG exclusif de longue dur\u00e9e emp\u00eache la formation de bu\u00e9e et permet une vision nette \u00e0 tout moment.<\/p>\n","protected":false},"excerpt":{"rendered":"<p>Les Killa Comfort sont des lunettes ergonomiques, parfaites pour utiliser \u00e0 diff\u00e9rentes fins. Con\u00e7us avec un silicone doux, agr\u00e9able et confortable, elles adh\u00e8rent tr\u00e8s bien au contour des yeux sans serrer excessivement. De plus, leur ajustement optimal et le large champ de vision qu\u2019elle offrent vous apporteront la confiance n\u00e9cessaire pour nager en eau libre. Les diff\u00e9rents verres disponibles les rendent extr\u00eamement polyvalentes pour tous les types de conditions m\u00e9t\u00e9orologiques.<\/p>\n","protected":false},"featured_media":38159,"template":"","meta":[],"product_brand":[],"product_cat":[282],"product_tag":[],"class_list":{"0":"post-38164","1":"product","2":"type-product","3":"status-publish","4":"has-post-thumbnail","6":"product_cat-lunettes","7":"pa_brand-orca","8":"pa_color_n-black-2","9":"pa_color_n-smoke-black-2","10":"pa_color_n-white-2","12":"first","13":"instock","14":"shipping-taxable","15":"purchasable","16":"product-type-variable"},"_links":{"self":[{"href":"https:\/\/espacetriathlon.com\/fr\/wp-json\/wp\/v2\/product\/38164","targetHints":{"allow":["GET"]}}],"collection":[{"href":"https:\/\/espacetriathlon.com\/fr\/wp-json\/wp\/v2\/product"}],"about":[{"href":"https:\/\/espacetriathlon.com\/fr\/wp-json\/wp\/v2\/types\/product"}],"version-history":[{"count":3,"href":"https:\/\/espacetriathlon.com\/fr\/wp-json\/wp\/v2\/product\/38164\/revisions"}],"predecessor-version":[{"id":58154,"href":"https:\/\/espacetriathlon.com\/fr\/wp-json\/wp\/v2\/product\/38164\/revisions\/58154"}],"wp:featuredmedia":[{"embeddable":true,"href":"https:\/\/espacetriathlon.com\/fr\/wp-json\/wp\/v2\/media\/38159"}],"wp:attachment":[{"href":"https:\/\/espacetriathlon.com\/fr\/wp-json\/wp\/v2\/media?parent=38164"}],"wp:term":[{"taxonomy":"product_brand","embeddable":true,"href":"https:\/\/espacetriathlon.com\/fr\/wp-json\/wp\/v2\/product_brand?post=38164"},{"taxonomy":"product_cat","embeddable":true,"href":"https:\/\/espacetriathlon.com\/fr\/wp-json\/wp\/v2\/product_cat?post=38164"},{"taxonomy":"product_tag","embeddable":true,"href":"https:\/\/espacetriathlon.com\/fr\/wp-json\/wp\/v2\/product_tag?post=38164"}],"curies":[{"name":"wp","href":"https:\/\/api.w.org\/{rel}","templated":true}]}}