{"id":39242,"date":"2024-07-30T11:34:25","date_gmt":"2024-07-30T11:34:25","guid":{"rendered":"https:\/\/espacetriathlon.com\/?post_type=product&#038;p=39242"},"modified":"2026-01-28T16:44:16","modified_gmt":"2026-01-28T16:44:16","slug":"killa-180","status":"publish","type":"product","link":"https:\/\/espacetriathlon.com\/fr\/product\/killa-180\/","title":{"rendered":"Killa 180"},"content":{"rendered":"<p>Les Killa 180\u00ba sont des lunettes de natation haute performance, polyvalentes et ergonomiques. Tr\u00e8s confortables, elles permettent d&#8217;am\u00e9liorer votre a\u00e9rodynamisme et vos performances dans l&#8217;eau. Avec une vision plus nette, ce sont les lunettes id\u00e9ales pour les s\u00e9ances d&#8217;entra\u00eenement comme pour les comp\u00e9titions. Un choix de verres tr\u00e8s \u00e9tendu rend ces lunettes tr\u00e8s polyvalentes pour toutes les conditions climatiques. Un r\u00e9glage optimal qui vous donne la confiance dont vous avez besoin.<\/p>\n","protected":false},"excerpt":{"rendered":"<p>Lunettes de natation ergonomiques et polyvalentes.<\/p>\n","protected":false},"featured_media":38655,"template":"","meta":[],"product_brand":[],"product_cat":[282],"product_tag":[],"class_list":{"0":"post-39242","1":"product","2":"type-product","3":"status-publish","4":"has-post-thumbnail","6":"product_cat-lunettes","7":"pa_brand-orca","8":"pa_color_n-blue-white-2","9":"pa_color_n-clear-black-2","10":"pa_color_n-mirrored-black-2","11":"pa_color_n-mirrored-green-2","12":"pa_color_n-mirrored-orange-2","13":"pa_color_n-smoke-black-2","15":"first","16":"instock","17":"shipping-taxable","18":"purchasable","19":"product-type-variable"},"_links":{"self":[{"href":"https:\/\/espacetriathlon.com\/fr\/wp-json\/wp\/v2\/product\/39242","targetHints":{"allow":["GET"]}}],"collection":[{"href":"https:\/\/espacetriathlon.com\/fr\/wp-json\/wp\/v2\/product"}],"about":[{"href":"https:\/\/espacetriathlon.com\/fr\/wp-json\/wp\/v2\/types\/product"}],"version-history":[{"count":1,"href":"https:\/\/espacetriathlon.com\/fr\/wp-json\/wp\/v2\/product\/39242\/revisions"}],"predecessor-version":[{"id":39249,"href":"https:\/\/espacetriathlon.com\/fr\/wp-json\/wp\/v2\/product\/39242\/revisions\/39249"}],"wp:featuredmedia":[{"embeddable":true,"href":"https:\/\/espacetriathlon.com\/fr\/wp-json\/wp\/v2\/media\/38655"}],"wp:attachment":[{"href":"https:\/\/espacetriathlon.com\/fr\/wp-json\/wp\/v2\/media?parent=39242"}],"wp:term":[{"taxonomy":"product_brand","embeddable":true,"href":"https:\/\/espacetriathlon.com\/fr\/wp-json\/wp\/v2\/product_brand?post=39242"},{"taxonomy":"product_cat","embeddable":true,"href":"https:\/\/espacetriathlon.com\/fr\/wp-json\/wp\/v2\/product_cat?post=39242"},{"taxonomy":"product_tag","embeddable":true,"href":"https:\/\/espacetriathlon.com\/fr\/wp-json\/wp\/v2\/product_tag?post=39242"}],"curies":[{"name":"wp","href":"https:\/\/api.w.org\/{rel}","templated":true}]}}