{"id":39386,"date":"2024-08-03T18:18:48","date_gmt":"2024-08-03T18:18:48","guid":{"rendered":"https:\/\/espacetriathlon.com\/product\/monopalme-foil\/"},"modified":"2026-04-04T15:53:53","modified_gmt":"2026-04-04T15:53:53","slug":"monopalme-foil","status":"publish","type":"product","link":"https:\/\/espacetriathlon.com\/fr\/product\/monopalme-foil\/","title":{"rendered":"Monopalme Foil"},"content":{"rendered":"<div id=\"product-details-features\" class=\"product-details-information-tab-content-container tb-container-col collapse in\" data-type=\"information-content-text\">\n<div class=\"product-details-information-tab-content-container-main\">\n<div class=\"fab-left\">\n<div class=\"col-sm-12\">\n<ul>\n<li><b>DOLPHIN KICK TRAINING:<\/b> Promotes the development of the undulating Foil Body Motion and propulsive dolphin kick<\/li>\n<li><b>INCREASE STRENGTH AND FLEXIBILITY:<\/b> Large surface area works core and leg muscles more than standard fins; Open heel increases range of motion<\/li>\n<li><b>TECHNIQUE CHANNELS:<\/b> Control the flex of the fin and encourages proper undulation<\/li>\n<li><b>COMFORTABLE AND SECURE:<\/b> Fits a wide range of foot sizes, allows for a secure fit; Open toe space creates the most comfortable fit<\/li>\n<li><b>SOFT MONOFIN:<\/b> Rubber blade allows swimmers to safely swim in a lane with multiple people<\/li>\n<\/ul>\n<\/div>\n<\/div>\n<\/div>\n<\/div>\n","protected":false},"excerpt":{"rendered":"<p><span class=\"s1\">La monopalme Foil enseigne le mouvement du corps entier d\u00e9velopp\u00e9 et popularis\u00e9 par l&#8217;entra\u00eeneur Bob Gillett. Le mouvement du corps entier utilise   <\/span>le corps entier pour cr\u00e9er un coup de pied de dauphin puissant et ondulant dans l&#8217;eau. La monopalme Foil favorise une utilisation \u00e9gale des coups de pied vers le haut et vers le bas pour la propulsion tout au long du mouvement du coup de pied de dauphin, augmentant ainsi la force du tronc et des jambes. Le caoutchouc naturel assure un ajustement s\u00fbr et confortable. Tailles xs 35-37 s 38-40 M 41-43 L 44-46 XL 47-49  <\/p>\n","protected":false},"featured_media":39378,"template":"","meta":[],"product_brand":[],"product_cat":[985,291],"product_tag":[],"class_list":{"0":"post-39386","1":"product","2":"type-product","3":"status-publish","4":"has-post-thumbnail","6":"product_cat-apnee","7":"product_cat-aide-dentrainement","8":"pa_brand-finis","9":"pa_size-xs-fr","10":"pa_size-s-fr","11":"pa_size-m-fr","12":"pa_size-l-fr","13":"pa_size-xl-fr","15":"first","16":"instock","17":"shipping-taxable","18":"purchasable","19":"product-type-variable"},"_links":{"self":[{"href":"https:\/\/espacetriathlon.com\/fr\/wp-json\/wp\/v2\/product\/39386","targetHints":{"allow":["GET"]}}],"collection":[{"href":"https:\/\/espacetriathlon.com\/fr\/wp-json\/wp\/v2\/product"}],"about":[{"href":"https:\/\/espacetriathlon.com\/fr\/wp-json\/wp\/v2\/types\/product"}],"version-history":[{"count":0,"href":"https:\/\/espacetriathlon.com\/fr\/wp-json\/wp\/v2\/product\/39386\/revisions"}],"wp:featuredmedia":[{"embeddable":true,"href":"https:\/\/espacetriathlon.com\/fr\/wp-json\/wp\/v2\/media\/39378"}],"wp:attachment":[{"href":"https:\/\/espacetriathlon.com\/fr\/wp-json\/wp\/v2\/media?parent=39386"}],"wp:term":[{"taxonomy":"product_brand","embeddable":true,"href":"https:\/\/espacetriathlon.com\/fr\/wp-json\/wp\/v2\/product_brand?post=39386"},{"taxonomy":"product_cat","embeddable":true,"href":"https:\/\/espacetriathlon.com\/fr\/wp-json\/wp\/v2\/product_cat?post=39386"},{"taxonomy":"product_tag","embeddable":true,"href":"https:\/\/espacetriathlon.com\/fr\/wp-json\/wp\/v2\/product_tag?post=39386"}],"curies":[{"name":"wp","href":"https:\/\/api.w.org\/{rel}","templated":true}]}}