{"id":39490,"date":"2024-08-17T08:30:47","date_gmt":"2024-08-17T08:30:47","guid":{"rendered":"https:\/\/espacetriathlon.com\/product\/restube-active\/"},"modified":"2025-03-10T07:33:36","modified_gmt":"2025-03-10T07:33:36","slug":"restube-active","status":"publish","type":"product","link":"https:\/\/espacetriathlon.com\/fr\/product\/restube-active\/","title":{"rendered":"Restube active"},"content":{"rendered":"<p><span id=\"desc\">Pratique \u00e0 porter en faisant du sport actif :<br \/>Confort de port tr\u00e8s \u00e9lev\u00e9 gr\u00e2ce \u00e0 la possibilit\u00e9 de montage vertical ou horizontal \u00e0 la ceinture. Les nageurs actifs portent Restube par exemple vertical attach\u00e9 dans le dos. La poign\u00e9e de d\u00e9clenchement est tourn\u00e9e vers le bas pour \u00eatre facilement accessible. Pour avoir un positionnement encore plus stable pour les nageurs de longue distance, il suffit de pousser la barre de positionnement dans la &#8221;Active belt&#8221;.<br \/>Attachable aux produits RESTUBE READY :<br \/>De plus en plus de marques rendent leurs produits RESTUBE READY. Gr\u00e2ce \u00e0 cette fonctionnalit\u00e9, vous pouvez connecter votre Restube directement \u00e0 votre maillot de bain ou combinaison pr\u00e9f\u00e9r\u00e9. Retrouvez ici un aper\u00e7u de son fonctionnement et des premi\u00e8res marques partenaires.<br \/>La poign\u00e9e de d\u00e9clenchement sert \u00e9galement de sifflet :<br \/>Sifflez pour attirer l&#8217;attention sur vous.<br \/>Fonction Restube :<br \/>Petit et robuste, toujours \u00e0 port\u00e9e de main<br \/>Assez de flottabilit\u00e9 pour un adulte<br \/>Aussi gonflable \u00e0 la bouche<br \/>R\u00e9utilisable jusqu&#8217;\u00e0 100 fois        <\/span><\/p>\n","protected":false},"excerpt":{"rendered":"<p><span id=\"desc\">Que ce soit autour de l&#8217;eau, en nageant ou en stand up paddle, \u00e0 l&#8217;entra\u00eenement ou en comp\u00e9tition. Portez-le simplement dans la poche compacte pour vous concentrer encore plus sur le moment. Appuyez sur la g\u00e2chette et la bou\u00e9e Restube jaune se gonfle en quelques secondes. Restube active offre une flottabilit\u00e9 suffisante (75N) pour les adultes, il suffit de se pencher dessus pour sortir la t\u00eate de l&#8217;eau. Agitez la bou\u00e9e pour attirer l&#8217;attention ou faites-la glisser derri\u00e8re vous. Vous pouvez \u00e9galement partager la flottabilit\u00e9 avec d&#8217;autres, ce qui en fait le compagnon id\u00e9al en eau libre. Il est r\u00e9utilisable en vissant une nouvelle cartouche CO2 originale de 16g et tr\u00e8s facile \u00e0 reconditionner.      <\/span><\/p>\n","protected":false},"featured_media":39482,"template":"","meta":[],"product_brand":[],"product_cat":[1711,270],"product_tag":[],"class_list":{"0":"post-39490","1":"product","2":"type-product","3":"status-publish","4":"has-post-thumbnail","6":"product_cat-accessories-tri-3","7":"product_cat-openwater-fr","8":"pa_brand-restube","10":"first","11":"instock","12":"shipping-taxable","13":"purchasable","14":"product-type-simple"},"_links":{"self":[{"href":"https:\/\/espacetriathlon.com\/fr\/wp-json\/wp\/v2\/product\/39490","targetHints":{"allow":["GET"]}}],"collection":[{"href":"https:\/\/espacetriathlon.com\/fr\/wp-json\/wp\/v2\/product"}],"about":[{"href":"https:\/\/espacetriathlon.com\/fr\/wp-json\/wp\/v2\/types\/product"}],"version-history":[{"count":0,"href":"https:\/\/espacetriathlon.com\/fr\/wp-json\/wp\/v2\/product\/39490\/revisions"}],"wp:featuredmedia":[{"embeddable":true,"href":"https:\/\/espacetriathlon.com\/fr\/wp-json\/wp\/v2\/media\/39482"}],"wp:attachment":[{"href":"https:\/\/espacetriathlon.com\/fr\/wp-json\/wp\/v2\/media?parent=39490"}],"wp:term":[{"taxonomy":"product_brand","embeddable":true,"href":"https:\/\/espacetriathlon.com\/fr\/wp-json\/wp\/v2\/product_brand?post=39490"},{"taxonomy":"product_cat","embeddable":true,"href":"https:\/\/espacetriathlon.com\/fr\/wp-json\/wp\/v2\/product_cat?post=39490"},{"taxonomy":"product_tag","embeddable":true,"href":"https:\/\/espacetriathlon.com\/fr\/wp-json\/wp\/v2\/product_tag?post=39490"}],"curies":[{"name":"wp","href":"https:\/\/api.w.org\/{rel}","templated":true}]}}