{"id":39503,"date":"2024-08-17T09:03:40","date_gmt":"2024-08-17T09:03:40","guid":{"rendered":"https:\/\/espacetriathlon.com\/?post_type=product&#038;p=39503"},"modified":"2024-08-17T09:05:48","modified_gmt":"2024-08-17T09:05:48","slug":"explorer-backpack","status":"publish","type":"product","link":"https:\/\/espacetriathlon.com\/fr\/product\/explorer-backpack\/","title":{"rendered":"Explorer Backpack"},"content":{"rendered":"<div id=\"productAccordion\" class=\"accordion\">\n<div class=\"accordion-item\">\n<p id=\"headingOne\" class=\"accordion-header\">Confortable<br \/>\nLa zone lombaire douce et ergonomique assure un confort optimal.<br \/>\nSpacieux<br \/>\nPlusieurs compartiments transportent efficacement les outils et accessoires.<br \/>\nSac \u00e9tanche et trousse de toilette<br \/>\nComprend un sac \u00e9tanche pour un transport propre et pratique des combinaisons et des n\u00e9opr\u00e8nes, ainsi qu&#8217;une trousse de toilette pour la cire de planche de surf, la cr\u00e8me solaire et d&#8217;autres petits objets.<br \/>\nVoyage<br \/>\nR\u00e9pond aux dimensions des bagages \u00e0 main de la plupart des compagnies a\u00e9riennes.<\/p>\n<\/div>\n<\/div>\n","protected":false},"excerpt":{"rendered":"<p>Dot\u00e9 d&#8217;un bas du dos doux, le sac \u00e0 dos Explorer est un compagnon confortable pour toutes vos aventures en plein air. Avec ses grands compartiments, dont un emplacement d\u00e9di\u00e9 pour votre ordinateur portable et un sac \u00e9tanche pour vos combinaisons, il offre une organisation sans pr\u00e9c\u00e9dent. Des compartiments suppl\u00e9mentaires peuvent accueillir de petits objets essentiels comme des lunettes de soleil ou des palmes, tandis que le contenant de toilette int\u00e9gr\u00e9 permet de garder la cire et la cr\u00e8me solaire pour planche de surf \u00e0 port\u00e9e de main. Dot\u00e9 de bretelles en bas, il est parfait pour transporter une couche suppl\u00e9mentaire comme une serviette poncho en coton.<br \/>\nDe plus, le sac \u00e0 dos Explorer r\u00e9pond aux dimensions des bagages \u00e0 main de la plupart des compagnies a\u00e9riennes, ce qui en fait un article sans tracas lorsque vous voyagez.<\/p>\n","protected":false},"featured_media":39495,"template":"","meta":[],"product_brand":[],"product_cat":[325],"product_tag":[],"class_list":{"0":"post-39503","1":"product","2":"type-product","3":"status-publish","4":"has-post-thumbnail","6":"product_cat-sacs-sportifs","7":"pa_brand-orca","9":"first","10":"instock","11":"shipping-taxable","12":"purchasable","13":"product-type-simple"},"_links":{"self":[{"href":"https:\/\/espacetriathlon.com\/fr\/wp-json\/wp\/v2\/product\/39503","targetHints":{"allow":["GET"]}}],"collection":[{"href":"https:\/\/espacetriathlon.com\/fr\/wp-json\/wp\/v2\/product"}],"about":[{"href":"https:\/\/espacetriathlon.com\/fr\/wp-json\/wp\/v2\/types\/product"}],"version-history":[{"count":1,"href":"https:\/\/espacetriathlon.com\/fr\/wp-json\/wp\/v2\/product\/39503\/revisions"}],"predecessor-version":[{"id":39504,"href":"https:\/\/espacetriathlon.com\/fr\/wp-json\/wp\/v2\/product\/39503\/revisions\/39504"}],"wp:featuredmedia":[{"embeddable":true,"href":"https:\/\/espacetriathlon.com\/fr\/wp-json\/wp\/v2\/media\/39495"}],"wp:attachment":[{"href":"https:\/\/espacetriathlon.com\/fr\/wp-json\/wp\/v2\/media?parent=39503"}],"wp:term":[{"taxonomy":"product_brand","embeddable":true,"href":"https:\/\/espacetriathlon.com\/fr\/wp-json\/wp\/v2\/product_brand?post=39503"},{"taxonomy":"product_cat","embeddable":true,"href":"https:\/\/espacetriathlon.com\/fr\/wp-json\/wp\/v2\/product_cat?post=39503"},{"taxonomy":"product_tag","embeddable":true,"href":"https:\/\/espacetriathlon.com\/fr\/wp-json\/wp\/v2\/product_tag?post=39503"}],"curies":[{"name":"wp","href":"https:\/\/api.w.org\/{rel}","templated":true}]}}