{"id":39936,"date":"2024-09-26T19:16:23","date_gmt":"2024-09-26T19:16:23","guid":{"rendered":"https:\/\/espacetriathlon.com\/product\/fastskin-lzr-racer-element-jammer-black\/"},"modified":"2024-09-26T19:16:23","modified_gmt":"2024-09-26T19:16:23","slug":"fastskin-lzr-racer-element-jammer-black","status":"publish","type":"product","link":"https:\/\/espacetriathlon.com\/fr\/product\/fastskin-lzr-racer-element-jammer-black\/","title":{"rendered":"Fastskin LZR Racer Element Jammer Black"},"content":{"rendered":"<p>La taille est sp\u00e9cifique \u00e0 cet article et ne correspondra pas \u00e0 votre taille de v\u00eatement habituelle. Con\u00e7ue pour les courses de comp\u00e9tition, la LZR Racer Element en noir et cuivre a \u00e9t\u00e9 d\u00e9velopp\u00e9e pour cr\u00e9er une forme a\u00e9rodynamique dans l&#8217;eau.<br \/>\nSon tissu l\u00e9ger pr\u00e9sente un excellent niveau d&#8217;\u00e9lasticit\u00e9, ce qui permet \u00e0 la combinaison d&#8217;\u00eatre confortable et de ressembler \u00e0 une seconde peau, tandis que son design offre une grande flexibilit\u00e9.<br \/>\nCe produit a \u00e9t\u00e9 enti\u00e8rement approuv\u00e9 par la FINA pour la comp\u00e9tition.<br \/>\nLes coutures coll\u00e9es et les pinces en silicone ont toutes \u00e9t\u00e9 con\u00e7ues dans un souci de confort et de comp\u00e9tition.<br \/>\nCaract\u00e9ristiques : LZR EnduroFlex &#8211; Ce tissu tricot\u00e9 combine compression et libert\u00e9 de mouvement Doublures int\u00e9rieures coll\u00e9es pour des bords nets, \u00e9liminant les lignes de couture ind\u00e9sirables Ourlets de jambe coll\u00e9s avec pinces en silicone pour un ajustement confortable et s\u00fbr Offre des sp\u00e9cifications techniques de combinaison de course \u00e0 un excellent rapport qualit\u00e9\/prix.    <\/p>\n","protected":false},"excerpt":{"rendered":"<p>Speedo Fina Approved Speedo Race Suit<\/p>\n","protected":false},"featured_media":39932,"template":"","meta":[],"product_brand":[],"product_cat":[2195,837],"product_tag":[],"class_list":{"0":"post-39936","1":"product","2":"type-product","3":"status-publish","4":"has-post-thumbnail","6":"product_cat-liquidations","7":"product_cat-maillots-competition","8":"pa_brand-speedo","10":"first","11":"instock","12":"sale","13":"shipping-taxable","14":"purchasable","15":"product-type-variable"},"_links":{"self":[{"href":"https:\/\/espacetriathlon.com\/fr\/wp-json\/wp\/v2\/product\/39936","targetHints":{"allow":["GET"]}}],"collection":[{"href":"https:\/\/espacetriathlon.com\/fr\/wp-json\/wp\/v2\/product"}],"about":[{"href":"https:\/\/espacetriathlon.com\/fr\/wp-json\/wp\/v2\/types\/product"}],"version-history":[{"count":0,"href":"https:\/\/espacetriathlon.com\/fr\/wp-json\/wp\/v2\/product\/39936\/revisions"}],"wp:featuredmedia":[{"embeddable":true,"href":"https:\/\/espacetriathlon.com\/fr\/wp-json\/wp\/v2\/media\/39932"}],"wp:attachment":[{"href":"https:\/\/espacetriathlon.com\/fr\/wp-json\/wp\/v2\/media?parent=39936"}],"wp:term":[{"taxonomy":"product_brand","embeddable":true,"href":"https:\/\/espacetriathlon.com\/fr\/wp-json\/wp\/v2\/product_brand?post=39936"},{"taxonomy":"product_cat","embeddable":true,"href":"https:\/\/espacetriathlon.com\/fr\/wp-json\/wp\/v2\/product_cat?post=39936"},{"taxonomy":"product_tag","embeddable":true,"href":"https:\/\/espacetriathlon.com\/fr\/wp-json\/wp\/v2\/product_tag?post=39936"}],"curies":[{"name":"wp","href":"https:\/\/api.w.org\/{rel}","templated":true}]}}