{"id":39966,"date":"2024-09-26T19:42:11","date_gmt":"2024-09-26T19:42:11","guid":{"rendered":"https:\/\/espacetriathlon.com\/product\/fastskin-lzr-intent-openback-kneeskin-blue\/"},"modified":"2024-09-26T19:42:11","modified_gmt":"2024-09-26T19:42:11","slug":"fastskin-lzr-intent-openback-kneeskin-blue","status":"publish","type":"product","link":"https:\/\/espacetriathlon.com\/fr\/product\/fastskin-lzr-intent-openback-kneeskin-blue\/","title":{"rendered":"Fastskin LZR Intent openback kneeskin Blue"},"content":{"rendered":"<div id=\"description\" class=\"data item content\" role=\"tabpanel\" aria-labelledby=\"tab-label-description\" data-role=\"content\" aria-hidden=\"false\">\n<div class=\"product attribute description\">\n<div class=\"value\"> Sentez-vous inarr\u00eatable en portant la derni\u00e8re innovation de Speedo d\u00e9velopp\u00e9e par des nageurs pour des nageurs. Le Fastskin LZR Pure Intent Openback Kneeskin avec l&#8217;impression &#8221; Stealth Hex &#8221; comporte deux couches compressives et des coutures ergonomiques con\u00e7ues pour relier les groupes musculaires cl\u00e9s afin d&#8217;augmenter la puissance de la nage. Les zones de tissu textur\u00e9 visent \u00e0 r\u00e9duire la tra\u00een\u00e9e pour que vous tiriez le meilleur parti de votre nage, et la construction en trois tissus avec coutures coll\u00e9es a \u00e9t\u00e9 con\u00e7ue pour permettre une plus grande libert\u00e9 de mouvement. Le dos ouvert offre une plus grande libert\u00e9 de mouvement et peut \u00eatre pr\u00e9f\u00e9r\u00e9 par les nageurs au dos vo\u00fbt\u00e9.    Ce produit a \u00e9t\u00e9 enti\u00e8rement approuv\u00e9 par la FINA. <strong>Caract\u00e9ristiques :<\/strong><\/p>\n<ul>\n<li>Deux couches compressives et des coutures ergonomiques con\u00e7ues pour relier les groupes musculaires cl\u00e9s afin d&#8217;augmenter la puissance.<\/li>\n<li>Construction triple tissu avec coutures coll\u00e9es con\u00e7ue pour une plus grande amplitude de mouvement<\/li>\n<li>De nouvelles zones de tissu textur\u00e9 visent \u00e0 r\u00e9duire la tra\u00een\u00e9e pour des performances optimales.<\/li>\n<li>Sangles de pr\u00e9cision pour un meilleur confort<\/li>\n<li>La nouvelle construction avec des zones flexibles facilite l&#8217;enfilage du costume<\/li>\n<li>Approuv\u00e9 par la F\u00e9d\u00e9ration internationale d&#8217;aquatique (FINA)<\/li>\n<\/ul>\n<\/div>\n<\/div>\n<\/div>\n","protected":false},"excerpt":{"rendered":"<p>Speedo Fina approuv\u00e9<\/p>\n","protected":false},"featured_media":39958,"template":"","meta":[],"product_brand":[],"product_cat":[2195,837],"product_tag":[],"class_list":{"0":"post-39966","1":"product","2":"type-product","3":"status-publish","4":"has-post-thumbnail","6":"product_cat-liquidations","7":"product_cat-maillots-competition","8":"pa_brand-speedo","10":"first","11":"instock","12":"sale","13":"shipping-taxable","14":"purchasable","15":"product-type-variable"},"_links":{"self":[{"href":"https:\/\/espacetriathlon.com\/fr\/wp-json\/wp\/v2\/product\/39966","targetHints":{"allow":["GET"]}}],"collection":[{"href":"https:\/\/espacetriathlon.com\/fr\/wp-json\/wp\/v2\/product"}],"about":[{"href":"https:\/\/espacetriathlon.com\/fr\/wp-json\/wp\/v2\/types\/product"}],"version-history":[{"count":0,"href":"https:\/\/espacetriathlon.com\/fr\/wp-json\/wp\/v2\/product\/39966\/revisions"}],"wp:featuredmedia":[{"embeddable":true,"href":"https:\/\/espacetriathlon.com\/fr\/wp-json\/wp\/v2\/media\/39958"}],"wp:attachment":[{"href":"https:\/\/espacetriathlon.com\/fr\/wp-json\/wp\/v2\/media?parent=39966"}],"wp:term":[{"taxonomy":"product_brand","embeddable":true,"href":"https:\/\/espacetriathlon.com\/fr\/wp-json\/wp\/v2\/product_brand?post=39966"},{"taxonomy":"product_cat","embeddable":true,"href":"https:\/\/espacetriathlon.com\/fr\/wp-json\/wp\/v2\/product_cat?post=39966"},{"taxonomy":"product_tag","embeddable":true,"href":"https:\/\/espacetriathlon.com\/fr\/wp-json\/wp\/v2\/product_tag?post=39966"}],"curies":[{"name":"wp","href":"https:\/\/api.w.org\/{rel}","templated":true}]}}