{"id":39992,"date":"2024-09-26T20:03:18","date_gmt":"2024-09-26T20:03:18","guid":{"rendered":"https:\/\/espacetriathlon.com\/product\/tuba-central-flamme-bleue\/"},"modified":"2024-09-26T20:03:18","modified_gmt":"2024-09-26T20:03:18","slug":"tuba-central-flamme-bleue","status":"publish","type":"product","link":"https:\/\/espacetriathlon.com\/fr\/product\/tuba-central-flamme-bleue\/","title":{"rendered":"Tuba central Flamme bleue"},"content":{"rendered":"<p id=\"js-description\" class=\"txt-base descripcion-length\"><span id=\"desc\">Caract\u00e9ristiques :<\/span><\/p>\n<p>  &#8211; Id\u00e9al pour pratiquer la position t\u00eate en bas n\u00e9cessaire pour le papillon et le freestyle &#8211; Convient pour une utilisation avec un masque ou des lunettes de protection &#8211; Sangle de t\u00eate Speed Fit pour un ajustement rapide et facile &#8211; Motif multicolore vibrant pour se d\u00e9marquer de la foule Sp\u00e9cifications : &#8211; Mat\u00e9riau : Polycarbonate\/tpe\/silicone<\/p>\n","protected":false},"excerpt":{"rendered":"<p><span id=\"desc\">D\u00e9marquez-vous lors des entra\u00eenements en club en utilisant le tuba central \u00e0 motifs.<br \/>\nTr\u00e8s utile pour les exercices techniques, le tuba central vous \u00e9vite de tourner la t\u00eate pour respirer, ce qui vous permet de vous concentrer sur votre technique et l&#8217;alignement de votre corps.<br \/>\nId\u00e9al pour les nageurs de nage libre et de papillon qui souhaitent perfectionner leur positionnement t\u00eate en bas, le tuba peut \u00eatre utilis\u00e9 avec des lunettes ou un masque et comprend une sangle de t\u00eate Speed Fit pour un ajustement rapide et facile.  <\/span><\/p>\n<p>&nbsp;<\/p>\n","protected":false},"featured_media":39979,"template":"","meta":[],"product_brand":[],"product_cat":[2195,291],"product_tag":[],"class_list":{"0":"post-39992","1":"product","2":"type-product","3":"status-publish","4":"has-post-thumbnail","6":"product_cat-liquidations","7":"product_cat-aide-dentrainement","8":"pa_brand-speedo","10":"first","11":"instock","12":"sale","13":"shipping-taxable","14":"purchasable","15":"product-type-simple"},"_links":{"self":[{"href":"https:\/\/espacetriathlon.com\/fr\/wp-json\/wp\/v2\/product\/39992","targetHints":{"allow":["GET"]}}],"collection":[{"href":"https:\/\/espacetriathlon.com\/fr\/wp-json\/wp\/v2\/product"}],"about":[{"href":"https:\/\/espacetriathlon.com\/fr\/wp-json\/wp\/v2\/types\/product"}],"version-history":[{"count":0,"href":"https:\/\/espacetriathlon.com\/fr\/wp-json\/wp\/v2\/product\/39992\/revisions"}],"wp:featuredmedia":[{"embeddable":true,"href":"https:\/\/espacetriathlon.com\/fr\/wp-json\/wp\/v2\/media\/39979"}],"wp:attachment":[{"href":"https:\/\/espacetriathlon.com\/fr\/wp-json\/wp\/v2\/media?parent=39992"}],"wp:term":[{"taxonomy":"product_brand","embeddable":true,"href":"https:\/\/espacetriathlon.com\/fr\/wp-json\/wp\/v2\/product_brand?post=39992"},{"taxonomy":"product_cat","embeddable":true,"href":"https:\/\/espacetriathlon.com\/fr\/wp-json\/wp\/v2\/product_cat?post=39992"},{"taxonomy":"product_tag","embeddable":true,"href":"https:\/\/espacetriathlon.com\/fr\/wp-json\/wp\/v2\/product_tag?post=39992"}],"curies":[{"name":"wp","href":"https:\/\/api.w.org\/{rel}","templated":true}]}}